{"id":97560,"date":"2024-08-21T19:29:11","date_gmt":"2024-08-21T17:29:11","guid":{"rendered":"https:\/\/secureus.se\/?post_type=product&#038;p=97560"},"modified":"2026-04-23T12:03:20","modified_gmt":"2026-04-23T10:03:20","slug":"trycke-new-york-38-70mm-mattkrom","status":"publish","type":"product","link":"https:\/\/secureus.se\/fi\/trycke-new-york-38-70mm-mattkrom\/","title":{"rendered":"Ovenkahva Push New York 38-70mm Matt Chrome \u2013 Habo"},"content":{"rendered":"<p>\nHabon ovenkahva New York on tyylik\u00e4s ja kompakti kahva, jossa on moderni muotoilu. Valmistettu messingist\u00e4 ja tarkoitettu modulaarisilla lukkolaatikoilla varustettuihin etuoviin. Kaksitoimisen palautusjousen ansiosta kahva toimii my\u00f6s lukkokoteloiden kanssa, joissa lukitus tapahtuu kahvaa nostamalla. Saatavana my\u00f6s oven sis\u00e4kahvana.<\/p>\n<div><b>Ominaisuudet:<\/b>\u00a0<\/div>\n<div>\n<ul>\n<li>Sopii 38-70 mm oviin.\u00a0<\/li>\n<li>Ulkonema 60 mm.<\/li>\n<li>Kaksitoimisella palautusjousella.<\/li>\n<li>Sopii Connect \/ Classic -moduulilukkokoteloon<\/li>\n<li>Ei sovi lukkokoteloon ABLOY 2014 tai vastaavaan sis\u00e4ovilaatikkoon<\/li>\n<\/ul>\n<\/div>","protected":false},"excerpt":{"rendered":"<p>Habon ovenkahva New York on tyylik\u00e4s ja kompakti kahva, jossa on moderni muotoilu. Valmistettu messingist\u00e4 ja tarkoitettu modulaarisilla lukkolaatikoilla varustettuihin etuoviin. Kaksitoimisen palautusjousen ansiosta kahva toimii<\/p>","protected":false},"featured_media":136889,"template":"","meta":{"_acf_changed":false},"product_brand":[],"product_cat":[4124,4125],"product_tag":[],"class_list":{"0":"post-97560","1":"product","2":"type-product","3":"status-publish","4":"has-post-thumbnail","6":"product_cat-dorrhandtag-innerdorr","7":"product_cat-dorrhandtag-ytterdorr","8":"product_shipping_class-postnord-varubrev","9":"pa_brands-habo","10":"tm-no-options","12":"first","13":"onbackorder","14":"sale","15":"taxable","16":"shipping-taxable","17":"purchasable","18":"product-type-simple"},"acf":[],"_links":{"self":[{"href":"https:\/\/secureus.se\/fi\/wp-json\/wp\/v2\/product\/97560","targetHints":{"allow":["GET"]}}],"collection":[{"href":"https:\/\/secureus.se\/fi\/wp-json\/wp\/v2\/product"}],"about":[{"href":"https:\/\/secureus.se\/fi\/wp-json\/wp\/v2\/types\/product"}],"wp:featuredmedia":[{"embeddable":true,"href":"https:\/\/secureus.se\/fi\/wp-json\/wp\/v2\/media\/136889"}],"wp:attachment":[{"href":"https:\/\/secureus.se\/fi\/wp-json\/wp\/v2\/media?parent=97560"}],"wp:term":[{"taxonomy":"product_brand","embeddable":true,"href":"https:\/\/secureus.se\/fi\/wp-json\/wp\/v2\/product_brand?post=97560"},{"taxonomy":"product_cat","embeddable":true,"href":"https:\/\/secureus.se\/fi\/wp-json\/wp\/v2\/product_cat?post=97560"},{"taxonomy":"product_tag","embeddable":true,"href":"https:\/\/secureus.se\/fi\/wp-json\/wp\/v2\/product_tag?post=97560"}],"curies":[{"name":"wp","href":"https:\/\/api.w.org\/{rel}","templated":true}]}}