{"id":97564,"date":"2024-08-21T19:29:11","date_gmt":"2024-08-21T17:29:11","guid":{"rendered":"https:\/\/secureus.se\/?post_type=product&#038;p=97564"},"modified":"2026-04-23T12:03:12","modified_gmt":"2026-04-23T10:03:12","slug":"trycke-basics-lb2-19s-mattsvart","status":"publish","type":"product","link":"https:\/\/secureus.se\/fi\/trycke-basics-lb2-19s-mattsvart\/","title":{"rendered":"Ovenkahvan ty\u00f6nt\u00f6 BASICS LB2-19S Mattamusta \u2013 FORMANI"},"content":{"rendered":"<div>FORMANI LB2-19S on BASICS-sarjan ovenkahva, joka on sovitettu skandinaaviseen standardilukkokoteloon. LB2-19S:st\u00e4 puuttuu kiinte\u00e4 palautusjousi, joten sit\u00e4 voidaan k\u00e4ytt\u00e4\u00e4 sek\u00e4 sis\u00e4ovien lukoissa, modulaarisissa lukoissa ett\u00e4 DIN-lukoissa. Lis\u00e4varusteina on saatavana avainlevy, peitelevy ja wc-tarvikkeet sek\u00e4 palautusjousi, pidempi ruuvi ja puristustanko paksummille oville.<\/div>\n<div>BASICS sis\u00e4lt\u00e4\u00e4 erilaisia malleja, jotka sopivat kaikkiin budjetteihin. N\u00e4m\u00e4 ovat yht\u00e4 huomaamattomia, yksinkertaisia ja siistej\u00e4 kuin ylellisi\u00e4kin. Minimalistisen ilmeens\u00e4 ansiosta BASICS-sarja sopii t\u00e4ydellisesti rakastettuun skandinaaviseen tyyliin (tunnetaan my\u00f6s nimell\u00e4 Nordic Style). FORMANIN avulla on mahdollista saada yhten\u00e4inen muotoilu kalusteisiin koko taloon, asuntoon tai projektiisi. BASICS-sarjaan kuuluvat ovi-, ikkuna- ja huonekaluhelat.<\/div>\n<div><\/div>\n<div><b>Ominaisuudet:<\/b><\/div>\n<div>\n<ul>\n<li>Suunnittelija: FORMANI<\/li>\n<li>Ruusukkeen halkaisija: 53 mm<\/li>\n<li>Oven paksuudelle 60 mm asti<\/li>\n<li>Ilman palautusjousta (saatavana lis\u00e4varusteena)<\/li>\n<li>Piilotettu kiinnitys<\/li>\n<li>Sopii moduuli- ja pieniin sis\u00e4ovien lukkokoteloihin 2014<\/li>\n<li>C\/C-kiinnitys 30 &amp; 38 mm<\/li>\n<li>Valmistettu ruostumattomasta ter\u00e4ksest\u00e4<\/li>\n<li>Saatavana pronssina, mattamustana, PVD-mattamustana, PVD-mattakullana, PVD-metallina, valkoinen ja kiillotettu ja mattapintainen harjattu ruostumaton ter\u00e4s<\/li>\n<\/ul>\n<\/div>\n<div><\/div>\n<div><b>Paketti sis\u00e4lt\u00e4\u00e4:<\/b><\/div>\n<div>\n<ul>\n<li>2 kpl. Puristuspuolikkaat (kahvat)<\/li>\n<li>2 kpl. Paineruuvi M4x60 mm (kierreruuvi)<\/li>\n<li>2 kpl. Holkkimutteri M4<\/li>\n<li>1 kpl Puristustappi 8x8x100 mm<\/li>\n<li>4 kpl. Puuruuvi<\/li>\n<li>1 kpl Kuusiokoloavain<\/li>\n<\/ul>\n<\/div>","protected":false},"excerpt":{"rendered":"<p>FORMANI LB2-19S on BASICS-sarjan ovenkahva, joka on sovitettu skandinaaviseen standardilukkokoteloon. LB2-19S:st\u00e4 puuttuu kiinte\u00e4 palautusjousi, joten sit\u00e4 voidaan k\u00e4ytt\u00e4\u00e4 sek\u00e4 sis\u00e4ovien lukoissa, modulaarisissa lukoissa ett\u00e4 DIN-lukoissa.<\/p>","protected":false},"featured_media":136875,"template":"","meta":{"_acf_changed":false},"product_brand":[],"product_cat":[4124],"product_tag":[],"class_list":{"0":"post-97564","1":"product","2":"type-product","3":"status-publish","4":"has-post-thumbnail","6":"product_cat-dorrhandtag-innerdorr","7":"product_shipping_class-postnord-varubrev","8":"pa_brands-formani","9":"tm-no-options","11":"first","12":"instock","13":"sale","14":"taxable","15":"shipping-taxable","16":"purchasable","17":"product-type-simple"},"acf":[],"_links":{"self":[{"href":"https:\/\/secureus.se\/fi\/wp-json\/wp\/v2\/product\/97564","targetHints":{"allow":["GET"]}}],"collection":[{"href":"https:\/\/secureus.se\/fi\/wp-json\/wp\/v2\/product"}],"about":[{"href":"https:\/\/secureus.se\/fi\/wp-json\/wp\/v2\/types\/product"}],"wp:featuredmedia":[{"embeddable":true,"href":"https:\/\/secureus.se\/fi\/wp-json\/wp\/v2\/media\/136875"}],"wp:attachment":[{"href":"https:\/\/secureus.se\/fi\/wp-json\/wp\/v2\/media?parent=97564"}],"wp:term":[{"taxonomy":"product_brand","embeddable":true,"href":"https:\/\/secureus.se\/fi\/wp-json\/wp\/v2\/product_brand?post=97564"},{"taxonomy":"product_cat","embeddable":true,"href":"https:\/\/secureus.se\/fi\/wp-json\/wp\/v2\/product_cat?post=97564"},{"taxonomy":"product_tag","embeddable":true,"href":"https:\/\/secureus.se\/fi\/wp-json\/wp\/v2\/product_tag?post=97564"}],"curies":[{"name":"wp","href":"https:\/\/api.w.org\/{rel}","templated":true}]}}