{"id":97576,"date":"2024-08-21T19:29:12","date_gmt":"2024-08-21T17:29:12","guid":{"rendered":"https:\/\/secureus.se\/?post_type=product&#038;p=97576"},"modified":"2026-04-23T12:02:49","modified_gmt":"2026-04-23T10:02:49","slug":"trycke-696-40-75mm-nickel","status":"publish","type":"product","link":"https:\/\/secureus.se\/fi\/trycke-696-40-75mm-nickel\/","title":{"rendered":"Oven kahva Trycke 696 40-75mm Nikkeli \u2013 Assa Abloy"},"content":{"rendered":"<p>ASSA ABLOY 696 on klassinen 1950- ja 1960-luvun ovenkahva, jossa on huomaamaton ja hyvin tehty muotoilu. Teht\u00e4v\u00e4 on t\u00e4rke\u00e4, mutta ihmisest\u00e4 huolehtiminen on silti selv\u00e4\u00e4. Kahva on siksi ajaton ja sopii kaikkialle. 696 on ilman palautusjousta ja kuuluu ASSA ABLOY Classic -sarjaan. Ulko- ja sis\u00e4oviin.<\/p>\n<div><\/div>\n<div>\n<b>Ominaisuudet:<\/b><\/div>\n<div>\n<ul>\n<li>Materiaali: Messinki<\/li>\n<li>Pintak\u00e4sittelyt; Prioni, nikkeli, kromi, mattakromi, kiillotettu messinki, harjattu messinki, mattamusta MIRUS<\/li>\n<li>Vakiotoimitus 40-75 mm ovelle<\/li>\n<li>Ruusuke: \u00d8 52 mm<\/li>\n<li>Ilman palautusjousta ruusukkeessa, mik\u00e4 tarkoittaa, ett\u00e4 se sopii my\u00f6s sis\u00e4ovien lukkoon tyyppi 2014<\/li>\n<li>Sopii moduuli- ja pieniin sis\u00e4ovien lukkokoteloihin<\/li>\n<\/ul>\n<p><b>Paketti sis\u00e4lt\u00e4\u00e4:<\/b><\/p>\n<ul>\n<li>2 kpl. Puristuspuolikkaat (kahvat).<\/li>\n<li>2 kpl. Paineruuvit M5. (k\u00e4\u00e4nn\u00e4 ruuvia)<\/li>\n<li>2 O-rengasta.<\/li>\n<li>2 kpl. Holkkimutteri M5.<\/li>\n<li>2 kpl. Painetapit 8x8x102 mm ja 8x8x120 mm.<\/li>\n<\/ul>\n<\/div>","protected":false},"excerpt":{"rendered":"<p>ASSA ABLOY 696 on klassinen 1950- ja 1960-luvun ovenkahva, jossa on huomaamaton ja hyvin tehty muotoilu. Teht\u00e4v\u00e4 on t\u00e4rke\u00e4, mutta ihmisest\u00e4 huolehtiminen on silti selv\u00e4\u00e4. Kahva on siis<\/p>","protected":false},"featured_media":159495,"template":"","meta":{"_acf_changed":false},"product_brand":[],"product_cat":[4124],"product_tag":[],"class_list":{"0":"post-97576","1":"product","2":"type-product","3":"status-publish","4":"has-post-thumbnail","6":"product_cat-dorrhandtag-innerdorr","7":"product_shipping_class-postnord-varubrev","8":"pa_brands-abloy","9":"tm-no-options","11":"first","12":"instock","13":"sale","14":"taxable","15":"shipping-taxable","16":"purchasable","17":"product-type-simple"},"acf":[],"_links":{"self":[{"href":"https:\/\/secureus.se\/fi\/wp-json\/wp\/v2\/product\/97576","targetHints":{"allow":["GET"]}}],"collection":[{"href":"https:\/\/secureus.se\/fi\/wp-json\/wp\/v2\/product"}],"about":[{"href":"https:\/\/secureus.se\/fi\/wp-json\/wp\/v2\/types\/product"}],"wp:featuredmedia":[{"embeddable":true,"href":"https:\/\/secureus.se\/fi\/wp-json\/wp\/v2\/media\/159495"}],"wp:attachment":[{"href":"https:\/\/secureus.se\/fi\/wp-json\/wp\/v2\/media?parent=97576"}],"wp:term":[{"taxonomy":"product_brand","embeddable":true,"href":"https:\/\/secureus.se\/fi\/wp-json\/wp\/v2\/product_brand?post=97576"},{"taxonomy":"product_cat","embeddable":true,"href":"https:\/\/secureus.se\/fi\/wp-json\/wp\/v2\/product_cat?post=97576"},{"taxonomy":"product_tag","embeddable":true,"href":"https:\/\/secureus.se\/fi\/wp-json\/wp\/v2\/product_tag?post=97576"}],"curies":[{"name":"wp","href":"https:\/\/api.w.org\/{rel}","templated":true}]}}