{"id":97580,"date":"2024-08-21T19:29:12","date_gmt":"2024-08-21T17:29:12","guid":{"rendered":"https:\/\/secureus.se\/?post_type=product&#038;p=97580"},"modified":"2026-04-08T15:39:19","modified_gmt":"2026-04-08T13:39:19","slug":"trycke-8650-30-75mm-matt-rostfritt","status":"publish","type":"product","link":"https:\/\/secureus.se\/fi\/trycke-8650-30-75mm-matt-rostfritt\/","title":{"rendered":"Oven kahva Trycke 8650 30-75mm Matt ruostumaton \u2013 Assa Abloy"},"content":{"rendered":"<p>Ovenkahva 8650 on osa ASSA ABLOY:n ruostumattomasta ter\u00e4ksest\u00e4 valmistettujen kahvojen, vetokahvojen ja lis\u00e4varusteiden sarjaa. Soveltuu eritt\u00e4in hyvin nykyaikaisiin julkisiin esinetyyppeihin, esim. laitoksiin, toimistoihin ymp\u00e4rist\u00f6iss\u00e4, joissa on korkeat hygieniavaatimukset. Ruostumaton materiaali on kest\u00e4v\u00e4\u00e4 ja suojaa korroosiolta ja ilmansaasteilta. Soveltuu ulko-oviin, ulko-oviin ja modulaarisilla lukoilla varustettuihin sis\u00e4oviin.<\/p>\n<div><b>Ominaisuudet:<\/b><\/div>\n<div>\n<ul>\n<li>Palautusjousi, joka vapauttaa lukkokotelon soutujousta ja auttaa painetta palaamaan vaaka-asentoon.<\/li>\n<li>Kaikki n\u00e4kyv\u00e4t osat mattaharjattua haponkest\u00e4v\u00e4\u00e4 ruostumatonta ter\u00e4st\u00e4, AISI 316L<\/li>\n<li>Neulalaakeri kitkaton k\u00e4yntiin.<\/li>\n<li>Saatavana 30-75 mm ovenpaksuuksille.<\/li>\n<li>Vakioruusuke \u00d8 53 mm<\/li>\n<li>Sopii Connect \/ Classic -moduulilukkokoteloon<\/li>\n<li>Ei sovi lukkokoteloon ABLOY 2014 tai vastaavaan sis\u00e4ovilaatikkoon<\/li>\n<li>Vaihdettava ty\u00f6nt\u00f6tappi ja ruuvi vaihteleville ovenpaksuuksille.<\/li>\n<li>Jatkuva ruuvikiinnitys, joka vahvistaa ovea.<\/li>\n<\/ul>\n<p><b>Paketti sis\u00e4lt\u00e4\u00e4:<br \/>\n<\/b><\/p>\n<ul>\n<li>2 kpl. Puristuspuolikkaat (kahvat).<\/li>\n<li>2 kpl. Paineruuvit M5. (k\u00e4\u00e4nn\u00e4 ruuvia)<\/li>\n<li>2 O-rengasta.<\/li>\n<li>2 kpl. Holkkimutteri M5.<\/li>\n<li>2 kpl. Painetapit 8x8x102 mm ja 8x8x120 mm.<\/li>\n<\/ul>\n<\/div>","protected":false},"excerpt":{"rendered":"<p>Ovenkahva 8650 on osa ASSA ABLOY:n ruostumattomasta ter\u00e4ksest\u00e4 valmistettujen kahvojen, vetokahvojen ja lis\u00e4varusteiden sarjaa. Soveltuu eritt\u00e4in hyvin nykyaikaisiin julkisiin esinetyyppeihin, esim. laitoksiin, toimistoihin, joissa on korkea<\/p>","protected":false},"featured_media":137217,"template":"","meta":{"_acf_changed":false},"product_brand":[],"product_cat":[4124,4125],"product_tag":[],"class_list":{"0":"post-97580","1":"product","2":"type-product","3":"status-publish","4":"has-post-thumbnail","6":"product_cat-dorrhandtag-innerdorr","7":"product_cat-dorrhandtag-ytterdorr","8":"product_shipping_class-postnord-varubrev","9":"pa_brands-abloy","10":"tm-no-options","12":"first","13":"instock","14":"sale","15":"taxable","16":"shipping-taxable","17":"purchasable","18":"product-type-simple"},"acf":[],"_links":{"self":[{"href":"https:\/\/secureus.se\/fi\/wp-json\/wp\/v2\/product\/97580","targetHints":{"allow":["GET"]}}],"collection":[{"href":"https:\/\/secureus.se\/fi\/wp-json\/wp\/v2\/product"}],"about":[{"href":"https:\/\/secureus.se\/fi\/wp-json\/wp\/v2\/types\/product"}],"wp:featuredmedia":[{"embeddable":true,"href":"https:\/\/secureus.se\/fi\/wp-json\/wp\/v2\/media\/137217"}],"wp:attachment":[{"href":"https:\/\/secureus.se\/fi\/wp-json\/wp\/v2\/media?parent=97580"}],"wp:term":[{"taxonomy":"product_brand","embeddable":true,"href":"https:\/\/secureus.se\/fi\/wp-json\/wp\/v2\/product_brand?post=97580"},{"taxonomy":"product_cat","embeddable":true,"href":"https:\/\/secureus.se\/fi\/wp-json\/wp\/v2\/product_cat?post=97580"},{"taxonomy":"product_tag","embeddable":true,"href":"https:\/\/secureus.se\/fi\/wp-json\/wp\/v2\/product_tag?post=97580"}],"curies":[{"name":"wp","href":"https:\/\/api.w.org\/{rel}","templated":true}]}}