{"id":97602,"date":"2024-08-21T19:29:13","date_gmt":"2024-08-21T17:29:13","guid":{"rendered":"https:\/\/secureus.se\/?post_type=product&#038;p=97602"},"modified":"2026-04-08T15:38:49","modified_gmt":"2026-04-08T13:38:49","slug":"trycke-dh-7020-ip-35-95mm-krom","status":"publish","type":"product","link":"https:\/\/secureus.se\/fi\/trycke-dh-7020-ip-35-95mm-krom\/","title":{"rendered":"Ovenkahvan vipu DH 7020-IP 35-95mm kromi \u2013 Dormakaba"},"content":{"rendered":"<p>Ovenkahva DH 7020 on osa dormakaban uutta sarjaa 7. DH 7020:ssa on palautusjousi, mik\u00e4 tarkoittaa, ett\u00e4 se sopii kaikkiin oviin, joissa on skandinaavisen tyyppisi\u00e4 50 ja 70 karamallisia lukkokoteloita. Paineen palautusjousi antaa selke\u00e4n laadun tunteen ja pident\u00e4\u00e4 sek\u00e4 paineen ett\u00e4 oven lukkokotelon k\u00e4ytt\u00f6ik\u00e4\u00e4. DH 7020 korvaa aiemman mallin DH 720.<\/p>\n<div>\n<div><\/div>\n<div><b>Ominaisuudet:\u00a0<\/b><\/div>\n<div>\n<ul>\n<li>Kaikille sis\u00e4oville<\/li>\n<li>Sopii skandinaavisen standardin modulaariseen lukkokoteloon (c\/c 30 mm)<\/li>\n<li>Ei sovi lukkokoteloon ABLOY 2014 tai vastaavaan sis\u00e4oven lukkoon<\/li>\n<li>Mukana ruuvi, holkkimutteri ja ty\u00f6nt\u00f6tappi.<\/li>\n<li>Soveltuu ovelle, jonka paksuus on 35-95 mm.<\/li>\n<li>Valmistettu zamakista.<\/li>\n<li>Pintak\u00e4sittely: Kromattu<\/li>\n<li>EN 1906, 200 000 sykli\u00e4, luokka 4<\/li>\n<li>Tuote on EU:n nikkelidirektiivin 94\/27\/EY mukainen<\/li>\n<li>Arvioitu Byggvarubedomningenissa<\/li>\n<li>Ruusukkeen \u00d8 52 mm<\/li>\n<li>Ruusukkeessa palautusjousi<\/li>\n<\/ul>\n<\/div>\n<\/div>","protected":false},"excerpt":{"rendered":"<p>Oven ty\u00f6nt\u00e4j\u00e4 DH 7020 on osa dormakaban uutta sarjaa 7. DH 7020:ssa on palautusjousi, mik\u00e4 tarkoittaa, ett\u00e4 se sopii kaikkiin oviin, joissa on lukkokotelot 50- ja 70-karaversioina.<\/p>","protected":false},"featured_media":136568,"template":"","meta":{"_acf_changed":false},"product_brand":[],"product_cat":[4124],"product_tag":[],"class_list":{"0":"post-97602","1":"product","2":"type-product","3":"status-publish","4":"has-post-thumbnail","6":"product_cat-dorrhandtag-innerdorr","7":"product_shipping_class-postnord-varubrev","8":"pa_brands-dormakaba","9":"tm-no-options","11":"first","12":"instock","13":"sale","14":"taxable","15":"shipping-taxable","16":"purchasable","17":"product-type-simple"},"acf":[],"_links":{"self":[{"href":"https:\/\/secureus.se\/fi\/wp-json\/wp\/v2\/product\/97602","targetHints":{"allow":["GET"]}}],"collection":[{"href":"https:\/\/secureus.se\/fi\/wp-json\/wp\/v2\/product"}],"about":[{"href":"https:\/\/secureus.se\/fi\/wp-json\/wp\/v2\/types\/product"}],"wp:featuredmedia":[{"embeddable":true,"href":"https:\/\/secureus.se\/fi\/wp-json\/wp\/v2\/media\/136568"}],"wp:attachment":[{"href":"https:\/\/secureus.se\/fi\/wp-json\/wp\/v2\/media?parent=97602"}],"wp:term":[{"taxonomy":"product_brand","embeddable":true,"href":"https:\/\/secureus.se\/fi\/wp-json\/wp\/v2\/product_brand?post=97602"},{"taxonomy":"product_cat","embeddable":true,"href":"https:\/\/secureus.se\/fi\/wp-json\/wp\/v2\/product_cat?post=97602"},{"taxonomy":"product_tag","embeddable":true,"href":"https:\/\/secureus.se\/fi\/wp-json\/wp\/v2\/product_tag?post=97602"}],"curies":[{"name":"wp","href":"https:\/\/api.w.org\/{rel}","templated":true}]}}