{"id":97606,"date":"2024-08-21T19:29:13","date_gmt":"2024-08-21T17:29:13","guid":{"rendered":"https:\/\/secureus.se\/?post_type=product&#038;p=97606"},"modified":"2026-03-25T15:35:28","modified_gmt":"2026-03-25T14:35:28","slug":"trycke-6640-58-75mm-nickel","status":"publish","type":"product","link":"https:\/\/secureus.se\/fi\/trycke-6640-58-75mm-nickel\/","title":{"rendered":"Ovenkahva Trycke 6640 58-75mm Nikkeli \u2013 Assa Abloy"},"content":{"rendered":"<p>\nASSA ABLOY 6640 on klassinen ovenkahva 1950- ja 1960-luvuilta, jota arvostetaan edelleen suuresti. Kahvassa on hyvin tehty muotoilu, joka sopii useimpiin ymp\u00e4rist\u00f6ihin ja kest\u00e4\u00e4 useita vuosia. 6640 on osa ASSA ABLOY Classic -sarjaa. Soveltuu ulko-oviin, ulko-oviin ja modulaarisilla lukoilla varustettuihin sis\u00e4oviin.<\/p>\n<div><\/div>\n<div><b>Ominaisuudet:<\/b><\/div>\n<ul>\n<li>Materiaali: Messinki.<\/li>\n<li>Pintak\u00e4sittely: nikkeli, prioni, mattakromi, kiillotettu messinki, matta messinki ja mattamusta MIRUS.<\/li>\n<li>Paluujousi, joka vapauttaa lukkokotelon soutujousta ja auttaa pit\u00e4m\u00e4\u00e4n paineen vaakasuorassa asennossa.<\/li>\n<li>Ruusuke: \u00d8 52 mm.<\/li>\n<li>Sopii Connect \/ Classic -moduulilukkokoteloon<\/li>\n<li>Ei sovi lukkokoteloon ABLOY 2014 tai vastaavaan sis\u00e4ovilaatikkoon<\/li>\n<li>Vakiotoimitus sovitettu 40-75 mm ovenpaksuuteen.<\/li>\n<li>Vaihdettava ty\u00f6nt\u00f6tappi ja ruuvi vaihteleville ovenpaksuuksille.<\/li>\n<li>Jatkuva ruuvikiinnitys, joka vahvistaa ovea.<\/li>\n<\/ul>\n<div><b>Paketti sis\u00e4lt\u00e4\u00e4:<\/b><\/div>\n<div>\n<ul>\n<li>2 kpl. Puristuspuolikkaat (kahvat).<\/li>\n<li>2 kpl. Paineruuvit M5. (k\u00e4\u00e4nn\u00e4 ruuvia)<\/li>\n<li>2 O-rengasta.<\/li>\n<li>2 kpl. Holkkimutteri M5.<\/li>\n<li>1 kpl Puristustappi 8x8x120 mm.<\/li>\n<\/ul>\n<\/div>","protected":false},"excerpt":{"rendered":"<p>ASSA ABLOY 6640 on klassinen ovenkahva 1950- ja 1960-luvuilta, jota arvostetaan edelleen suuresti. Kahvassa on hyvin tehty muotoilu, joka sopii useimpiin ymp\u00e4rist\u00f6ihin ja<\/p>","protected":false},"featured_media":137165,"template":"","meta":{"_acf_changed":false},"product_brand":[],"product_cat":[4124,4125],"product_tag":[],"class_list":{"0":"post-97606","1":"product","2":"type-product","3":"status-publish","4":"has-post-thumbnail","6":"product_cat-dorrhandtag-innerdorr","7":"product_cat-dorrhandtag-ytterdorr","8":"product_shipping_class-postnord-varubrev","9":"pa_brands-abloy","10":"tm-no-options","12":"first","13":"instock","14":"sale","15":"taxable","16":"shipping-taxable","17":"purchasable","18":"product-type-simple"},"acf":[],"_links":{"self":[{"href":"https:\/\/secureus.se\/fi\/wp-json\/wp\/v2\/product\/97606","targetHints":{"allow":["GET"]}}],"collection":[{"href":"https:\/\/secureus.se\/fi\/wp-json\/wp\/v2\/product"}],"about":[{"href":"https:\/\/secureus.se\/fi\/wp-json\/wp\/v2\/types\/product"}],"wp:featuredmedia":[{"embeddable":true,"href":"https:\/\/secureus.se\/fi\/wp-json\/wp\/v2\/media\/137165"}],"wp:attachment":[{"href":"https:\/\/secureus.se\/fi\/wp-json\/wp\/v2\/media?parent=97606"}],"wp:term":[{"taxonomy":"product_brand","embeddable":true,"href":"https:\/\/secureus.se\/fi\/wp-json\/wp\/v2\/product_brand?post=97606"},{"taxonomy":"product_cat","embeddable":true,"href":"https:\/\/secureus.se\/fi\/wp-json\/wp\/v2\/product_cat?post=97606"},{"taxonomy":"product_tag","embeddable":true,"href":"https:\/\/secureus.se\/fi\/wp-json\/wp\/v2\/product_tag?post=97606"}],"curies":[{"name":"wp","href":"https:\/\/api.w.org\/{rel}","templated":true}]}}