{"id":97993,"date":"2024-08-30T13:02:27","date_gmt":"2024-08-30T11:02:27","guid":{"rendered":"https:\/\/secureus.se\/?post_type=product&#038;p=97993"},"modified":"2026-04-01T14:28:01","modified_gmt":"2026-04-01T12:28:01","slug":"hikvision-ds-7604nxi-k1-4p-pro-series-12mp-acusense-4-kanalig-40mbps-poe-1u-10tb-per-hdd-4k-nvr-2","status":"publish","type":"product","link":"https:\/\/secureus.se\/fi\/hikvision-ds-7604nxi-k1-4p-pro-series-12mp-acusense-4-kanalig-40mbps-poe-1u-10tb-per-hdd-4k-nvr-2\/","title":{"rendered":"Hikvision DS-7604NXI-K1\/4P \u2013 4-kanavainen 4K NVR, jossa PoE ja AcuSense-teko\u00e4ly (40 Mbps)"},"content":{"rendered":"<div class=\"headernamehrnone\">\n<h3 data-start=\"623\" data-end=\"696\">Hikvision DS-7604NXI-K1\/4P \u2013 Sulava verkkotallennin PoE:lla ja \u00e4lykk\u00e4\u00e4ll\u00e4 teko\u00e4lyteknologialla<\/h3>\n<p data-start=\"698\" data-end=\"923\"><strong data-start=\"698\" data-end=\"728\">Hikvision DS-7604NXI-K1\/4P<\/strong> on kompakti ja luotettava verkkotallennin (NVR), jossa on sis\u00e4\u00e4nrakennettu PoE nelj\u00e4lle kameralle. Se sopii erinomaisesti koteihin, kauppoihin ja pienyrityksiin, jotka haluavat yksinkertaista ja luotettavaa videovalvontaa.<\/p>\n<p data-start=\"925\" data-end=\"1188\">Tukea jopa <strong data-start=\"947\" data-end=\"982\">nelj\u00e4 IP-kameraa 4K-resoluutiolla<\/strong> ja <strong data-start=\"987\" data-end=\"1008\">40 Mbps kaistanleveys<\/strong> voit olla varma ter\u00e4vist\u00e4 ja vakaista tallenteista. Tallentimessa on tilaa <strong data-start=\"1088\" data-end=\"1121\">jopa 10 TB:n kiintolevy<\/strong>, joka tarjoaa runsaasti tallennustilaa jopa korkearesoluutioisille videoille.<\/p>\n<p data-start=\"1190\" data-end=\"1530\">Ansiosta <strong data-start=\"1200\" data-end=\"1222\">AcuSense-teknologia<\/strong> J\u00e4rjestelm\u00e4 pystyy erottamaan ihmiset ja ajoneuvot v\u00e4\u00e4rien h\u00e4lytysten minimoimiseksi. Voit my\u00f6s m\u00e4\u00e4ritt\u00e4\u00e4 \u00e4lykk\u00e4it\u00e4 tapahtumia, kuten tunkeutumisen havaitsemisen ja linjan ylityksen, mik\u00e4 tehostaa valvontaa. Lis\u00e4ksi j\u00e4rjestelm\u00e4 voi suorittaa <strong data-start=\"1452\" data-end=\"1473\">kasvojen tallennus<\/strong> ja tallentaa rekister\u00f6idyt kasvot my\u00f6hemp\u00e4\u00e4 tarkastelua varten.<\/p>\n<p data-start=\"1532\" data-end=\"1825\">Asennus on helppoa: kytke kamerat suoraan nelj\u00e4n PoE-portin kautta, kytke televisioon tai n\u00e4ytt\u00f6\u00f6n HDMI\/VGA-liit\u00e4nn\u00e4n kautta ja ohjaa j\u00e4rjestelm\u00e4\u00e4 mukana tulevalla hiirell\u00e4. Sovelluksen avulla <strong data-start=\"1709\" data-end=\"1724\">Hik-Connect<\/strong> Saat et\u00e4k\u00e4yt\u00f6n \u00e4lypuhelimen, tabletin tai tietokoneen kautta \u2013 mukaan lukien push-ilmoitukset h\u00e4lytystapahtumista.<\/p>\n<hr data-start=\"1827\" data-end=\"1830\" \/>\n<h3 data-start=\"1832\" data-end=\"1846\">Edut<\/h3>\n<ul data-start=\"1847\" data-end=\"2266\">\n<li data-start=\"1847\" data-end=\"1897\">\n<p data-start=\"1849\" data-end=\"1897\">Kompakti NVR sis\u00e4\u00e4nrakennetulla virtal\u00e4hteell\u00e4 (PoE)<\/p>\n<\/li>\n<li data-start=\"1898\" data-end=\"1948\">\n<p data-start=\"1900\" data-end=\"1948\">Tuki jopa nelj\u00e4lle IP-kameralle 4K-resoluutiolla<\/p>\n<\/li>\n<li data-start=\"1949\" data-end=\"1982\">\n<p data-start=\"1951\" data-end=\"1982\">Jopa 40 Mbps:n kaistanleveys<\/p>\n<\/li>\n<li data-start=\"1983\" data-end=\"2035\">\n<p data-start=\"1985\" data-end=\"2035\">AcuSense-teko\u00e4ly ihmisten ja ajoneuvojen tunnistuksella<\/p>\n<\/li>\n<li data-start=\"2036\" data-end=\"2082\">\n<p data-start=\"2038\" data-end=\"2082\">Kasvojen tallennus ja \u00e4lykk\u00e4\u00e4t hakuominaisuudet<\/p>\n<\/li>\n<li data-start=\"2083\" data-end=\"2122\">\n<p data-start=\"2085\" data-end=\"2122\">Tilaa yhdelle kiintolevylle, jopa 10 Tt<\/p>\n<\/li>\n<li data-start=\"2123\" data-end=\"2169\">\n<p data-start=\"2125\" data-end=\"2169\">HDMI- ja VGA-l\u00e4hd\u00f6t n\u00e4ytt\u00f6liit\u00e4nt\u00e4\u00e4 varten<\/p>\n<\/li>\n<li data-start=\"2170\" data-end=\"2213\">\n<p data-start=\"2172\" data-end=\"2213\">Helppo asennus ja ohjaus hiirell\u00e4<\/p>\n<\/li>\n<li data-start=\"2214\" data-end=\"2266\">\n<p data-start=\"2216\" data-end=\"2266\">Et\u00e4k\u00e4ytt\u00f6 ja push-ilmoitukset Hik-Connect-sovelluksen kautta<\/p>\n<\/li>\n<\/ul>\n<hr data-start=\"2268\" data-end=\"2271\" \/>\n<h3 data-start=\"2273\" data-end=\"2303\">Tekniset tiedot<\/h3>\n<div class=\"_tableContainer_1rjym_1\">\n<div class=\"_tableWrapper_1rjym_13 group flex w-fit flex-col-reverse\">\n<table class=\"w-fit min-w-(--thread-content-width)\" data-start=\"2305\" data-end=\"2872\">\n<thead data-start=\"2305\" data-end=\"2325\">\n<tr data-start=\"2305\" data-end=\"2325\">\n<th data-start=\"2305\" data-end=\"2316\" data-col-size=\"sm\">Kiinteist\u00f6<\/th>\n<th data-start=\"2316\" data-end=\"2325\" data-col-size=\"md\">Arvo<\/th>\n<\/tr>\n<\/thead>\n<tbody data-start=\"2347\" data-end=\"2872\">\n<tr data-start=\"2347\" data-end=\"2376\">\n<td data-start=\"2347\" data-end=\"2356\" data-col-size=\"sm\">Malli<\/td>\n<td data-start=\"2356\" data-end=\"2376\" data-col-size=\"md\">DS-7604NXI-K1\/4P<\/td>\n<\/tr>\n<tr data-start=\"2377\" data-end=\"2415\">\n<td data-start=\"2377\" data-end=\"2393\" data-col-size=\"sm\">Kamerakanavat<\/td>\n<td data-start=\"2393\" data-end=\"2415\" data-col-size=\"md\">4 IP-kameraa (PoE)<\/td>\n<\/tr>\n<tr data-start=\"2416\" data-end=\"2447\">\n<td data-start=\"2416\" data-end=\"2429\" data-col-size=\"sm\">Resoluutio<\/td>\n<td data-start=\"2429\" data-end=\"2447\" data-col-size=\"md\">Jopa 12 megapikseli\u00e4<\/td>\n<\/tr>\n<tr data-start=\"2448\" data-end=\"2482\">\n<td data-start=\"2448\" data-end=\"2471\" data-col-size=\"sm\">Saapuva kaistanleveys<\/td>\n<td data-start=\"2471\" data-end=\"2482\" data-col-size=\"md\">40 Mbps<\/td>\n<\/tr>\n<tr data-start=\"2483\" data-end=\"2526\">\n<td data-start=\"2483\" data-end=\"2497\" data-col-size=\"sm\">Videomuoto<\/td>\n<td data-start=\"2497\" data-end=\"2526\" data-col-size=\"md\">H.265+\/H.265\/H.264+\/H.264<\/td>\n<\/tr>\n<tr data-start=\"2527\" data-end=\"2609\">\n<td data-start=\"2527\" data-end=\"2543\" data-col-size=\"sm\">AI ominaisuudet<\/td>\n<td data-start=\"2543\" data-end=\"2609\" data-col-size=\"md\">Ihmisen\/ajoneuvon tunnistus, kasvojen tallennus, \u00e4lyk\u00e4s haku<\/td>\n<\/tr>\n<tr data-start=\"2610\" data-end=\"2647\">\n<td data-start=\"2610\" data-end=\"2620\" data-col-size=\"sm\">Varastointi<\/td>\n<td data-start=\"2620\" data-end=\"2647\" data-col-size=\"md\">1\u00d7 SATA, jopa 10 Tt<\/td>\n<\/tr>\n<tr data-start=\"2648\" data-end=\"2683\">\n<td data-start=\"2648\" data-end=\"2665\" data-col-size=\"sm\">Videol\u00e4hd\u00f6t<\/td>\n<td data-start=\"2665\" data-end=\"2683\" data-col-size=\"md\">HDMI (4K), VGA<\/td>\n<\/tr>\n<tr data-start=\"2684\" data-end=\"2708\">\n<td data-start=\"2684\" data-end=\"2692\" data-col-size=\"sm\">Audio<\/td>\n<td data-start=\"2692\" data-end=\"2708\" data-col-size=\"md\">1\u00d7 sis\u00e4\u00e4n, 1\u00d7 ulos<\/td>\n<\/tr>\n<tr data-start=\"2709\" data-end=\"2748\">\n<td data-start=\"2709\" data-end=\"2719\" data-col-size=\"sm\">Verkko<\/td>\n<td data-start=\"2719\" data-end=\"2748\" data-col-size=\"md\">1\u00d7 RJ-45 10\/100\/1000 Mbps<\/td>\n<\/tr>\n<tr data-start=\"2749\" data-end=\"2769\">\n<td data-start=\"2749\" data-end=\"2755\" data-col-size=\"sm\">USB<\/td>\n<td data-start=\"2755\" data-end=\"2769\" data-col-size=\"md\">2 \u00d7 USB 2.0<\/td>\n<\/tr>\n<tr data-start=\"2770\" data-end=\"2813\">\n<td data-start=\"2770\" data-end=\"2789\" data-col-size=\"sm\">Virtal\u00e4hde<\/td>\n<td data-start=\"2789\" data-end=\"2813\" data-col-size=\"md\">48 VDC (sis\u00e4\u00e4nrakennettu PoE)<\/td>\n<\/tr>\n<tr data-start=\"2814\" data-end=\"2842\">\n<td data-start=\"2814\" data-end=\"2821\" data-col-size=\"sm\">Mitata<\/td>\n<td data-start=\"2821\" data-end=\"2842\" data-col-size=\"md\">315 \u00d7 240 \u00d7 48 mm<\/td>\n<\/tr>\n<tr data-start=\"2843\" data-end=\"2872\">\n<td data-start=\"2843\" data-end=\"2850\" data-col-size=\"sm\">Paino<\/td>\n<td data-start=\"2850\" data-end=\"2872\" data-col-size=\"md\">noin 1 kg (ilman kiintolevy\u00e4)<\/td>\n<\/tr>\n<\/tbody>\n<\/table>\n<\/div>\n<\/div>\n<\/div>","protected":false},"excerpt":{"rendered":"<p>Edullinen ja kompakti NVR, jossa sis\u00e4\u00e4nrakennettu PoE nelj\u00e4lle IP-kameralle. Tarjoaa jopa 4K-resoluution, tukee \u00e4lyk\u00e4st\u00e4 AcuSense-teko\u00e4ly\u00e4 ihmisten ja ajoneuvojen tunnistuksella, kasvojen tallennuksella ja tilaa jopa 10 Tt:n kiintolevylle.<\/p>","protected":false},"featured_media":137650,"template":"","meta":{"_acf_changed":false},"product_brand":[],"product_cat":[3358],"product_tag":[],"class_list":{"0":"post-97993","1":"product","2":"type-product","3":"status-publish","4":"has-post-thumbnail","6":"product_cat-nvr-network-video-recorder","7":"product_shipping_class-tunga-paket","8":"pa_brands-hikvision","9":"tm-no-options","11":"first","12":"instock","13":"sale","14":"taxable","15":"shipping-taxable","16":"purchasable","17":"product-type-simple"},"acf":[],"_links":{"self":[{"href":"https:\/\/secureus.se\/fi\/wp-json\/wp\/v2\/product\/97993","targetHints":{"allow":["GET"]}}],"collection":[{"href":"https:\/\/secureus.se\/fi\/wp-json\/wp\/v2\/product"}],"about":[{"href":"https:\/\/secureus.se\/fi\/wp-json\/wp\/v2\/types\/product"}],"wp:featuredmedia":[{"embeddable":true,"href":"https:\/\/secureus.se\/fi\/wp-json\/wp\/v2\/media\/137650"}],"wp:attachment":[{"href":"https:\/\/secureus.se\/fi\/wp-json\/wp\/v2\/media?parent=97993"}],"wp:term":[{"taxonomy":"product_brand","embeddable":true,"href":"https:\/\/secureus.se\/fi\/wp-json\/wp\/v2\/product_brand?post=97993"},{"taxonomy":"product_cat","embeddable":true,"href":"https:\/\/secureus.se\/fi\/wp-json\/wp\/v2\/product_cat?post=97993"},{"taxonomy":"product_tag","embeddable":true,"href":"https:\/\/secureus.se\/fi\/wp-json\/wp\/v2\/product_tag?post=97993"}],"curies":[{"name":"wp","href":"https:\/\/api.w.org\/{rel}","templated":true}]}}