{"id":97996,"date":"2024-08-30T13:02:27","date_gmt":"2024-08-30T11:02:27","guid":{"rendered":"https:\/\/secureus.se\/?post_type=product&#038;p=97996"},"modified":"2026-03-30T14:26:26","modified_gmt":"2026-03-30T12:26:26","slug":"hikvision-ds-7608nxi-k2-pro-series-4k-8-kanalig-nvr-80-mbps-2-sata","status":"publish","type":"product","link":"https:\/\/secureus.se\/fi\/hikvision-ds-7608nxi-k2-pro-series-4k-8-kanalig-nvr-80-mbps-2-sata\/","title":{"rendered":"Hikvision DS-7608NXI-K2 \u2013 8-kanavainen 4K NVR, jossa AcuSense-teko\u00e4ly, 2\u00d7SATA ja 80 Mbps"},"content":{"rendered":"<div class=\"headernamehrnone\">\n<h3 data-start=\"990\" data-end=\"1065\">Hikvision DS-7608NXI-K2 \u2013 Edullinen ja luotettava NVR AcuSense-teko\u00e4lyll\u00e4<\/h3>\n<p data-start=\"1067\" data-end=\"1325\"><strong data-start=\"1067\" data-end=\"1094\">Hikvision DS-7608NXI-K2<\/strong> on tehokas ja edullinen 8-kanavainen verkkotallennin (NVR), joka yhdist\u00e4\u00e4 kaikki kamerasi yhteen paikkaan. T\u00e4ydellinen yksityishenkil\u00f6ille, kaupoille ja pienyrityksille, jotka haluavat <strong data-start=\"1274\" data-end=\"1322\">yksinkertainen, luotettava ja \u00e4lyk\u00e4s videovalvonta<\/strong>.<\/p>\n<p data-start=\"1327\" data-end=\"1619\">Kanssa <strong data-start=\"1331\" data-end=\"1382\">tilaa jopa kahdeksalle IP-kameralle 4K-resoluutiolla<\/strong> ja <strong data-start=\"1387\" data-end=\"1427\">2 kiintolevy\u00e4 (yhteens\u00e4 jopa 32 TB)<\/strong> tarjoaa runsaasti s\u00e4ilytystilaa ja joustavuutta. \u00c4lyk\u00e4s <strong data-start=\"1490\" data-end=\"1516\">AcuSense-teko\u00e4lyteknologia<\/strong> pystyy erottamaan ihmiset ja ajoneuvot, mik\u00e4 v\u00e4hent\u00e4\u00e4 v\u00e4\u00e4ri\u00e4 h\u00e4lytyksi\u00e4 ja tehostaa valvontaa.<\/p>\n<p data-start=\"1621\" data-end=\"1865\">Sovelluksen kautta <strong data-start=\"1631\" data-end=\"1646\">Hik-Connect<\/strong> Voit katsoa live-videota, toistaa tallenteita ja vastaanottaa push-ilmoituksia suoraan matkapuhelimeesi \u2013 miss\u00e4 tahansa oletkin. Asennus on helppoa, ja voit ohjata laitetta hiirell\u00e4 tai liitt\u00e4\u00e4 sen televisioon\/n\u00e4ytt\u00f6\u00f6n HDMI-liit\u00e4nn\u00e4ll\u00e4.<\/p>\n<hr data-start=\"1867\" data-end=\"1870\" \/>\n<h3 data-start=\"1872\" data-end=\"1887\">Edut:<\/h3>\n<ul data-start=\"1888\" data-end=\"2301\">\n<li data-start=\"1888\" data-end=\"1931\">\n<p data-start=\"1890\" data-end=\"1931\">Edullinen valinta koteihin ja pienyrityksiin<\/p>\n<\/li>\n<li data-start=\"1932\" data-end=\"1982\">\n<p data-start=\"1934\" data-end=\"1982\">Tuki jopa kahdeksalle IP-kameralle 4K-resoluutiolla<\/p>\n<\/li>\n<li data-start=\"1983\" data-end=\"2050\">\n<p data-start=\"1985\" data-end=\"2050\">Tilaa kahdelle kiintolevylle (jopa 32 TB) paremman luotettavuuden takaamiseksi<\/p>\n<\/li>\n<li data-start=\"2051\" data-end=\"2109\">\n<p data-start=\"2053\" data-end=\"2109\">\u00c4lyk\u00e4s AcuSense-teko\u00e4ly ihmisten ja ajoneuvojen tunnistuksella<\/p>\n<\/li>\n<li data-start=\"2110\" data-end=\"2163\">\n<p data-start=\"2112\" data-end=\"2163\">Live-valvonta ja -toisto Hik-Connect-sovelluksen kautta<\/p>\n<\/li>\n<li data-start=\"2164\" data-end=\"2199\">\n<p data-start=\"2166\" data-end=\"2199\">Push-ilmoitukset suoraan matkapuhelimeesi<\/p>\n<\/li>\n<li data-start=\"2200\" data-end=\"2247\">\n<p data-start=\"2202\" data-end=\"2247\">Helppo ohjaus hiirell\u00e4 tai television\/n\u00e4yt\u00f6n kautta<\/p>\n<\/li>\n<li data-start=\"2248\" data-end=\"2301\">\n<p data-start=\"2250\" data-end=\"2301\">Hikvision \u2013 maailman johtava turvallisuustuotemerkki<\/p>\n<\/li>\n<\/ul>\n<hr data-start=\"2303\" data-end=\"2306\" \/>\n<h3 data-start=\"2308\" data-end=\"2339\">Tekniset tiedot:<\/h3>\n<div class=\"_tableContainer_1rjym_1\">\n<div class=\"_tableWrapper_1rjym_13 group flex w-fit flex-col-reverse\">\n<table class=\"w-fit min-w-(--thread-content-width)\" data-start=\"2341\" data-end=\"3117\">\n<thead data-start=\"2341\" data-end=\"2361\">\n<tr data-start=\"2341\" data-end=\"2361\">\n<th data-start=\"2341\" data-end=\"2352\" data-col-size=\"sm\">Kiinteist\u00f6<\/th>\n<th data-start=\"2352\" data-end=\"2361\" data-col-size=\"md\">Arvo<\/th>\n<\/tr>\n<\/thead>\n<tbody data-start=\"2383\" data-end=\"3117\">\n<tr data-start=\"2383\" data-end=\"2409\">\n<td data-start=\"2383\" data-end=\"2392\" data-col-size=\"sm\">Malli<\/td>\n<td data-start=\"2392\" data-end=\"2409\" data-col-size=\"md\">DS-7608NXI-K2<\/td>\n<\/tr>\n<tr data-start=\"2410\" data-end=\"2442\">\n<td data-start=\"2410\" data-end=\"2426\" data-col-size=\"sm\">Kamerakanavat<\/td>\n<td data-start=\"2426\" data-end=\"2442\" data-col-size=\"md\">8 IP-kameraa<\/td>\n<\/tr>\n<tr data-start=\"2443\" data-end=\"2474\">\n<td data-start=\"2443\" data-end=\"2456\" data-col-size=\"sm\">Resoluutio<\/td>\n<td data-start=\"2456\" data-end=\"2474\" data-col-size=\"md\">Jopa 12 megapikseli\u00e4<\/td>\n<\/tr>\n<tr data-start=\"2475\" data-end=\"2509\">\n<td data-start=\"2475\" data-end=\"2498\" data-col-size=\"sm\">Saapuva kaistanleveys<\/td>\n<td data-start=\"2498\" data-end=\"2509\" data-col-size=\"md\">80 Mbps<\/td>\n<\/tr>\n<tr data-start=\"2510\" data-end=\"2543\">\n<td data-start=\"2510\" data-end=\"2531\" data-col-size=\"sm\">L\u00e4htev\u00e4 kaistanleveys<\/td>\n<td data-start=\"2531\" data-end=\"2543\" data-col-size=\"md\">160 Mbps<\/td>\n<\/tr>\n<tr data-start=\"2544\" data-end=\"2593\">\n<td data-start=\"2544\" data-end=\"2564\" data-col-size=\"sm\">Videon pakkaus<\/td>\n<td data-start=\"2564\" data-end=\"2593\" data-col-size=\"md\">H.265+\/H.265\/H.264+\/H.264<\/td>\n<\/tr>\n<tr data-start=\"2594\" data-end=\"2678\">\n<td data-start=\"2594\" data-end=\"2610\" data-col-size=\"sm\">AI ominaisuudet<\/td>\n<td data-start=\"2610\" data-end=\"2678\" data-col-size=\"md\">Ihmisen\/ajoneuvon tunnistus, kasvojentunnistus, \u00e4lyk\u00e4s toisto<\/td>\n<\/tr>\n<tr data-start=\"2679\" data-end=\"2740\">\n<td data-start=\"2679\" data-end=\"2689\" data-col-size=\"sm\">Varastointi<\/td>\n<td data-start=\"2689\" data-end=\"2740\" data-col-size=\"md\">2\u00d7 SATA, jopa 16 Tt levy\u00e4 kohden (yhteens\u00e4 32 Tt)<\/td>\n<\/tr>\n<tr data-start=\"2741\" data-end=\"2789\">\n<td data-start=\"2741\" data-end=\"2752\" data-col-size=\"sm\">L\u00e4hd\u00f6t<\/td>\n<td data-start=\"2752\" data-end=\"2789\" data-col-size=\"md\">HDMI (4K), VGA (1080p), Audio out<\/td>\n<\/tr>\n<tr data-start=\"2790\" data-end=\"2840\">\n<td data-start=\"2790\" data-end=\"2801\" data-col-size=\"sm\">Sis\u00e4\u00e4nk\u00e4ynnit<\/td>\n<td data-start=\"2801\" data-end=\"2840\" data-col-size=\"md\">Audio in, 4\u00d7 Alarm in, 1\u00d7 Alarm out<\/td>\n<\/tr>\n<tr data-start=\"2841\" data-end=\"2885\">\n<td data-start=\"2841\" data-end=\"2847\" data-col-size=\"sm\">USB<\/td>\n<td data-start=\"2847\" data-end=\"2885\" data-col-size=\"md\">2\u00d7 front USB 2.0, 1\u00d7 bakre USB 2.0<\/td>\n<\/tr>\n<tr data-start=\"2886\" data-end=\"2927\">\n<td data-start=\"2886\" data-end=\"2896\" data-col-size=\"sm\">Verkko<\/td>\n<td data-start=\"2896\" data-end=\"2927\" data-col-size=\"md\">1\u00d7 RJ-45 (10\/100\/1000 Mbps)<\/td>\n<\/tr>\n<tr data-start=\"2928\" data-end=\"2964\">\n<td data-start=\"2928\" data-end=\"2947\" data-col-size=\"sm\">Virtal\u00e4hde<\/td>\n<td data-start=\"2947\" data-end=\"2964\" data-col-size=\"md\">12 VDC, 3.3 A<\/td>\n<\/tr>\n<tr data-start=\"2965\" data-end=\"3005\">\n<td data-start=\"2965\" data-end=\"2984\" data-col-size=\"sm\">Virrankulutus<\/td>\n<td data-start=\"2984\" data-end=\"3005\" data-col-size=\"md\">\u2264 15 W (utan HDD)<\/td>\n<\/tr>\n<tr data-start=\"3006\" data-end=\"3034\">\n<td data-start=\"3006\" data-end=\"3013\" data-col-size=\"sm\">Mitata<\/td>\n<td data-start=\"3013\" data-end=\"3034\" data-col-size=\"md\">385 \u00d7 315 \u00d7 52 mm<\/td>\n<\/tr>\n<tr data-start=\"3035\" data-end=\"3063\">\n<td data-start=\"3035\" data-end=\"3042\" data-col-size=\"sm\">Paino<\/td>\n<td data-start=\"3042\" data-end=\"3063\" data-col-size=\"md\">\u2264 1 kg (utan HDD)<\/td>\n<\/tr>\n<tr data-start=\"3064\" data-end=\"3117\">\n<td data-start=\"3064\" data-end=\"3081\" data-col-size=\"sm\">Sertifikaatit<\/td>\n<td data-start=\"3081\" data-end=\"3117\" data-col-size=\"md\">CE, FCC, RoHS, Reach, UKCA m.fl.<\/td>\n<\/tr>\n<\/tbody>\n<\/table>\n<\/div>\n<\/div>\n<\/div>","protected":false},"excerpt":{"rendered":"<p data-start=\"2834\" data-end=\"3023\">Edullinen NVR kotiin, myym\u00e4l\u00f6ihin ja pienyrityksiin. Tuki jopa 8 IP-kameralle, tilaa kahdelle kiintolevylle, \u00e4lyk\u00e4s AcuSense-teko\u00e4ly ihmisten ja ajoneuvojen tunnistuksella ja push-ilmoituksilla sovelluksessa.<\/p>","protected":false},"featured_media":137009,"template":"","meta":{"_acf_changed":false},"product_brand":[],"product_cat":[3358],"product_tag":[],"class_list":{"0":"post-97996","1":"product","2":"type-product","3":"status-publish","4":"has-post-thumbnail","6":"product_cat-nvr-network-video-recorder","7":"product_shipping_class-tunga-paket","8":"pa_brands-hikvision","9":"tm-no-options","11":"first","12":"instock","13":"sale","14":"taxable","15":"shipping-taxable","16":"purchasable","17":"product-type-simple"},"acf":[],"_links":{"self":[{"href":"https:\/\/secureus.se\/fi\/wp-json\/wp\/v2\/product\/97996","targetHints":{"allow":["GET"]}}],"collection":[{"href":"https:\/\/secureus.se\/fi\/wp-json\/wp\/v2\/product"}],"about":[{"href":"https:\/\/secureus.se\/fi\/wp-json\/wp\/v2\/types\/product"}],"wp:featuredmedia":[{"embeddable":true,"href":"https:\/\/secureus.se\/fi\/wp-json\/wp\/v2\/media\/137009"}],"wp:attachment":[{"href":"https:\/\/secureus.se\/fi\/wp-json\/wp\/v2\/media?parent=97996"}],"wp:term":[{"taxonomy":"product_brand","embeddable":true,"href":"https:\/\/secureus.se\/fi\/wp-json\/wp\/v2\/product_brand?post=97996"},{"taxonomy":"product_cat","embeddable":true,"href":"https:\/\/secureus.se\/fi\/wp-json\/wp\/v2\/product_cat?post=97996"},{"taxonomy":"product_tag","embeddable":true,"href":"https:\/\/secureus.se\/fi\/wp-json\/wp\/v2\/product_tag?post=97996"}],"curies":[{"name":"wp","href":"https:\/\/api.w.org\/{rel}","templated":true}]}}