{"id":98113,"date":"2024-09-04T13:41:46","date_gmt":"2024-09-04T11:41:46","guid":{"rendered":"https:\/\/secureus.se\/stromadapter-12v-2a-for-ajax-streetsiren-svart-med-2-4-meter-sladd\/"},"modified":"2026-02-05T16:32:34","modified_gmt":"2026-02-05T15:32:34","slug":"stromadapter-12v-2a-for-ajax-streetsiren-svart","status":"publish","type":"product","link":"https:\/\/secureus.se\/fi\/stromadapter-12v-2a-for-ajax-streetsiren-svart\/","title":{"rendered":"Virtasovitin 12V 2A Ajax StreetSirenille \u2013 Musta, 5 metrin johdolla"},"content":{"rendered":"<h3><strong>Virtasovitin 12V 2A Ajax StreetSirenille \u2013 Musta, 5 metrin johdolla<\/strong><\/h3>\n<p>Ajax StreetSirenin virtal\u00e4hde 12V 2A on v\u00e4ltt\u00e4m\u00e4t\u00f6n komponentti sen varmistamiseksi, ett\u00e4 turvalaitteessasi on aina vakaa ja luotettava virtal\u00e4hde.<\/p>\n<p>Se on erityisesti suunniteltu k\u00e4ytett\u00e4v\u00e4ksi Ajax StreetSirenin ja muiden laitteiden kanssa, jotka vaativat jatkuvaa 12 V tasavirtaa ja enint\u00e4\u00e4n 2 A.<\/p>\n<h3>Ominaisuudet ja edut:<\/h3>\n<ul>\n<li><strong>Vakaa ja luotettava virtal\u00e4hde:<\/strong> Virtal\u00e4hde sy\u00f6tt\u00e4\u00e4 jatkuvaa 12 V tasavirtaa jopa 2 A:n virralla, joten voit olla varma, ett\u00e4 Ajax StreetSiren toimii aina optimaalisesti.<\/li>\n<li><strong>Joustavuus asennuksessa:<\/strong> Viiden metrin pituinen johto tuo lis\u00e4\u00e4 joustavuutta asennukseen, mik\u00e4 helpottaa StreetSirenin kytkemist\u00e4 syrj\u00e4isiin tai vaikeasti tavoitettaviin paikkoihin ilman jatkojohtoja.<\/li>\n<li><strong>Vankka muotoilu:<\/strong> Kest\u00e4v\u00e4 ja vankka rakenne mahdollistaa adapterin k\u00e4yt\u00f6n pidempi\u00e4 aikoja menett\u00e4m\u00e4tt\u00e4 toimivuutta, jopa haastavissa ymp\u00e4rist\u00f6iss\u00e4.<\/li>\n<li><strong>Suora liit\u00e4nt\u00e4 avoimilla kaapelip\u00e4ill\u00e4:<\/strong> Sovittimessa on avoimia kaapelip\u00e4it\u00e4, jotta se helpottaa suoraa kytkent\u00e4\u00e4 Ajax StreetSiren -laitteeseen ja muihin mukautettuihin asennuksiin.<\/li>\n<li>T\u00e4m\u00e4 tekee asennuksesta nopean ja helpon ja v\u00e4hent\u00e4\u00e4 lis\u00e4liittimien tai sovitinkomponenttien tarvetta.<\/li>\n<\/ul>\n<h3>Tekniset tiedot:<\/h3>\n<ul>\n<li><strong>Sis\u00e4\u00e4nk\u00e4ynti:<\/strong> 100-240V AC ~ 50\/60Hz<\/li>\n<li><strong>L\u00e4ht\u00f6:<\/strong> 12V DC 2A (2000mA)<\/li>\n<li><strong>Johdon pituus:<\/strong> 5 metri\u00e4<\/li>\n<li><strong>Maali:<\/strong> Musta<\/li>\n<li><strong>Muutos:<\/strong> Liitin poistettu avoimia johdinp\u00e4it\u00e4 varten suoraa kytkent\u00e4\u00e4 varten<\/li>\n<\/ul>\n<h3>Yhteensopivuus:<\/h3>\n<p>Virtal\u00e4hde on yhteensopiva Ajax StreetSirenin sek\u00e4 muiden laitteiden kanssa, jotka vaativat 12V DC ja enint\u00e4\u00e4n 2A. Se sopii t\u00e4ydellisesti turvaj\u00e4rjestelmiin, valvontaj\u00e4rjestelmiin tai muihin elektronisiin laitteisiin, jotka tarvitsevat vakaan virtal\u00e4hteen.<\/p>\n<h3>Edut:<\/h3>\n<ul>\n<li><strong>Luotettava ja vakaa virtal\u00e4hde<\/strong> varmistaa, ett\u00e4 Ajax StreetSiren ja muut laitteet saavat tarvitsemansa virran toimiakseen oikein.<\/li>\n<li><strong>Pitk\u00e4 johto, 5 metri\u00e4<\/strong> voit sijoittaa laitteesi sinne, miss\u00e4 se parhaiten sopii ilman, ett\u00e4 lyhyit\u00e4 kaapeleita rajoita.<\/li>\n<li><strong>Yksinkertainen asennus<\/strong> avoimien kaapelinp\u00e4iden kautta, jotka helpottavat liitt\u00e4mist\u00e4 suoraan laitteeseesi ilman ylim\u00e4\u00e4r\u00e4isi\u00e4 sovitinliittimi\u00e4.<\/li>\n<\/ul>\n<h3>K\u00e4ytt\u00e4\u00e4:<\/h3>\n<p>T\u00e4m\u00e4 virtal\u00e4hde t\u00e4ydent\u00e4\u00e4 t\u00e4ydellisesti Ajax StreetSireni\u00e4 ja muita yhteensopivia laitteita. Tarjoamalla vakaan ja turvallisen virtal\u00e4hteen se mahdollistaa turvaj\u00e4rjestelm\u00e4si ongelmattoman ja pitk\u00e4aikaisen k\u00e4yt\u00f6n.<\/p>\n<p>Adapteri sopii sek\u00e4 koti- ett\u00e4 yritysk\u00e4ytt\u00f6\u00f6n, ja se voidaan helposti integroida kaikentyyppisiin valvontaj\u00e4rjestelmiin.<\/p>","protected":false},"excerpt":{"rendered":"<p>Virtal\u00e4hde 12V 2A Ajax StreetSirenille on luotettava ja kest\u00e4v\u00e4 virtal\u00e4hde, joka varmistaa sireenisi tai muiden yhteensopivien laitteiden vakaan toiminnan.<\/p>\n<p>T\u00e4ss\u00e4 sovittimessa on 5 metrin johto ja avoimet johtop\u00e4\u00e4t suoraa kytkent\u00e4\u00e4 varten, joten se sopii erinomaisesti sek\u00e4 kodin ett\u00e4 yrityksen turvaj\u00e4rjestelmiin.<\/p>","protected":false},"featured_media":161867,"template":"","meta":{"_acf_changed":false},"product_brand":[],"product_cat":[3171,3163],"product_tag":[4863],"class_list":{"0":"post-98113","1":"product","2":"type-product","3":"status-publish","4":"has-post-thumbnail","6":"product_cat-psu-stromforsorjning","7":"product_cat-sirener","8":"product_tag-pf","9":"product_shipping_class-postnord-varubrev","10":"pa_farg-svart","11":"tm-no-options","13":"first","14":"instock","15":"taxable","16":"shipping-taxable","17":"purchasable","18":"product-type-woosb"},"acf":[],"_links":{"self":[{"href":"https:\/\/secureus.se\/fi\/wp-json\/wp\/v2\/product\/98113","targetHints":{"allow":["GET"]}}],"collection":[{"href":"https:\/\/secureus.se\/fi\/wp-json\/wp\/v2\/product"}],"about":[{"href":"https:\/\/secureus.se\/fi\/wp-json\/wp\/v2\/types\/product"}],"wp:featuredmedia":[{"embeddable":true,"href":"https:\/\/secureus.se\/fi\/wp-json\/wp\/v2\/media\/161867"}],"wp:attachment":[{"href":"https:\/\/secureus.se\/fi\/wp-json\/wp\/v2\/media?parent=98113"}],"wp:term":[{"taxonomy":"product_brand","embeddable":true,"href":"https:\/\/secureus.se\/fi\/wp-json\/wp\/v2\/product_brand?post=98113"},{"taxonomy":"product_cat","embeddable":true,"href":"https:\/\/secureus.se\/fi\/wp-json\/wp\/v2\/product_cat?post=98113"},{"taxonomy":"product_tag","embeddable":true,"href":"https:\/\/secureus.se\/fi\/wp-json\/wp\/v2\/product_tag?post=98113"}],"curies":[{"name":"wp","href":"https:\/\/api.w.org\/{rel}","templated":true}]}}