{"id":98160,"date":"2024-09-04T13:22:31","date_gmt":"2024-09-04T11:22:31","guid":{"rendered":"https:\/\/secureus.se\/halslag\/"},"modified":"2026-01-02T15:22:47","modified_gmt":"2026-01-02T14:22:47","slug":"halslag-rfid-kort-standard-euro-plastkort-besokskort","status":"publish","type":"product","link":"https:\/\/secureus.se\/fi\/halslag-rfid-kort-standard-euro-plastkort-besokskort\/","title":{"rendered":"Rei&#039;itys muovikorteille \/ p\u00e4\u00e4sykorteille \/ k\u00e4yntikorteille \u2013 13 x 3 mm"},"content":{"rendered":"<p><strong>Rei&#039;itys RFID-korteille Vakioeuro muovikorteille ja Vierailijakorteille<\/strong> on v\u00e4ltt\u00e4m\u00e4t\u00f6n ty\u00f6kalu tarkkojen reikien tekemiseen RFID-kortteihin. T\u00e4m\u00e4 mahdollistaa korttien helpon ripustamisen avaimenperiin, kaulakoruihin tai muihin pidikkeisiin vaikuttamatta kortin t\u00e4rkeisiin elektronisiin komponentteihin, kuten siruun ja antenniin. Reik\u00e4 tehd\u00e4\u00e4n yleens\u00e4 kortin kulmaan ja tarjoaa k\u00e4yt\u00e4nn\u00f6llisen ja turvallisen kiinnityskohdan.<\/p>\n<p>T\u00e4m\u00e4 rei&#039;itin on valittu toiminnallisuuden ja luotettavuuden vuoksi, joten se on ihanteellinen sek\u00e4 yksityiseen ett\u00e4 ammattik\u00e4ytt\u00f6\u00f6n. Se on edullinen vaihtoehto jokaiselle, joka tarvitsee korttien k\u00e4sittely\u00e4 p\u00e4ivitt\u00e4in esimerkiksi vastaanotoissa, turvaj\u00e4rjestelmiss\u00e4 tai tapahtumaorganisaatioissa.<\/p>\n<p><strong>Tekniset tiedot:<\/strong><\/p>\n<ul>\n<li><strong>Reikien mitat:<\/strong> 13 x 3 mm<\/li>\n<li><strong>Materiaali:<\/strong> Metalli<\/li>\n<li><strong>Teht\u00e4v\u00e4:<\/strong> Teline RFID-korteille, muovikorteille ja vierailijakorteille<\/li>\n<li><strong>Yhteensopivuus:<\/strong> Muovikortit ja RFID-kortit vahingoittamatta elektronisia komponentteja<\/li>\n<\/ul>","protected":false},"excerpt":{"rendered":"<p>RFID-kortin rei&#039;itys on ammattimainen ty\u00f6kalu tarkkojen reikien tekemiseen muovikortteihin, k\u00e4yntikortteihin ja RFID-kortteihin vaikuttamatta kortin elektronisiin komponentteihin. T\u00e4ydellinen korttien kiinnitt\u00e4miseen avaimenperiin tai kaulakoruihin.<\/p>","protected":false},"featured_media":133897,"template":"","meta":{"_acf_changed":false},"product_brand":[],"product_cat":[1693],"product_tag":[],"class_list":{"0":"post-98160","1":"product","2":"type-product","3":"status-publish","4":"has-post-thumbnail","6":"product_cat-halslag","7":"pa_brands-stonehouse-security","8":"tm-no-options","10":"first","11":"instock","12":"sale","13":"taxable","14":"shipping-taxable","15":"purchasable","16":"product-type-simple"},"acf":[],"_links":{"self":[{"href":"https:\/\/secureus.se\/fi\/wp-json\/wp\/v2\/product\/98160","targetHints":{"allow":["GET"]}}],"collection":[{"href":"https:\/\/secureus.se\/fi\/wp-json\/wp\/v2\/product"}],"about":[{"href":"https:\/\/secureus.se\/fi\/wp-json\/wp\/v2\/types\/product"}],"wp:featuredmedia":[{"embeddable":true,"href":"https:\/\/secureus.se\/fi\/wp-json\/wp\/v2\/media\/133897"}],"wp:attachment":[{"href":"https:\/\/secureus.se\/fi\/wp-json\/wp\/v2\/media?parent=98160"}],"wp:term":[{"taxonomy":"product_brand","embeddable":true,"href":"https:\/\/secureus.se\/fi\/wp-json\/wp\/v2\/product_brand?post=98160"},{"taxonomy":"product_cat","embeddable":true,"href":"https:\/\/secureus.se\/fi\/wp-json\/wp\/v2\/product_cat?post=98160"},{"taxonomy":"product_tag","embeddable":true,"href":"https:\/\/secureus.se\/fi\/wp-json\/wp\/v2\/product_tag?post=98160"}],"curies":[{"name":"wp","href":"https:\/\/api.w.org\/{rel}","templated":true}]}}