{"id":98198,"date":"2022-06-17T12:33:02","date_gmt":"2022-06-17T10:33:02","guid":{"rendered":"https:\/\/secureus.se\/cardcase-smart-med-cardkeep-yoyo-4-art-nr-a0058nf\/"},"modified":"2025-12-31T20:00:29","modified_gmt":"2025-12-31T19:00:29","slug":"cardcase-smart-med-cardkeep-yoyo-4-art-nr-a0058nf","status":"publish","type":"product","link":"https:\/\/secureus.se\/fi\/cardcase-smart-med-cardkeep-yoyo-4-art-nr-a0058nf\/","title":{"rendered":"CardCase Smart ja CardKeep Yoyo 4 Tuotenro A0058NF"},"content":{"rendered":"","protected":false},"excerpt":{"rendered":"<p>Ponnahdustoiminnolla varustettu korttiteline \u00e4lysirulla varustetuille korteille. Nyt CardKeep Unihookilla, entist\u00e4 turvallisemmalla koukulla, jossa on saranapidike ja t\u00e4ysin tiukka korttipidike.<br \/>\nAsennettu CK Yoyo 4<br \/>\nV\u00e4ri: Musta<br \/>\nMuoto: CR80<br \/>\nMateriaali: ABS<\/p>","protected":false},"featured_media":144011,"template":"","meta":{"_acf_changed":false},"product_brand":[],"product_cat":[4888],"product_tag":[2960,2856],"class_list":{"0":"post-98198","1":"product","2":"type-product","3":"status-publish","4":"has-post-thumbnail","6":"product_cat-enkelsidig-staende-korthallare","7":"product_tag-cardkeep-supplier","8":"product_tag-populara-kombinationer","9":"product_shipping_class-postnord-varubrev","10":"pa_farg-svart","11":"tm-no-options","13":"first","14":"onbackorder","15":"taxable","16":"shipping-taxable","17":"purchasable","18":"product-type-simple"},"acf":[],"_links":{"self":[{"href":"https:\/\/secureus.se\/fi\/wp-json\/wp\/v2\/product\/98198","targetHints":{"allow":["GET"]}}],"collection":[{"href":"https:\/\/secureus.se\/fi\/wp-json\/wp\/v2\/product"}],"about":[{"href":"https:\/\/secureus.se\/fi\/wp-json\/wp\/v2\/types\/product"}],"wp:featuredmedia":[{"embeddable":true,"href":"https:\/\/secureus.se\/fi\/wp-json\/wp\/v2\/media\/144011"}],"wp:attachment":[{"href":"https:\/\/secureus.se\/fi\/wp-json\/wp\/v2\/media?parent=98198"}],"wp:term":[{"taxonomy":"product_brand","embeddable":true,"href":"https:\/\/secureus.se\/fi\/wp-json\/wp\/v2\/product_brand?post=98198"},{"taxonomy":"product_cat","embeddable":true,"href":"https:\/\/secureus.se\/fi\/wp-json\/wp\/v2\/product_cat?post=98198"},{"taxonomy":"product_tag","embeddable":true,"href":"https:\/\/secureus.se\/fi\/wp-json\/wp\/v2\/product_tag?post=98198"}],"curies":[{"name":"wp","href":"https:\/\/api.w.org\/{rel}","templated":true}]}}