{"id":98379,"date":"2024-09-11T14:39:14","date_gmt":"2024-09-11T12:39:14","guid":{"rendered":"https:\/\/secureus.se\/?post_type=product&#038;p=98379"},"modified":"2026-03-10T11:04:10","modified_gmt":"2026-03-10T10:04:10","slug":"ajax-junctionbox-kopplingsbox-kameror-vit","status":"publish","type":"product","link":"https:\/\/secureus.se\/fi\/ajax-junctionbox-kopplingsbox-kameror-vit\/","title":{"rendered":"Ajax JunctionBox Kytkent\u00e4rasiakamerat Valkoinen"},"content":{"rendered":"<h3><strong>Ajax JunctionBox<\/strong> on t\u00e4ydellinen ratkaisu Ajax Bullet-, Turret- ja MiniDome-kameroiden asennukseen ja kaapelien hallintaan.<\/h3>\n<p>T\u00e4m\u00e4 kest\u00e4v\u00e4st\u00e4 alumiinista (ADC12) valmistettu ja vedenpit\u00e4v\u00e4ll\u00e4 rakenteella varustettu liit\u00e4nt\u00e4rasia on sek\u00e4 kest\u00e4v\u00e4 ett\u00e4 turvallinen k\u00e4ytett\u00e4v\u00e4ksi sek\u00e4 sis\u00e4- ett\u00e4 ulkotiloissa. Se on IP66-luokiteltu, mik\u00e4 tarkoittaa, ett\u00e4 se suojaa tehokkaasti p\u00f6lylt\u00e4, vedelt\u00e4 ja muilta ymp\u00e4rist\u00f6vaikutuksilta, mik\u00e4 tekee siit\u00e4 ihanteellisen asennettavaksi kaikentyyppisiss\u00e4 s\u00e4\u00e4olosuhteissa.<\/p>\n<p>Ajax JunctionBox tarjoaa joustavan ratkaisun kaapelin reititt\u00e4miseen kahdella kaapelil\u00e4piviennill\u00e4 \u2013 yksi sivulla ja toinen ylh\u00e4\u00e4ll\u00e4. PG21-standardin mukainen kaapelil\u00e4pivienti varmistaa, ett\u00e4 kaapelit pysyv\u00e4t tukevasti paikoillaan ja est\u00e4v\u00e4t ei-toivotun vet\u00e4misen tai vaurioitumisen. T\u00e4m\u00e4 tekee asennuksesta sek\u00e4 helpompaa ett\u00e4 luotettavampaa ja tarjoaa puhtaan ja ammattimaisen viimeistelyn asennukselle.<\/p>\n<p>Jakorasia on erityisesti suunniteltu asennettavaksi betoniseiniin, kattoon tai pylv\u00e4isiin, joten se on riitt\u00e4v\u00e4n monipuolinen sek\u00e4 kaupalliseen ett\u00e4 yksityiseen k\u00e4ytt\u00f6\u00f6n. Asensitpa kamerat sis\u00e4- tai ulkotiloihin, Ajax JunctionBox tarjoaa kest\u00e4v\u00e4n ja tehokkaan suojan kaapeleille ja liit\u00e4nn\u00f6ille.<\/p>\n<p><strong>Tekniset tiedot<\/strong>:<\/p>\n<ul>\n<li><strong>Yhteensopivuus<\/strong>: Ajax Bullet-, Turret- ja MiniDome-kamerat<\/li>\n<li><strong>Materiaali<\/strong>: Alumiini ADC12<\/li>\n<li><strong>IP-luokka<\/strong>: IP66 (p\u00f6lytiivis ja vedenpit\u00e4v\u00e4)<\/li>\n<li><strong>L\u00e4mp\u00f6tila-alue<\/strong>: -25\u00b0C - +60\u00b0C<\/li>\n<li><strong>Kaapelin sis\u00e4\u00e4ntulo<\/strong>: PG21 standardi<\/li>\n<\/ul>\n<p><strong>K\u00e4ytt\u00f6alueet<\/strong>:<\/p>\n<ul>\n<li><strong>Asunnot<\/strong>: Ihanteellinen asennettavaksi seiniin, kattoon tai pilareihin kaapelien suojaamiseksi kameroita asennettaessa.<\/li>\n<li><strong>Yritykset ja toimistot<\/strong>: Sopii kaupallisiin kiinteist\u00f6ihin, jotka tarvitsevat turvakameroiden turvallista ja tehokasta kaapelinhallintaa.<\/li>\n<li><strong>Julkiset paikat<\/strong>: Ihanteellinen valvontaan ja turvallisten yhteyksien varmistamiseen julkisilla tai herkill\u00e4 alueilla.<\/li>\n<\/ul>\n<p><strong>Paketti sis\u00e4lt\u00e4\u00e4<\/strong>:<\/p>\n<ul>\n<li>Ajax JunctionBox<\/li>\n<li>Asennussarja<\/li>\n<li>Pika-aloitusopas<\/li>\n<\/ul>\n<p><strong>Johtop\u00e4\u00e4t\u00f6s<\/strong>: Ajax JunctionBox tarjoaa tehokkaan ja turvallisen ratkaisun Ajax IP -kameroiden asentamiseen.<\/p>\n<p>Kest\u00e4v\u00e4n muotoilunsa, vedenpit\u00e4vien ominaisuuksiensa ja helpon kaapelinhallinnan ansiosta se on luotettava valinta sek\u00e4 yksityisiin ett\u00e4 kaupallisiin turvallisuustarpeisiin.<\/p>","protected":false},"excerpt":{"rendered":"<p>Ajax JunctionBox on kest\u00e4v\u00e4 ja vedenpit\u00e4v\u00e4 asennusrasia Ajax Bullet, Turret ja MiniDome IP-kameroihin.<\/p>\n<p>IP66-luokituksensa ansiosta se suojaa elementeilt\u00e4 ja tarjoaa turvallisen kaapelinhallinnan.<\/p>","protected":false},"featured_media":151995,"template":"","meta":{"_acf_changed":false},"product_brand":[],"product_cat":[4011,3128],"product_tag":[4863],"class_list":{"0":"post-98379","1":"product","2":"type-product","3":"status-publish","4":"has-post-thumbnail","6":"product_cat-ajax-kameror","7":"product_cat-ajax-reservdelar-fasten","8":"product_tag-pf","9":"pa_brands-ajax-systems","10":"pa_farg-vit","11":"tm-no-options","13":"first","14":"instock","15":"sale","16":"taxable","17":"shipping-taxable","18":"purchasable","19":"product-type-simple"},"acf":[],"_links":{"self":[{"href":"https:\/\/secureus.se\/fi\/wp-json\/wp\/v2\/product\/98379","targetHints":{"allow":["GET"]}}],"collection":[{"href":"https:\/\/secureus.se\/fi\/wp-json\/wp\/v2\/product"}],"about":[{"href":"https:\/\/secureus.se\/fi\/wp-json\/wp\/v2\/types\/product"}],"wp:featuredmedia":[{"embeddable":true,"href":"https:\/\/secureus.se\/fi\/wp-json\/wp\/v2\/media\/151995"}],"wp:attachment":[{"href":"https:\/\/secureus.se\/fi\/wp-json\/wp\/v2\/media?parent=98379"}],"wp:term":[{"taxonomy":"product_brand","embeddable":true,"href":"https:\/\/secureus.se\/fi\/wp-json\/wp\/v2\/product_brand?post=98379"},{"taxonomy":"product_cat","embeddable":true,"href":"https:\/\/secureus.se\/fi\/wp-json\/wp\/v2\/product_cat?post=98379"},{"taxonomy":"product_tag","embeddable":true,"href":"https:\/\/secureus.se\/fi\/wp-json\/wp\/v2\/product_tag?post=98379"}],"curies":[{"name":"wp","href":"https:\/\/api.w.org\/{rel}","templated":true}]}}