{"id":98753,"date":"2024-09-26T15:36:53","date_gmt":"2024-09-26T13:36:53","guid":{"rendered":"https:\/\/secureus.se\/microsd-minneskort-128gb-ezviz-smart-card-pro-series\/"},"modified":"2026-02-02T15:51:12","modified_gmt":"2026-02-02T14:51:12","slug":"microsd-minneskort-128gb-ezviz-smart-card-pro-series","status":"publish","type":"product","link":"https:\/\/secureus.se\/fi\/microsd-minneskort-128gb-ezviz-smart-card-pro-series\/","title":{"rendered":"MicroSD-muistikortti 128 Gt - EZVIZ Smart Card Pro -sarja"},"content":{"rendered":"<p>EZVIZ Smart Card Pro -sarjan MicroSD-muistikortti 128 Gt:n tallennuskapasiteetilla tarjoaa t\u00e4ydellisen ratkaisun valvontaj\u00e4rjestelmille, \u00e4lypuhelimille ja muille laitteille, jotka tarvitsevat nopeaa tiedonsiirtoa ja luotettavaa tallennustilaa. Kortti on suunniteltu tarjoamaan erinomaista suorituskyky\u00e4 suurilla luku- ja kirjoitusnopeuksilla, joten se on ihanteellinen suurten tietom\u00e4\u00e4rien, kuten videotallenteiden, kuvien ja asiakirjojen, tallentamiseen.<\/p>\n<ul>\n<li><strong>Kapasiteetti:<\/strong> 128GB<\/li>\n<li><strong>Luokka:<\/strong> UHS-I, luokka 10<\/li>\n<li><strong>Lukunopeus:<\/strong> Jopa 100 MB\/s<\/li>\n<li><strong>Kirjoitusnopeus:<\/strong> Jopa 90 MB\/s<\/li>\n<li><strong>Yhteensopivuus:<\/strong> Sopii valvontakameroihin, \u00e4lypuhelimiin, tabletteihin ja muihin laitteisiin, jotka tukevat MicroSD-korttia.<\/li>\n<li><strong>Kest\u00e4vyys:<\/strong> Vedenkest\u00e4v\u00e4, iskunkest\u00e4v\u00e4 ja l\u00e4mp\u00f6tilankest\u00e4v\u00e4.<\/li>\n<li><strong>Ominaisuudet:<\/strong> Tukee 4K-videotallennusta ja nopeaa tiedonsiirtoa.<\/li>\n<\/ul>","protected":false},"excerpt":{"rendered":"<p>MicroSD-muistikortti 128 Gt:n tallennuskapasiteetilla EZVIZ Smart Card Pro -sarjasta. Ihanteellinen valvontakameroihin, \u00e4lypuhelimiin ja muihin laitteisiin, jotka vaativat nopeaa ja turvallista tallennusta.<\/p>","protected":false},"featured_media":136764,"template":"","meta":{"_acf_changed":false},"product_brand":[],"product_cat":[3260],"product_tag":[],"class_list":{"0":"post-98753","1":"product","2":"type-product","3":"status-publish","4":"has-post-thumbnail","6":"product_cat-micro-sd-minneskort","7":"product_shipping_class-postnord-varubrev","8":"pa_brands-ezviz","9":"tm-no-options","11":"first","12":"instock","13":"sale","14":"taxable","15":"shipping-taxable","16":"purchasable","17":"product-type-simple"},"acf":[],"_links":{"self":[{"href":"https:\/\/secureus.se\/fi\/wp-json\/wp\/v2\/product\/98753","targetHints":{"allow":["GET"]}}],"collection":[{"href":"https:\/\/secureus.se\/fi\/wp-json\/wp\/v2\/product"}],"about":[{"href":"https:\/\/secureus.se\/fi\/wp-json\/wp\/v2\/types\/product"}],"wp:featuredmedia":[{"embeddable":true,"href":"https:\/\/secureus.se\/fi\/wp-json\/wp\/v2\/media\/136764"}],"wp:attachment":[{"href":"https:\/\/secureus.se\/fi\/wp-json\/wp\/v2\/media?parent=98753"}],"wp:term":[{"taxonomy":"product_brand","embeddable":true,"href":"https:\/\/secureus.se\/fi\/wp-json\/wp\/v2\/product_brand?post=98753"},{"taxonomy":"product_cat","embeddable":true,"href":"https:\/\/secureus.se\/fi\/wp-json\/wp\/v2\/product_cat?post=98753"},{"taxonomy":"product_tag","embeddable":true,"href":"https:\/\/secureus.se\/fi\/wp-json\/wp\/v2\/product_tag?post=98753"}],"curies":[{"name":"wp","href":"https:\/\/api.w.org\/{rel}","templated":true}]}}