{"id":98757,"date":"2024-09-26T15:41:11","date_gmt":"2024-09-26T13:41:11","guid":{"rendered":"https:\/\/secureus.se\/microsd-minneskort-64gb-ezviz-smart-card-pro-series\/"},"modified":"2026-04-01T13:40:27","modified_gmt":"2026-04-01T11:40:27","slug":"microsd-minneskort-64gb-ezviz-smart-card-pro-series","status":"publish","type":"product","link":"https:\/\/secureus.se\/fi\/microsd-minneskort-64gb-ezviz-smart-card-pro-series\/","title":{"rendered":"MicroSD-muistikortti 64 Gt - EZVIZ Smart Card Pro -sarja"},"content":{"rendered":"<p>EZVIZ Smart Card Pro -sarjan MicroSD-muistikortti 64 Gt:lla tarjoaa optimaalisen tallennuskapasiteetin ja korkean suorituskyvyn valvontaj\u00e4rjestelmillesi, \u00e4lypuhelimillesi, droneille ja muille laitteille. Nopeiden luku- ja kirjoitusnopeuksiensa ansiosta t\u00e4m\u00e4 kortti sopii t\u00e4ydellisesti suurten tiedostojen, kuten HD-videon ja valokuvien, k\u00e4sittelyyn.<\/p>\n<ul>\n<li><strong>Kapasiteetti:<\/strong> 64GB<\/li>\n<li><strong>Luokka:<\/strong> UHS-I, luokka 10<\/li>\n<li><strong>Lukunopeus:<\/strong> Jopa 100 MB\/s<\/li>\n<li><strong>Kirjoitusnopeus:<\/strong> Jopa 90 MB\/s<\/li>\n<li><strong>Yhteensopivuus:<\/strong> Toimii turvakameroiden, \u00e4lypuhelimien, tablettien ja muiden MicroSD-korttia tukevien laitteiden kanssa.<\/li>\n<li><strong>Kest\u00e4vyys:<\/strong> Vedenkest\u00e4v\u00e4, iskunkest\u00e4v\u00e4 ja l\u00e4mp\u00f6tilankest\u00e4v\u00e4.<\/li>\n<li><strong>Ominaisuudet:<\/strong> Tukee HD-videotallennusta ja nopeaa tiedonsiirtoa.<\/li>\n<\/ul>","protected":false},"excerpt":{"rendered":"<p>EZVIZ Smart Card Pro -sarjan MicroSD-muistikortti 64 Gt:n tallennuskapasiteetilla. T\u00e4ydellinen turvakameroihin, \u00e4lypuhelimiin ja muihin laitteisiin, jotka vaativat nopeaa ja luotettavaa tallennusta.<\/p>","protected":false},"featured_media":136192,"template":"","meta":{"_acf_changed":false},"product_brand":[],"product_cat":[3260],"product_tag":[],"class_list":{"0":"post-98757","1":"product","2":"type-product","3":"status-publish","4":"has-post-thumbnail","6":"product_cat-micro-sd-minneskort","7":"product_shipping_class-postnord-varubrev","8":"pa_brands-ezviz","9":"tm-no-options","11":"first","12":"outofstock","13":"sale","14":"taxable","15":"shipping-taxable","16":"purchasable","17":"product-type-simple"},"acf":[],"_links":{"self":[{"href":"https:\/\/secureus.se\/fi\/wp-json\/wp\/v2\/product\/98757","targetHints":{"allow":["GET"]}}],"collection":[{"href":"https:\/\/secureus.se\/fi\/wp-json\/wp\/v2\/product"}],"about":[{"href":"https:\/\/secureus.se\/fi\/wp-json\/wp\/v2\/types\/product"}],"wp:featuredmedia":[{"embeddable":true,"href":"https:\/\/secureus.se\/fi\/wp-json\/wp\/v2\/media\/136192"}],"wp:attachment":[{"href":"https:\/\/secureus.se\/fi\/wp-json\/wp\/v2\/media?parent=98757"}],"wp:term":[{"taxonomy":"product_brand","embeddable":true,"href":"https:\/\/secureus.se\/fi\/wp-json\/wp\/v2\/product_brand?post=98757"},{"taxonomy":"product_cat","embeddable":true,"href":"https:\/\/secureus.se\/fi\/wp-json\/wp\/v2\/product_cat?post=98757"},{"taxonomy":"product_tag","embeddable":true,"href":"https:\/\/secureus.se\/fi\/wp-json\/wp\/v2\/product_tag?post=98757"}],"curies":[{"name":"wp","href":"https:\/\/api.w.org\/{rel}","templated":true}]}}