{"id":98777,"date":"2024-09-27T15:02:49","date_gmt":"2024-09-27T13:02:49","guid":{"rendered":"https:\/\/secureus.se\/?post_type=product&#038;p=98777"},"modified":"2026-04-09T11:34:21","modified_gmt":"2026-04-09T09:34:21","slug":"switch-5-portars-gigabit-poe-switch-10-gbps","status":"publish","type":"product","link":"https:\/\/secureus.se\/fi\/switch-5-portars-gigabit-poe-switch-10-gbps\/","title":{"rendered":"Kytkin 5-porttinen Gigabit PoE -kytkin, 10 Gbps"},"content":{"rendered":"<p>Kytkin 5-porttinen Gigabit PoE -kytkin, 10 Gbps<\/p>\n<div class=\"pd-overview-details pd-show-full-overview\">\n<div class=\"headernamehrnone\">TRENDnetin 5-porttinen Gigabit PoE+ Switch, malli TPE-TG50g, toimittaa dataa ja virtaa olemassa olevien Ethernet-kaapeleiden kautta PoE (Power over Ethernet) -laitteisiin, kuten tukiasemiin ja IP-kameroihin. se tukee sek\u00e4 PoE- ett\u00e4 PoE+ -laitteita 31 W:n PoE-tehobudjetilla. T\u00e4m\u00e4 kompakti, kest\u00e4v\u00e4 metallikytkin on helppo asentaa luotettaviin, nopeisiin PoE-verkkoihin.<\/div>\n<div><\/div>\n<div class=\"row headername\">\n<div class=\"item-header rd-hyg-item-header\"><strong>P\u00e4\u00e4ominaisuudet<\/strong><\/div>\n<div class=\"row\">\n<ul>\n<li>P\u00d6YT\u00c4K\u00c4YTT\u00d6: Kompaktin ja kevyen metallikotelon ansiosta t\u00e4m\u00e4 Ethernet-kytkin sopii hyvin ty\u00f6p\u00f6yt\u00e4asennuksiin.<\/li>\n<li>TIEDONSIIRTONOPEUS: Ethernet: 10 Mbps (half duplex), 20 Mbps (full duplex) Fast Ethernet: 100 Mbps (half duplex), 200 Mbps (full duplex) Gigabit: 2000 Mbps (full duplex)<\/li>\n<li>TRENDnet LIFETIME PROTECTION: Elinik\u00e4inen valmistajan takuu TRENDnetilt\u00e4<\/li>\n<li>P\u00d6YT\u00c4K\u00c4YTT\u00d6: Kompaktin ja kevyen metallikotelon ansiosta t\u00e4m\u00e4 Ethernet-kytkin sopii hyvin ty\u00f6p\u00f6yt\u00e4asennuksiin.<\/li>\n<\/ul>\n<ul class=\"mainfeatureslist\">\n<li>TIEDONSIIRTONOPEUS: Ethernet: 10 Mbps (half duplex), 20 Mbps (full duplex) Fast Ethernet: 100 Mbps (half duplex), 200 Mbps (full duplex) Gigabit: 2000 Mbps (full duplex)<\/li>\n<\/ul>\n<\/div>\n<\/div>\n<\/div>","protected":false},"excerpt":{"rendered":"<p>TRENDnet TPE-TG50G 5-porttinen Gigabit PoE -kytkin, 10 Gbps<\/p>","protected":false},"featured_media":136163,"template":"","meta":{"_acf_changed":false},"product_brand":[],"product_cat":[4148],"product_tag":[],"class_list":{"0":"post-98777","1":"product","2":"type-product","3":"status-publish","4":"has-post-thumbnail","6":"product_cat-poe-switchar","7":"pa_brands-trendnet","8":"tm-no-options","10":"first","11":"onbackorder","12":"sale","13":"taxable","14":"shipping-taxable","15":"purchasable","16":"product-type-simple"},"acf":[],"_links":{"self":[{"href":"https:\/\/secureus.se\/fi\/wp-json\/wp\/v2\/product\/98777","targetHints":{"allow":["GET"]}}],"collection":[{"href":"https:\/\/secureus.se\/fi\/wp-json\/wp\/v2\/product"}],"about":[{"href":"https:\/\/secureus.se\/fi\/wp-json\/wp\/v2\/types\/product"}],"wp:featuredmedia":[{"embeddable":true,"href":"https:\/\/secureus.se\/fi\/wp-json\/wp\/v2\/media\/136163"}],"wp:attachment":[{"href":"https:\/\/secureus.se\/fi\/wp-json\/wp\/v2\/media?parent=98777"}],"wp:term":[{"taxonomy":"product_brand","embeddable":true,"href":"https:\/\/secureus.se\/fi\/wp-json\/wp\/v2\/product_brand?post=98777"},{"taxonomy":"product_cat","embeddable":true,"href":"https:\/\/secureus.se\/fi\/wp-json\/wp\/v2\/product_cat?post=98777"},{"taxonomy":"product_tag","embeddable":true,"href":"https:\/\/secureus.se\/fi\/wp-json\/wp\/v2\/product_tag?post=98777"}],"curies":[{"name":"wp","href":"https:\/\/api.w.org\/{rel}","templated":true}]}}