{"id":98782,"date":"2024-09-27T15:02:51","date_gmt":"2024-09-27T13:02:51","guid":{"rendered":"https:\/\/secureus.se\/?post_type=product&#038;p=98782"},"modified":"2026-04-09T11:34:36","modified_gmt":"2026-04-09T09:34:36","slug":"switch-6-port-gigabit-ethernet-self-managed-switch-30w-poe-strom","status":"publish","type":"product","link":"https:\/\/secureus.se\/fi\/switch-6-port-gigabit-ethernet-self-managed-switch-30w-poe-strom\/","title":{"rendered":"Kytkin 6-porttinen Gigabit Ethernet Self-Managed Switch 30 W PoE teho"},"content":{"rendered":"<h1>Kytkin 6-porttinen Gigabit Ethernet Self-Managed Switch 30 W PoE teho<\/h1>\n<div class=\"headernamehrnone\">Tutustu ComNet CNGE6FX2TX4PoE:n tehokkuuteen, kompaktiin 6-porttiseen Gigabit Ethernet -kytkimeen, joka parantaa verkkosi suorituskyky\u00e4 ja luotettavuutta. T\u00e4ss\u00e4 itsehallittavassa kytkimess\u00e4 on 2 SFP FX- ja 4 TX-porttia 30 W:n PoE+ -teholla, mik\u00e4 sopii erinomaisesti vaativiin ymp\u00e4rist\u00f6ihin. Se sis\u00e4lt\u00e4\u00e4 Terminal Block -liittimen luotettavia yhteyksi\u00e4 varten ja nopeat asennusominaisuudet verkon v\u00e4lit\u00f6nt\u00e4 laajentamista varten. Nauti keskeytym\u00e4tt\u00f6m\u00e4st\u00e4 virransy\u00f6t\u00f6st\u00e4 PoE:n avulla, kehittyneell\u00e4 Layer 2 -tuella turvallista toimintaa varten ja k\u00e4tev\u00e4st\u00e4 sein\u00e4kiinnikkeest\u00e4, joka pit\u00e4\u00e4 tilat siistin\u00e4. Sen hallintaominaisuudet takaavat optimaalisen hallinnan ja suorituskyvyn jopa 10 kertaa tavallista Ethernet-verkkoa nopeammilla nopeuksilla ja kuituoptisella tuella. P\u00e4ivit\u00e4 verkkoasetuksesi t\u00e4n\u00e4\u00e4n ja koe saumaton yhteys!<\/div>\n<div class=\"row headername\">\n<div class=\"item-header rd-hyg-item-header\"><strong>P\u00e4\u00e4ominaisuudet<\/strong><\/div>\n<div class=\"row\">\n<ul>\n<li>Luo oma l\u00e4hiverkkosi ja liit\u00e4 tietokoneesi, kannettavasi, tulostimesi ja muut oheislaitteet nelj\u00e4n portin avulla<\/li>\n<li>S\u00e4hk\u00f6johtoja ja pistorasiaa ei tarvita, kytkin voi vastaanottaa virtaa PoE-l\u00e4hteest\u00e4<\/li>\n<li>Johtava Layer 2 -tuki lis\u00e4\u00e4 k\u00e4ytt\u00f6mukavuutta, turvallista liiketoimintaa ja rajattoman verkkokokemuksen<\/li>\n<li>Sein\u00e4kiinnitystoiminnolla voit helposti asentaa kytkimen ja samalla pit\u00e4\u00e4 johdot ja kaapelit kunnossa<\/li>\n<li>Hallintatoiminto mahdollistaa verkon asennuksen ja konfiguroinnin hallinnan<\/li>\n<li>Jopa 10 kertaa nopeampi kuin tavallinen Ethernet-palvelinyhteys ja tarjoaa korkean suorituskyvyn uplink-yhteyksi\u00e4<\/li>\n<li>Tukee optista kuitukaapelia pidempi\u00e4 et\u00e4isyyksi\u00e4 ja suuria tiedonsiirtonopeuksia varten palvelimien ja verkkokomponenttien v\u00e4lill\u00e4<\/li>\n<li>Jopa 10 kertaa nopeampi kuin tavallinen Ethernet-palvelinyhteys ja tarjoaa korkean suorituskyvyn uplink-yhteyksi\u00e4<\/li>\n<li>Tukee optista kuitukaapelia pidempi\u00e4 et\u00e4isyyksi\u00e4 ja suuria tiedonsiirtonopeuksia varten palvelimien ja verkkokomponenttien v\u00e4lill\u00e4<\/li>\n<\/ul>\n<\/div>\n<\/div>","protected":false},"excerpt":{"rendered":"<p>ComNet CNGE6FX2TX4PoE Pieni pinta-asennus 6-porttinen Gigabit Ethernet itsehallittava kytkin, 2 SFP FX, 4TX, 30 W PoE-virta<\/p>","protected":false},"featured_media":136730,"template":"","meta":{"_acf_changed":false},"product_brand":[],"product_cat":[4148],"product_tag":[],"class_list":{"0":"post-98782","1":"product","2":"type-product","3":"status-publish","4":"has-post-thumbnail","6":"product_cat-poe-switchar","7":"pa_brands-ultratech","8":"tm-no-options","10":"first","11":"outofstock","12":"sale","13":"taxable","14":"shipping-taxable","15":"purchasable","16":"product-type-simple"},"acf":[],"_links":{"self":[{"href":"https:\/\/secureus.se\/fi\/wp-json\/wp\/v2\/product\/98782","targetHints":{"allow":["GET"]}}],"collection":[{"href":"https:\/\/secureus.se\/fi\/wp-json\/wp\/v2\/product"}],"about":[{"href":"https:\/\/secureus.se\/fi\/wp-json\/wp\/v2\/types\/product"}],"wp:featuredmedia":[{"embeddable":true,"href":"https:\/\/secureus.se\/fi\/wp-json\/wp\/v2\/media\/136730"}],"wp:attachment":[{"href":"https:\/\/secureus.se\/fi\/wp-json\/wp\/v2\/media?parent=98782"}],"wp:term":[{"taxonomy":"product_brand","embeddable":true,"href":"https:\/\/secureus.se\/fi\/wp-json\/wp\/v2\/product_brand?post=98782"},{"taxonomy":"product_cat","embeddable":true,"href":"https:\/\/secureus.se\/fi\/wp-json\/wp\/v2\/product_cat?post=98782"},{"taxonomy":"product_tag","embeddable":true,"href":"https:\/\/secureus.se\/fi\/wp-json\/wp\/v2\/product_tag?post=98782"}],"curies":[{"name":"wp","href":"https:\/\/api.w.org\/{rel}","templated":true}]}}