{"id":98784,"date":"2024-09-27T15:02:51","date_gmt":"2024-09-27T13:02:51","guid":{"rendered":"https:\/\/secureus.se\/?post_type=product&#038;p=98784"},"modified":"2026-04-09T11:33:28","modified_gmt":"2026-04-09T09:33:28","slug":"switch-axis-8-portars-industriell-poe-gigabitswitch-2-sfp-2-rj45-portar-240-w-rackmontering","status":"publish","type":"product","link":"https:\/\/secureus.se\/fi\/switch-axis-8-portars-industriell-poe-gigabitswitch-2-sfp-2-rj45-portar-240-w-rackmontering\/","title":{"rendered":"Kytkin Axis 8-porttinen Industrial PoE gigabit -kytkin 2 SFP 2 RJ45-porttia 240 W, telineasennus"},"content":{"rendered":"<h1>Switch 8-porttinen Industrial PoE gigabit -kytkin<\/h1>\n<h2>2 SFP 2 RJ45-porttia 240 W, telineasennus<\/h2>\n<div class=\"headernamehrnone\">AXIS T8504-R Industrial PoE Switch on hallittu teollinen PoE++ Gigabit -kytkin, jossa on 4 porttia. Lis\u00e4ksi kytkimess\u00e4 on kaksi RJ45- ja kaksi SFP-dataporttia, jotka mahdollistavat lis\u00e4laitteiden liitt\u00e4misen.&nbsp;<\/p>\n<p><b>Vaativiin asennuksiin<\/b><\/p>\n<p>Vankka teollisuuskytkin on kehitetty vaativiin ymp\u00e4rist\u00f6ihin asennettuna valvontakaappiin. Se on suunniteltu kest\u00e4m\u00e4\u00e4n iskuja, t\u00e4rin\u00e4\u00e4 ja l\u00e4mp\u00f6tiloja -40 \u00b0C - 75 \u00b0C (-40 \u00b0F - 167 \u00b0F), joten se on ihanteellinen eritt\u00e4in vaativiin asennuksiin, kuten moottoriteiden ja tunnelien varrella.<\/p>\n<p><b>Helppo asentaa ja konfiguroida<\/b><\/p>\n<p>AXIS T8504-R Industrial PoE Switch on helppo asentaa AXIS-standardity\u00f6kaluilla, kuten AXIS IP Utility ja AXIS Device Manager. AXIS T8504-R:n mukana tulee my\u00f6s yksil\u00f6llinen salasana, helppok\u00e4ytt\u00f6inen asennusopas ja kattava valikoima konfigurointity\u00f6kaluja, mm. integroitu DHCP-palvelin IP-osoitteiden automaattista m\u00e4\u00e4rityst\u00e4 varten. Se mahdollistaa my\u00f6s entist\u00e4 kehittyneemm\u00e4t verkkokokoonpanot, kuten Rapid Ring Protection Protocol, VLAN, QoS, Security ja Spanning Tree kokonaisratkaisun optimoimiseksi entisest\u00e4\u00e4n.<\/p>\n<p><b>T\u00e4ydellinen yleiskatsaus ainutlaatuisella k\u00e4ytt\u00f6liittym\u00e4ll\u00e4<\/b><\/p>\n<p>AXIS T8504-R k\u00e4ytt\u00e4\u00e4 samaa intuitiivista j\u00e4rjestelm\u00e4nvalvojan k\u00e4ytt\u00f6liittym\u00e4\u00e4 kuin AXIS T85 PoE Network Switch Series. Ainutlaatuinen graafinen k\u00e4ytt\u00f6liittym\u00e4 tarjoaa graafisen topologian yksinkertaisen yleiskatsauksen kaikista j\u00e4rjestelm\u00e4n laitteista. Graafinen k\u00e4ytt\u00f6liittym\u00e4 tarjoaa tietoja, tilaa ja ilmoituksia liitetyist\u00e4 laitteista. Se mahdollistaa kaikkien kytkettyjen laitteiden hallinnan, j\u00e4rjestelm\u00e4n kameroiden uudelleenk\u00e4ynnistyksen, verkkoliikenteen seurannan, kaapelidiagnosiikan ja paljon muuta.<\/p>\n<\/div>\n<div class=\"row headername\">\n<div class=\"item-header rd-hyg-item-header\"><strong>P\u00e4\u00e4ominaisuudet<\/strong><\/div>\n<div class=\"row\">\n<ul>\n<li>Korkea saatavuus Rapid Ringill\u00e4<\/li>\n<li>Kaksinkertainen redundanssi tasavirralle<\/li>\n<li>Yhteensopiva High PoE 60W:n kanssa<\/li>\n<\/ul>\n<\/div>\n<\/div>","protected":false},"excerpt":{"rendered":"<p>AXIS T8504-R T85 -sarjan 8-porttinen Managed Industrial PoE Gigabit -kytkin, 2 SFP- ja 2 RJ45-porttia, 240 W, telineasennus<\/p>","protected":false},"featured_media":136347,"template":"","meta":{"_acf_changed":false},"product_brand":[],"product_cat":[4148],"product_tag":[],"class_list":{"0":"post-98784","1":"product","2":"type-product","3":"status-publish","4":"has-post-thumbnail","6":"product_cat-poe-switchar","7":"pa_brands-axis","8":"tm-no-options","10":"first","11":"onbackorder","12":"sale","13":"taxable","14":"shipping-taxable","15":"purchasable","16":"product-type-simple"},"acf":[],"_links":{"self":[{"href":"https:\/\/secureus.se\/fi\/wp-json\/wp\/v2\/product\/98784","targetHints":{"allow":["GET"]}}],"collection":[{"href":"https:\/\/secureus.se\/fi\/wp-json\/wp\/v2\/product"}],"about":[{"href":"https:\/\/secureus.se\/fi\/wp-json\/wp\/v2\/types\/product"}],"wp:featuredmedia":[{"embeddable":true,"href":"https:\/\/secureus.se\/fi\/wp-json\/wp\/v2\/media\/136347"}],"wp:attachment":[{"href":"https:\/\/secureus.se\/fi\/wp-json\/wp\/v2\/media?parent=98784"}],"wp:term":[{"taxonomy":"product_brand","embeddable":true,"href":"https:\/\/secureus.se\/fi\/wp-json\/wp\/v2\/product_brand?post=98784"},{"taxonomy":"product_cat","embeddable":true,"href":"https:\/\/secureus.se\/fi\/wp-json\/wp\/v2\/product_cat?post=98784"},{"taxonomy":"product_tag","embeddable":true,"href":"https:\/\/secureus.se\/fi\/wp-json\/wp\/v2\/product_tag?post=98784"}],"curies":[{"name":"wp","href":"https:\/\/api.w.org\/{rel}","templated":true}]}}