{"id":98786,"date":"2024-09-27T15:02:52","date_gmt":"2024-09-27T13:02:52","guid":{"rendered":"https:\/\/secureus.se\/?post_type=product&#038;p=98786"},"modified":"2026-04-23T13:31:14","modified_gmt":"2026-04-23T11:31:14","slug":"switch-hikvision-pro-series-8-portars-poe-6xgb-poe-90-w","status":"publish","type":"product","link":"https:\/\/secureus.se\/fi\/switch-hikvision-pro-series-8-portars-poe-6xgb-poe-90-w\/","title":{"rendered":"Switch Hikvision Pro Series 8-porttinen PoE 6\u00d7Gb PoE 90 W"},"content":{"rendered":"<h1>Swich Hikvision DS-3E0510HP-E Pro Series 8-porttinen PoE-kytkin ilman hallintaa<\/h1>\n<h2>6 x Gigabit PoE RJ45, 90 W<\/h2>\n<div class=\"headernamehrnone\">DS-3E0510HP-E-kytkimet ovat kerroksen 2 Hi-PoE-kytkimi\u00e4, jotka tarjoavat edistyneen PoE-virtal\u00e4hdeteknologian ja Gigabit-verkkosuunnittelun korkean suorituskyvyn pohjalta varmistaakseen vakaan tiedonsiirron. Kytkimet tukevat Hi-PoE-, pitk\u00e4n kantaman, portin erist\u00e4mist\u00e4 ja PoE-vahtitoimintoa.<\/div>\n<div><\/div>\n<div class=\"row headername\">\n<div class=\"item-header rd-hyg-item-header\"><strong>P\u00e4\u00e4ominaisuudet<\/strong><\/div>\n<div class=\"row\">\n<ul>\n<li>Jopa 300 metrin kantama.<\/li>\n<li>Tukee kustannustehokkaita kierrettyj\u00e4 parikaapeleita nopeaan tiedonsiirtoon jopa 100 metriin<\/li>\n<li>Gigabit Ethernet -portti huippunopeille verkkonopeuksille<\/li>\n<\/ul>\n<\/div>\n<\/div>","protected":false},"excerpt":{"rendered":"<p>Hikvision DS-3E0510HP-E Pro Series 8-porttinen PoE-kytkin ilman hallintaa, 6 \u00d7 Gigabit PoE RJ45, 90 W<\/p>","protected":false},"featured_media":136148,"template":"","meta":{"_acf_changed":false},"product_brand":[],"product_cat":[4148],"product_tag":[],"class_list":{"0":"post-98786","1":"product","2":"type-product","3":"status-publish","4":"has-post-thumbnail","6":"product_cat-poe-switchar","7":"pa_brands-hikvision","8":"tm-no-options","10":"first","11":"onbackorder","12":"sale","13":"taxable","14":"shipping-taxable","15":"purchasable","16":"product-type-simple"},"acf":[],"_links":{"self":[{"href":"https:\/\/secureus.se\/fi\/wp-json\/wp\/v2\/product\/98786","targetHints":{"allow":["GET"]}}],"collection":[{"href":"https:\/\/secureus.se\/fi\/wp-json\/wp\/v2\/product"}],"about":[{"href":"https:\/\/secureus.se\/fi\/wp-json\/wp\/v2\/types\/product"}],"wp:featuredmedia":[{"embeddable":true,"href":"https:\/\/secureus.se\/fi\/wp-json\/wp\/v2\/media\/136148"}],"wp:attachment":[{"href":"https:\/\/secureus.se\/fi\/wp-json\/wp\/v2\/media?parent=98786"}],"wp:term":[{"taxonomy":"product_brand","embeddable":true,"href":"https:\/\/secureus.se\/fi\/wp-json\/wp\/v2\/product_brand?post=98786"},{"taxonomy":"product_cat","embeddable":true,"href":"https:\/\/secureus.se\/fi\/wp-json\/wp\/v2\/product_cat?post=98786"},{"taxonomy":"product_tag","embeddable":true,"href":"https:\/\/secureus.se\/fi\/wp-json\/wp\/v2\/product_tag?post=98786"}],"curies":[{"name":"wp","href":"https:\/\/api.w.org\/{rel}","templated":true}]}}