{"id":98789,"date":"2024-09-27T15:02:52","date_gmt":"2024-09-27T13:02:52","guid":{"rendered":"https:\/\/secureus.se\/?post_type=product&#038;p=98789"},"modified":"2026-04-23T13:31:25","modified_gmt":"2026-04-23T11:31:25","slug":"switch-hikvision-smart-managed-series-24-port-poe-24x1-gbps-30w","status":"publish","type":"product","link":"https:\/\/secureus.se\/fi\/switch-hikvision-smart-managed-series-24-port-poe-24x1-gbps-30w\/","title":{"rendered":"Switch Hikvision Smart Managed Series 24 Port PoE 24\u00d71 Gbps 30W"},"content":{"rendered":"<h1>Switch Hikvision DS-3E1526P-SI Smart Managed Series 24-port Managed PoE<\/h1>\n<h2>24 \u00d7 1 Gbps PoE RJ45, 30 W<\/h2>\n<div class=\"headernamehrnone\">Hikvisionin kehitt\u00e4m\u00e4t \u00e4lykk\u00e4\u00e4t hallitut kytkimet ovat helppoja k\u00e4sitell\u00e4 ja huoltaa. Voit helposti ottaa k\u00e4ytt\u00f6\u00f6n, valvoa ja laajentaa turvaj\u00e4rjestelm\u00e4\u00e4si milloin tahansa ja miss\u00e4 tahansa ohjelmistoalustoillamme. Voit tarkastella verkon topologiaa, seurata verkon kuntoa ja vastaanottaa reaaliaikaisia laiteh\u00e4lytyksi\u00e4, mik\u00e4 v\u00e4hent\u00e4\u00e4 merkitt\u00e4v\u00e4sti verkon k\u00e4ytt\u00f6- ja yll\u00e4pitokustannuksia.<\/div>\n<div><\/div>\n<div class=\"row headername\">\n<div class=\"item-header rd-hyg-item-header\"><strong>P\u00e4\u00e4ominaisuudet<\/strong><\/div>\n<div class=\"row\">\n<ul>\n<li>24 \u00d7 gigabitin PoE-portit ja 2 \u00d7 gigabitin kuituoptiset portit<\/li>\n<li>IEEE 802.3 at\/af -standardi PoE-porteille<\/li>\n<li>Verkon topologian hallinta, h\u00e4lytysty\u00f6nt\u00f6, verkon kunnon seuranta<\/li>\n<li>6 KV ylij\u00e4nnitesuoja PoE-porteille.<\/li>\n<li>AF\/AT-kamera voi saavuttaa jopa 300 metrin laajennustilan.<\/li>\n<li>PoE Watchdog reagoimattomien kameroiden automaattiseen tunnistamiseen ja uudelleenk\u00e4ynnistykseen<\/li>\n<li>Eri kerroksen 2 hallintaprotokollat, kuten STP\/RSTP, VLAN, linkkien yhdist\u00e4minen, SNMP, QoS ja niin edelleen<\/li>\n<\/ul>\n<\/div>\n<\/div>","protected":false},"excerpt":{"rendered":"<p>Hikvision DS-3E1526P-SI Smart Managed Series 24-porttinen Managed PoE Switch, 24 \u00d7 1 Gbps PoE RJ45, 30 W<\/p>","protected":false},"featured_media":136334,"template":"","meta":{"_acf_changed":false},"product_brand":[],"product_cat":[4148],"product_tag":[],"class_list":{"0":"post-98789","1":"product","2":"type-product","3":"status-publish","4":"has-post-thumbnail","6":"product_cat-poe-switchar","7":"pa_brands-hikvision","8":"tm-no-options","10":"first","11":"instock","12":"sale","13":"taxable","14":"shipping-taxable","15":"purchasable","16":"product-type-simple"},"acf":[],"_links":{"self":[{"href":"https:\/\/secureus.se\/fi\/wp-json\/wp\/v2\/product\/98789","targetHints":{"allow":["GET"]}}],"collection":[{"href":"https:\/\/secureus.se\/fi\/wp-json\/wp\/v2\/product"}],"about":[{"href":"https:\/\/secureus.se\/fi\/wp-json\/wp\/v2\/types\/product"}],"wp:featuredmedia":[{"embeddable":true,"href":"https:\/\/secureus.se\/fi\/wp-json\/wp\/v2\/media\/136334"}],"wp:attachment":[{"href":"https:\/\/secureus.se\/fi\/wp-json\/wp\/v2\/media?parent=98789"}],"wp:term":[{"taxonomy":"product_brand","embeddable":true,"href":"https:\/\/secureus.se\/fi\/wp-json\/wp\/v2\/product_brand?post=98789"},{"taxonomy":"product_cat","embeddable":true,"href":"https:\/\/secureus.se\/fi\/wp-json\/wp\/v2\/product_cat?post=98789"},{"taxonomy":"product_tag","embeddable":true,"href":"https:\/\/secureus.se\/fi\/wp-json\/wp\/v2\/product_tag?post=98789"}],"curies":[{"name":"wp","href":"https:\/\/api.w.org\/{rel}","templated":true}]}}