{"id":98804,"date":"2024-09-27T15:02:52","date_gmt":"2024-09-27T13:02:52","guid":{"rendered":"https:\/\/secureus.se\/?post_type=product&#038;p=98804"},"modified":"2026-04-09T11:33:04","modified_gmt":"2026-04-09T09:33:04","slug":"switch-ultratech-9-portars-gigabit-8-xpoe-130w","status":"publish","type":"product","link":"https:\/\/secureus.se\/fi\/switch-ultratech-9-portars-gigabit-8-xpoe-130w\/","title":{"rendered":"Kytkin Ultratech 9-porttinen Gigabit 8 xPoE 130W"},"content":{"rendered":"<h1>Kytkin Ultratech 0E-9P8POEGIG 9-porttinen<\/h1>\n<h2>Gigabit-kytkin 8-PoE:ll\u00e4, 130W<\/h2>\n<div class=\"headernamehrnone\">\n<p>9 portin \/ 8 PoE Gigabit PoE Switch on t\u00e4ysin integroitu tukemaan turvavalvontaa, tarjoaa nopean pakettien edelleenl\u00e4hetyksen sek\u00e4 nopeat Ethernet-siirtonopeudet k\u00e4ytt\u00e4m\u00e4ll\u00e4 asianmukaista kaistanleveytt\u00e4, joka varmistaa selke\u00e4n kuvan\/tasaisen tiedonsiirron ja riitt\u00e4v\u00e4n kaistanleveyden ter\u00e4v\u00e4piirtovideota varten.<\/p>\n<\/div>\n<div class=\"row headername\">\n<div class=\"item-header rd-hyg-item-header\"><strong>P\u00e4\u00e4ominaisuudet<\/strong><\/div>\n<div class=\"row\">\n<ul>\n<li>8x 10\/100\/1000 Mbps PoE-portteja<\/li>\n<li>1x 10\/100\/1000 Mbps portti<\/li>\n<li>Helppo asennus: Plug and Play<\/li>\n<li>130 W PoE-budjetti<\/li>\n<li>Kytkent\u00e4kapasiteetti: 18 Gbps<\/li>\n<li>Portin tila: LED-merkkivalo<\/li>\n<li>Energiatehokas kytkin<\/li>\n<li>Takuu: Rajoitettu k\u00e4ytt\u00f6ik\u00e4<\/li>\n<\/ul>\n<\/div>\n<\/div>","protected":false},"excerpt":{"rendered":"<p>Ultratech 0E-9P8POEGIG 9-porttinen Gigabit-kytkin, 8-PoE, 130 W<\/p>","protected":false},"featured_media":135928,"template":"","meta":{"_acf_changed":false},"product_brand":[],"product_cat":[4148],"product_tag":[],"class_list":{"0":"post-98804","1":"product","2":"type-product","3":"status-publish","4":"has-post-thumbnail","6":"product_cat-poe-switchar","7":"pa_brands-ultratech","8":"tm-no-options","10":"first","11":"onbackorder","12":"taxable","13":"shipping-taxable","14":"purchasable","15":"product-type-simple"},"acf":[],"_links":{"self":[{"href":"https:\/\/secureus.se\/fi\/wp-json\/wp\/v2\/product\/98804","targetHints":{"allow":["GET"]}}],"collection":[{"href":"https:\/\/secureus.se\/fi\/wp-json\/wp\/v2\/product"}],"about":[{"href":"https:\/\/secureus.se\/fi\/wp-json\/wp\/v2\/types\/product"}],"wp:featuredmedia":[{"embeddable":true,"href":"https:\/\/secureus.se\/fi\/wp-json\/wp\/v2\/media\/135928"}],"wp:attachment":[{"href":"https:\/\/secureus.se\/fi\/wp-json\/wp\/v2\/media?parent=98804"}],"wp:term":[{"taxonomy":"product_brand","embeddable":true,"href":"https:\/\/secureus.se\/fi\/wp-json\/wp\/v2\/product_brand?post=98804"},{"taxonomy":"product_cat","embeddable":true,"href":"https:\/\/secureus.se\/fi\/wp-json\/wp\/v2\/product_cat?post=98804"},{"taxonomy":"product_tag","embeddable":true,"href":"https:\/\/secureus.se\/fi\/wp-json\/wp\/v2\/product_tag?post=98804"}],"curies":[{"name":"wp","href":"https:\/\/api.w.org\/{rel}","templated":true}]}}