{"id":98846,"date":"2024-09-30T14:44:49","date_gmt":"2024-09-30T12:44:49","guid":{"rendered":"https:\/\/secureus.se\/system-sensor-22051e-46-iv-optisk-analog-detektor-i-avancerad-serie\/"},"modified":"2026-04-24T12:47:07","modified_gmt":"2026-04-24T10:47:07","slug":"system-sensor-22051e-46-iv-optisk-analog-detektor-i-avancerad-serie","status":"publish","type":"product","link":"https:\/\/secureus.se\/fi\/system-sensor-22051e-46-iv-optisk-analog-detektor-i-avancerad-serie\/","title":{"rendered":"Savunilmaisinj\u00e4rjestelm\u00e4n anturi 22051E-46-IV, optinen analoginen"},"content":{"rendered":"<div class=\"headernamehrnone\">\n<p>22051E\/EI valos\u00e4hk\u00f6isess\u00e4 savunilmaisimessa on t\u00e4ysin uusi havaintokammiorakenne, joka on tulos System Sensorin vuosien tutkimuksen ja suunnittelun tuloksena. T\u00e4m\u00e4 parantaa vastetta, v\u00e4hent\u00e4\u00e4 p\u00f6lyn aiheuttamia herkkyysmuutoksia ja v\u00e4hemm\u00e4n v\u00e4\u00e4ri\u00e4 h\u00e4lytyksi\u00e4, jotka johtuvat hy\u00f6nteisten ja muiden roskien tunkeutumisesta. Laajennus k\u00e4ytt\u00e4\u00e4 kehittynytt\u00e4 k\u00e4sittelypiiri\u00e4, joka sis\u00e4lt\u00e4\u00e4 tasoitussuodattimet eliminoimaan ohimenevi\u00e4 ymp\u00e4rist\u00f6meluolosuhteita, jotka voivat aiheuttaa ei-toivottuja h\u00e4lytyksi\u00e4. Laitteita ohjataan sulautetulla ohjelmistolla, joka suorittaa monimutkaisia algoritmeja, jotka parantavat edelleen vastustuskyky\u00e4 v\u00e4\u00e4rille h\u00e4lytyksille ja lis\u00e4\u00e4v\u00e4t havaitsemisnopeutta.<\/p>\n<\/div>\n<div class=\"row headername\">\n<h5 class=\"item-header rd-hyg-item-header\"><strong>P\u00e4\u00e4ominaisuudet<\/strong><\/h5>\n<div class=\"row\">\n<ul>\n<li>Sis\u00e4lt\u00e4\u00e4 Series 200 Advanced Protocol -protokollan<\/li>\n<li>Saatavana yksinapaisella oikosulkueristyksell\u00e4 tai ilman tilantarkistuksen kanssa<\/li>\n<li>Kolmiv\u00e4rinen LED v\u00e4reill\u00e4 punainen, vihre\u00e4 ja keltainen<\/li>\n<li>Kytkin py\u00f6riville vuosikymmenen osoitteille<\/li>\n<li>Puhdas valkoinen v\u00e4ri, joka sopii moderneihin rakennuksiin<\/li>\n<li>100% mekaaninen ja s\u00e4hk\u00f6inen taaksep\u00e4in yhteensopivuus<\/li>\n<li>Uusi perusrakenne, joka t\u00e4ydent\u00e4\u00e4 ilmaisinta<\/li>\n<\/ul>\n<\/div>\n<\/div>\n<div><\/div>","protected":false},"excerpt":{"rendered":"<ul class=\"mainfeatureslist\">\n<li>Sis\u00e4lt\u00e4\u00e4 Series 200 Advanced Protocol -protokollan<\/li>\n<li>Saatavana yksinapaisella oikosulkueristyksell\u00e4 tai ilman tilantarkistuksen kanssa<\/li>\n<li>Kolmiv\u00e4rinen LED v\u00e4reill\u00e4 punainen, vihre\u00e4 ja keltainen<\/li>\n<\/ul>\n<p><strong>Korvaa 2251EM<\/strong><\/p>","protected":false},"featured_media":136646,"template":"","meta":{"_acf_changed":false},"product_brand":[],"product_cat":[4753],"product_tag":[],"class_list":{"0":"post-98846","1":"product","2":"type-product","3":"status-publish","4":"has-post-thumbnail","6":"product_cat-200-serien","7":"pa_brands-system-sensor","8":"tm-no-options","10":"first","11":"instock","12":"sale","13":"taxable","14":"shipping-taxable","15":"purchasable","16":"product-type-simple"},"acf":[],"_links":{"self":[{"href":"https:\/\/secureus.se\/fi\/wp-json\/wp\/v2\/product\/98846","targetHints":{"allow":["GET"]}}],"collection":[{"href":"https:\/\/secureus.se\/fi\/wp-json\/wp\/v2\/product"}],"about":[{"href":"https:\/\/secureus.se\/fi\/wp-json\/wp\/v2\/types\/product"}],"wp:featuredmedia":[{"embeddable":true,"href":"https:\/\/secureus.se\/fi\/wp-json\/wp\/v2\/media\/136646"}],"wp:attachment":[{"href":"https:\/\/secureus.se\/fi\/wp-json\/wp\/v2\/media?parent=98846"}],"wp:term":[{"taxonomy":"product_brand","embeddable":true,"href":"https:\/\/secureus.se\/fi\/wp-json\/wp\/v2\/product_brand?post=98846"},{"taxonomy":"product_cat","embeddable":true,"href":"https:\/\/secureus.se\/fi\/wp-json\/wp\/v2\/product_cat?post=98846"},{"taxonomy":"product_tag","embeddable":true,"href":"https:\/\/secureus.se\/fi\/wp-json\/wp\/v2\/product_tag?post=98846"}],"curies":[{"name":"wp","href":"https:\/\/api.w.org\/{rel}","templated":true}]}}