{"id":99616,"date":"2024-10-15T13:31:41","date_gmt":"2024-10-15T11:31:41","guid":{"rendered":"https:\/\/secureus.se\/varmedetektor-4351e-a-system-sensor-78c-konventionell-s300-termisk-detektor-med-fast-temperatur\/"},"modified":"2026-04-17T12:25:12","modified_gmt":"2026-04-17T10:25:12","slug":"varmedetektor-4351e-a-system-sensor-78c-konventionell-s300-termisk-detektor-med-fast-temperatur","status":"publish","type":"product","link":"https:\/\/secureus.se\/fi\/varmedetektor-4351e-a-system-sensor-78c-konventionell-s300-termisk-detektor-med-fast-temperatur\/","title":{"rendered":"L\u00e4mm\u00f6ntunnistin 4351E-A j\u00e4rjestelm\u00e4anturi 78\u00b0C - perinteinen S300 kiinte\u00e4n l\u00e4mp\u00f6tilan l\u00e4mp\u00f6anturi"},"content":{"rendered":"<h1>L\u00e4mm\u00f6ntunnistin 4351E-A j\u00e4rjestelm\u00e4anturi 78\u00b0C - perinteinen S300 kiinte\u00e4n l\u00e4mp\u00f6tilan l\u00e4mp\u00f6anturi<\/h1>\n<p class=\"\" data-start=\"565\" data-end=\"867\">System Sensor 4351E-A on perinteinen l\u00e4mp\u00f6anturi, joka kuuluu S300-sarjaan ja tarjoaa luotettavan ratkaisun palonilmaisuun ymp\u00e4rist\u00f6iss\u00e4, joissa l\u00e4mp\u00f6tilan vaihtelut ovat nopeita.<\/p>\n<p class=\"\" data-start=\"565\" data-end=\"867\">Kiinte\u00e4ll\u00e4 78 \u00b0C:n l\u00e4mp\u00f6tilalla t\u00e4m\u00e4 ilmaisin reagoi nopeasti tulipaloon ja l\u00e4mp\u00f6tilan muutoksiin.<\/p>\n<p class=\"\" data-start=\"869\" data-end=\"1178\">Ilmaisin on varustettu edistyneell\u00e4 l\u00e4mp\u00f6elementill\u00e4 ja sovelluskohtaisella integroidulla piirill\u00e4 (ASIC) tarkan ja nopean havaitsemisen varmistamiseksi.<\/p>\n<p class=\"\" data-start=\"869\" data-end=\"1178\">Huoltok\u00e4yntien v\u00e4listen v\u00e4\u00e4rien h\u00e4lytysten riskin v\u00e4hent\u00e4miseksi ilmaisin on my\u00f6s varustettu p\u00f6lynkest\u00e4v\u00e4ll\u00e4 kammiolla, jonka tunnistusteho on optimaalinen.<\/p>\n<p class=\"\" data-start=\"1180\" data-end=\"1510\">Kaksiv\u00e4rinen LED-ilmaisin n\u00e4ytt\u00e4\u00e4 ilmaisimen tilan (vihre\u00e4 normaalia toimintaa varten, punainen h\u00e4lytys).<\/p>\n<p class=\"\" data-start=\"1180\" data-end=\"1510\">Huollon helpottamiseksi sit\u00e4 voidaan k\u00e4ytt\u00e4\u00e4 yhdess\u00e4 k\u00e4dess\u00e4 pidett\u00e4v\u00e4n testilaitteen kanssa, joka mahdollistaa ilmaisimen et\u00e4ohjelmoinnin ja testauksen.<\/p>\n<p class=\"\" data-start=\"1180\" data-end=\"1510\">Se on taaksep\u00e4in yhteensopiva Series 100 -kantojen kanssa ja sen laaja k\u00e4ytt\u00f6j\u00e4nnite 8-30 VDC.<\/p>","protected":false},"excerpt":{"rendered":"<p>4351E-A on l\u00e4mp\u00f6l\u00e4mp\u00f6anturi, jonka kiinte\u00e4 l\u00e4mp\u00f6tila on 78 \u00b0C. Se tarjoaa nopean ja tarkan palonilmaisun l\u00e4mp\u00f6tilatasojen ja l\u00e4mp\u00f6tilan muutosten kautta.<\/p>\n<p>Se on ihanteellinen k\u00e4ytett\u00e4v\u00e4ksi ymp\u00e4rist\u00f6iss\u00e4, joissa l\u00e4mp\u00f6tila vaihtelee nopeasti.<\/p>","protected":false},"featured_media":136108,"template":"","meta":{"_acf_changed":false},"product_brand":[],"product_cat":[4754,4157],"product_tag":[],"class_list":{"0":"post-99616","1":"product","2":"type-product","3":"status-publish","4":"has-post-thumbnail","6":"product_cat-system-sensor-300-serien","7":"product_cat-varmedetektor","8":"pa_brands-system-sensor","9":"tm-no-options","11":"first","12":"instock","13":"taxable","14":"shipping-taxable","15":"purchasable","16":"product-type-simple"},"acf":[],"_links":{"self":[{"href":"https:\/\/secureus.se\/fi\/wp-json\/wp\/v2\/product\/99616","targetHints":{"allow":["GET"]}}],"collection":[{"href":"https:\/\/secureus.se\/fi\/wp-json\/wp\/v2\/product"}],"about":[{"href":"https:\/\/secureus.se\/fi\/wp-json\/wp\/v2\/types\/product"}],"wp:featuredmedia":[{"embeddable":true,"href":"https:\/\/secureus.se\/fi\/wp-json\/wp\/v2\/media\/136108"}],"wp:attachment":[{"href":"https:\/\/secureus.se\/fi\/wp-json\/wp\/v2\/media?parent=99616"}],"wp:term":[{"taxonomy":"product_brand","embeddable":true,"href":"https:\/\/secureus.se\/fi\/wp-json\/wp\/v2\/product_brand?post=99616"},{"taxonomy":"product_cat","embeddable":true,"href":"https:\/\/secureus.se\/fi\/wp-json\/wp\/v2\/product_cat?post=99616"},{"taxonomy":"product_tag","embeddable":true,"href":"https:\/\/secureus.se\/fi\/wp-json\/wp\/v2\/product_tag?post=99616"}],"curies":[{"name":"wp","href":"https:\/\/api.w.org\/{rel}","templated":true}]}}