{"id":99623,"date":"2024-10-15T13:27:28","date_gmt":"2024-10-15T11:27:28","guid":{"rendered":"https:\/\/secureus.se\/varmedetektor-5351te-a-system-sensor-58c-konventionell-fast-temperaturdetektor-klass-a2s\/"},"modified":"2026-04-23T13:31:22","modified_gmt":"2026-04-23T11:31:22","slug":"varmedetektor-5351te-a-system-sensor-58c-konventionell-fast-temperaturdetektor-klass-a2s","status":"publish","type":"product","link":"https:\/\/secureus.se\/fi\/varmedetektor-5351te-a-system-sensor-58c-konventionell-fast-temperaturdetektor-klass-a2s\/","title":{"rendered":"L\u00e4mm\u00f6nilmaisin 5351TE-A j\u00e4rjestelm\u00e4anturi 58\u00b0c - Perinteinen kiinte\u00e4 l\u00e4mp\u00f6tilatunnistin - luokka A2S"},"content":{"rendered":"<h1 class=\"headernamehrnone\">L\u00e4mm\u00f6nilmaisin 5351TE-A j\u00e4rjestelm\u00e4anturi 58\u00b0c - Perinteinen kiinte\u00e4 l\u00e4mp\u00f6tilatunnistin - luokka A2S<\/h1>\n<p class=\"\" data-start=\"544\" data-end=\"923\">System Sensor 5351TE-A on luotettava perinteinen kiinte\u00e4n l\u00e4mp\u00f6tilan ilmaisin, joka on osa edistynytt\u00e4 300-sarjaa. Kiinte\u00e4ll\u00e4 58\u00b0C l\u00e4mp\u00f6tilalla se reagoi nopeasti tulipaloon tai l\u00e4mp\u00f6tilan muutoksiin.<\/p>\n<p class=\"\" data-start=\"544\" data-end=\"923\">T\u00e4m\u00e4 tekee siit\u00e4 erityisen hy\u00f6dyllisen ymp\u00e4rist\u00f6iss\u00e4, joissa ilmassa on paljon ep\u00e4puhtauksia, kuten keitti\u00f6iss\u00e4 tai kattilahuoneissa, joissa savuilmaisimet antaisivat v\u00e4\u00e4ri\u00e4 h\u00e4lytyksi\u00e4.<\/p>\n<p class=\"\" data-start=\"925\" data-end=\"1326\">5351TE-A on varustettu sovelluskohtaisella integroidulla piirill\u00e4 (ASIC) ja uusimmalla l\u00e4mp\u00f6elementtiteknologialla, joka mahdollistaa tarkan ja tehokkaan palonilmaisun.<\/p>\n<p class=\"\" data-start=\"925\" data-end=\"1326\">Tunnistimessa on kaksiv\u00e4rinen LED-ilmaisin, joka n\u00e4ytt\u00e4\u00e4 ilmaisimen tilan (vihre\u00e4 normaalia toimintaa varten, punainen h\u00e4lytys).<\/p>\n<p class=\"\" data-start=\"925\" data-end=\"1326\">Siin\u00e4 on my\u00f6s ohjelmoitava herkkyys ja et\u00e4testausominaisuus, mik\u00e4 tekee yll\u00e4pidosta helppoa ja tehokasta.<\/p>\n<p data-start=\"925\" data-end=\"1326\">8\u201330 VDC k\u00e4ytt\u00f6j\u00e4nnitteen ja alhaisen virrankulutuksen ansiosta t\u00e4m\u00e4 ilmaisin on kustannustehokas ja kest\u00e4v\u00e4 valinta.<\/p>\n<p data-start=\"925\" data-end=\"1326\">Se on taaksep\u00e4in yhteensopiva Series 100 -tukiasemien kanssa, ja siin\u00e4 on edistyneit\u00e4 yll\u00e4pitoominaisuuksia, joita voidaan k\u00e4ytt\u00e4\u00e4 k\u00e4dess\u00e4 pidett\u00e4v\u00e4n testilaitteen kautta.<\/p>","protected":false},"excerpt":{"rendered":"<p>5351TE-A on tavallinen kiinte\u00e4n l\u00e4mp\u00f6tilan ilmaisin, jonka k\u00e4ytt\u00f6l\u00e4mp\u00f6tila on 58 \u00b0C, ja se on ihanteellinen ymp\u00e4rist\u00f6ihin, kuten keitti\u00f6ihin tai kattilahuoneisiin, joissa savuilmaisimet eiv\u00e4t sovellu.<\/p>\n<p>Siin\u00e4 on alhainen virrankulutus ja ohjelmoitava herkkyys.<\/p>","protected":false},"featured_media":137352,"template":"","meta":{"_acf_changed":false},"product_brand":[],"product_cat":[4754,4157],"product_tag":[],"class_list":{"0":"post-99623","1":"product","2":"type-product","3":"status-publish","4":"has-post-thumbnail","6":"product_cat-system-sensor-300-serien","7":"product_cat-varmedetektor","8":"pa_brands-system-sensor","9":"tm-no-options","11":"first","12":"onbackorder","13":"sale","14":"taxable","15":"shipping-taxable","16":"purchasable","17":"product-type-simple"},"acf":[],"_links":{"self":[{"href":"https:\/\/secureus.se\/fi\/wp-json\/wp\/v2\/product\/99623","targetHints":{"allow":["GET"]}}],"collection":[{"href":"https:\/\/secureus.se\/fi\/wp-json\/wp\/v2\/product"}],"about":[{"href":"https:\/\/secureus.se\/fi\/wp-json\/wp\/v2\/types\/product"}],"wp:featuredmedia":[{"embeddable":true,"href":"https:\/\/secureus.se\/fi\/wp-json\/wp\/v2\/media\/137352"}],"wp:attachment":[{"href":"https:\/\/secureus.se\/fi\/wp-json\/wp\/v2\/media?parent=99623"}],"wp:term":[{"taxonomy":"product_brand","embeddable":true,"href":"https:\/\/secureus.se\/fi\/wp-json\/wp\/v2\/product_brand?post=99623"},{"taxonomy":"product_cat","embeddable":true,"href":"https:\/\/secureus.se\/fi\/wp-json\/wp\/v2\/product_cat?post=99623"},{"taxonomy":"product_tag","embeddable":true,"href":"https:\/\/secureus.se\/fi\/wp-json\/wp\/v2\/product_tag?post=99623"}],"curies":[{"name":"wp","href":"https:\/\/api.w.org\/{rel}","templated":true}]}}