{"id":99726,"date":"2024-10-16T12:20:06","date_gmt":"2024-10-16T10:20:06","guid":{"rendered":"https:\/\/secureus.se\/?post_type=product&#038;p=99726"},"modified":"2026-04-08T16:14:54","modified_gmt":"2026-04-08T14:14:54","slug":"salto-mc0256-kontaktchip-kort-100-pack","status":"publish","type":"product","link":"https:\/\/secureus.se\/fi\/salto-mc0256-kontaktchip-kort-100-pack\/","title":{"rendered":"Salto MC0256 Kontaktisirukortti (100 kpl)"},"content":{"rendered":"<p>N\u00e4m\u00e4 Salto MC0256 kontaktisirukortit on tehty k\u00e4ytett\u00e4viksi Salto E5 kulunvalvontaj\u00e4rjestelmien kanssa.<\/p>\n<ul>\n<li>100 kpl pakkaus<\/li>\n<li>\u00c4lyk\u00e4s sirutekniikka<\/li>\n<li>256 tavua muistia<\/li>\n<\/ul>\n<p>\n <strong><br \/>\n Tuotteen paino:<br \/>\n 0,60 kg<br \/>\n <\/strong>\n <\/p>","protected":false},"excerpt":{"rendered":"<p>N\u00e4m\u00e4 Salto MC0256 kontaktisirukortit on tehty k\u00e4ytett\u00e4viksi Salto E5 kulunvalvontaj\u00e4rjestelmien kanssa. Pakkauksessa 100 kpl Smart sirutekniikka 256 tavua muistia Tuotteen paino: 0,60 kg<\/p>","protected":false},"featured_media":136286,"template":"","meta":{"_acf_changed":false},"product_brand":[],"product_cat":[4231],"product_tag":[4538],"class_list":{"0":"post-99726","1":"product","2":"type-product","3":"status-publish","4":"has-post-thumbnail","6":"product_cat-rfid-kort-salto","7":"product_tag-100-pack-lopnummer-rfid-kort","8":"product_shipping_class-postnord-varubrev","9":"pa_brands-salto","10":"tm-has-options","12":"first","13":"outofstock","14":"taxable","15":"shipping-taxable","16":"purchasable","17":"product-type-simple"},"acf":[],"_links":{"self":[{"href":"https:\/\/secureus.se\/fi\/wp-json\/wp\/v2\/product\/99726","targetHints":{"allow":["GET"]}}],"collection":[{"href":"https:\/\/secureus.se\/fi\/wp-json\/wp\/v2\/product"}],"about":[{"href":"https:\/\/secureus.se\/fi\/wp-json\/wp\/v2\/types\/product"}],"wp:featuredmedia":[{"embeddable":true,"href":"https:\/\/secureus.se\/fi\/wp-json\/wp\/v2\/media\/136286"}],"wp:attachment":[{"href":"https:\/\/secureus.se\/fi\/wp-json\/wp\/v2\/media?parent=99726"}],"wp:term":[{"taxonomy":"product_brand","embeddable":true,"href":"https:\/\/secureus.se\/fi\/wp-json\/wp\/v2\/product_brand?post=99726"},{"taxonomy":"product_cat","embeddable":true,"href":"https:\/\/secureus.se\/fi\/wp-json\/wp\/v2\/product_cat?post=99726"},{"taxonomy":"product_tag","embeddable":true,"href":"https:\/\/secureus.se\/fi\/wp-json\/wp\/v2\/product_tag?post=99726"}],"curies":[{"name":"wp","href":"https:\/\/api.w.org\/{rel}","templated":true}]}}