{"id":99733,"date":"2024-10-16T12:20:08","date_gmt":"2024-10-16T10:20:08","guid":{"rendered":"https:\/\/secureus.se\/?post_type=product&#038;p=99733"},"modified":"2026-04-13T16:07:18","modified_gmt":"2026-04-13T14:07:18","slug":"salto-mc0256b-kontaktchip-kort-blankt-vitt-kort-100-pack","status":"publish","type":"product","link":"https:\/\/secureus.se\/fi\/salto-mc0256b-kontaktchip-kort-blankt-vitt-kort-100-pack\/","title":{"rendered":"Salto MC0256B Kontaktisirukortti Kiilt\u00e4v\u00e4 valkoinen kortti (100 kpl)"},"content":{"rendered":"<h1 data-start=\"0\" data-end=\"193\">Salto MC0256B Kontaktisirukortti Kiilt\u00e4v\u00e4 valkoinen kortti (100 kpl)<\/h1>\n<p data-start=\"0\" data-end=\"193\">N\u00e4m\u00e4 Salto-tyhj\u00e4t valkoiset kontaktisirukortit ovat standardeja valkoisia Salto-\u00e4lykortteja, jotka on tarkoitettu k\u00e4ytett\u00e4v\u00e4ksi SALTO E5 -sarjan kulunvalvontaj\u00e4rjestelm\u00e4n kanssa.<\/p>\n<p data-start=\"0\" data-end=\"193\">Niill\u00e4 on my\u00f6s mahdollisuus uudelleenohjelmointiin.<\/p>\n<p data-start=\"195\" data-end=\"257\">100 kpl:n pakkaus.<br data-start=\"217\" data-end=\"220\" \/>\u00c4lyk\u00e4s sirutekniikka<br data-start=\"237\" data-end=\"240\" data-is-only-node=\"\" \/>256 tavua muistia<\/p>\n<p data-start=\"259\" data-end=\"281\" data-is-last-node=\"\" data-is-only-node=\"\">Tuotteen paino:<br data-start=\"271\" data-end=\"274\" \/>0,60 kg<\/p>","protected":false},"excerpt":{"rendered":"<p>Salto MC0256B Kontaktchip kort Blankt Vitt kort (100 Pack) Dessa Salto blanka vita kontaktchipkort \u00e4r standard vita Salto smarta chipkort som \u00e4r avsedda f\u00f6r anv\u00e4ndning med SALTO E5-seriens passerkontrollsystem. De<\/p>","protected":false},"featured_media":137340,"template":"","meta":{"_acf_changed":false},"product_brand":[],"product_cat":[4231],"product_tag":[],"class_list":{"0":"post-99733","1":"product","2":"type-product","3":"status-publish","4":"has-post-thumbnail","6":"product_cat-rfid-kort-salto","7":"product_shipping_class-tunga-paket","8":"pa_brands-salto","9":"tm-has-options","11":"first","12":"instock","13":"taxable","14":"shipping-taxable","15":"purchasable","16":"product-type-simple"},"acf":[],"_links":{"self":[{"href":"https:\/\/secureus.se\/fi\/wp-json\/wp\/v2\/product\/99733","targetHints":{"allow":["GET"]}}],"collection":[{"href":"https:\/\/secureus.se\/fi\/wp-json\/wp\/v2\/product"}],"about":[{"href":"https:\/\/secureus.se\/fi\/wp-json\/wp\/v2\/types\/product"}],"wp:featuredmedia":[{"embeddable":true,"href":"https:\/\/secureus.se\/fi\/wp-json\/wp\/v2\/media\/137340"}],"wp:attachment":[{"href":"https:\/\/secureus.se\/fi\/wp-json\/wp\/v2\/media?parent=99733"}],"wp:term":[{"taxonomy":"product_brand","embeddable":true,"href":"https:\/\/secureus.se\/fi\/wp-json\/wp\/v2\/product_brand?post=99733"},{"taxonomy":"product_cat","embeddable":true,"href":"https:\/\/secureus.se\/fi\/wp-json\/wp\/v2\/product_cat?post=99733"},{"taxonomy":"product_tag","embeddable":true,"href":"https:\/\/secureus.se\/fi\/wp-json\/wp\/v2\/product_tag?post=99733"}],"curies":[{"name":"wp","href":"https:\/\/api.w.org\/{rel}","templated":true}]}}