{"id":99785,"date":"2024-10-17T11:47:39","date_gmt":"2024-10-17T09:47:39","guid":{"rendered":"https:\/\/secureus.se\/?post_type=product&#038;p=99785"},"modified":"2026-04-23T11:57:37","modified_gmt":"2026-04-23T09:57:37","slug":"pakorningsskydd-for-trycke-vred","status":"publish","type":"product","link":"https:\/\/secureus.se\/fi\/pakorningsskydd-for-trycke-vred\/","title":{"rendered":"T\u00f6rm\u00e4yssuojaus mallille Trycke\/Vred"},"content":{"rendered":"<div>FLEXSTOP T\u00f6rm\u00e4yssuoja est\u00e4\u00e4 nuppeja\/painikkeita vahingoittumasta k\u00e4rryjen\/alusten t\u00f6rm\u00e4\u00e4ess\u00e4 niihin. Iskusuoja kiinnitet\u00e4\u00e4n nupin taakse tai paina ja ruuvataan 2 ruuvilla iskusuojan takareunaan. Itseporautuva ruuvi ja puuruuvit sis\u00e4ltyv\u00e4t pakkaukseen.<\/div>\n<div><\/div>\n<div><b>Ominaisuudet:<\/b><\/div>\n<div>\n<ul>\n<li>Yksinkertainen kokoonpano.<\/li>\n<li>Asennetaan nupin tai ty\u00f6ntimen taakse k\u00e4rryn\/aluksen korkeudesta riippuen.<\/li>\n<li>Materiaali: ruostumaton ter\u00e4s<\/li>\n<\/ul>\n<\/div>","protected":false},"excerpt":{"rendered":"<p>FLEXSTOP T\u00f6rm\u00e4yssuoja est\u00e4\u00e4 nuppeja\/painikkeita vahingoittumasta k\u00e4rryjen\/alusten t\u00f6rm\u00e4\u00e4ess\u00e4 niihin. Iskusuoja kiinnitet\u00e4\u00e4n nupin tai ty\u00f6ntimen taakse ja ruuvataan kahdella ruuvilla iskusuojan takareunaan. Itseporautuva ruuvi ja<\/p>","protected":false},"featured_media":137496,"template":"","meta":{"_acf_changed":false},"product_brand":[],"product_cat":[4176],"product_tag":[],"class_list":{"0":"post-99785","1":"product","2":"type-product","3":"status-publish","4":"has-post-thumbnail","6":"product_cat-tillbehor-dorrhandtag","7":"product_shipping_class-tunga-paket","8":"pa_brands-flexstop","9":"tm-no-options","11":"first","12":"outofstock","13":"taxable","14":"shipping-taxable","15":"purchasable","16":"product-type-simple"},"acf":[],"_links":{"self":[{"href":"https:\/\/secureus.se\/fi\/wp-json\/wp\/v2\/product\/99785","targetHints":{"allow":["GET"]}}],"collection":[{"href":"https:\/\/secureus.se\/fi\/wp-json\/wp\/v2\/product"}],"about":[{"href":"https:\/\/secureus.se\/fi\/wp-json\/wp\/v2\/types\/product"}],"wp:featuredmedia":[{"embeddable":true,"href":"https:\/\/secureus.se\/fi\/wp-json\/wp\/v2\/media\/137496"}],"wp:attachment":[{"href":"https:\/\/secureus.se\/fi\/wp-json\/wp\/v2\/media?parent=99785"}],"wp:term":[{"taxonomy":"product_brand","embeddable":true,"href":"https:\/\/secureus.se\/fi\/wp-json\/wp\/v2\/product_brand?post=99785"},{"taxonomy":"product_cat","embeddable":true,"href":"https:\/\/secureus.se\/fi\/wp-json\/wp\/v2\/product_cat?post=99785"},{"taxonomy":"product_tag","embeddable":true,"href":"https:\/\/secureus.se\/fi\/wp-json\/wp\/v2\/product_tag?post=99785"}],"curies":[{"name":"wp","href":"https:\/\/api.w.org\/{rel}","templated":true}]}}