{"id":99802,"date":"2024-10-17T11:47:40","date_gmt":"2024-10-17T09:47:40","guid":{"rendered":"https:\/\/secureus.se\/?post_type=product&#038;p=99802"},"modified":"2026-04-08T15:28:23","modified_gmt":"2026-04-08T13:28:23","slug":"splitpinne-520h-63mm","status":"publish","type":"product","link":"https:\/\/secureus.se\/fi\/splitpinne-520h-63mm\/","title":{"rendered":"Jakotappi 520H 63mm"},"content":{"rendered":"<div>ASSA ABLOY 520H on puolipainekara, jota k\u00e4ytet\u00e4\u00e4n s\u00e4hk\u00f6isiss\u00e4 ja mekaanisissa lukkokoteloissa, joissa on jaettu kara. K\u00e4ytet\u00e4\u00e4n my\u00f6s h\u00e4t\u00e4poistumisvarusteissa 179A, 179B, 179E, 179F, 179G ja 179J.<\/p>\n<p><b>Ominaisuudet:<\/b><\/p>\n<ul>\n<li>Halkaisija: 8 \u00d7 8 mm<\/li>\n<li>Pituus: 63 mm<\/li>\n<li>Mukana jousi, joka pit\u00e4\u00e4 tapin j\u00e4nnittyneen\u00e4 lukkokotelossa<\/li>\n<\/ul>\n<\/div>","protected":false},"excerpt":{"rendered":"<p>ASSA ABLOY 520H on puolipainekara, jota k\u00e4ytet\u00e4\u00e4n s\u00e4hk\u00f6isiss\u00e4 ja mekaanisissa lukkokoteloissa, joissa on jaettu kara. K\u00e4ytet\u00e4\u00e4n my\u00f6s h\u00e4t\u00e4poistumisvarusteissa 179A, 179B, 179E, 179F, 179G ja 179J. Ominaisuudet: Halkaisija: 8\u00d78<\/p>","protected":false},"featured_media":137452,"template":"","meta":{"_acf_changed":false},"product_brand":[],"product_cat":[4176],"product_tag":[],"class_list":{"0":"post-99802","1":"product","2":"type-product","3":"status-publish","4":"has-post-thumbnail","6":"product_cat-tillbehor-dorrhandtag","7":"product_shipping_class-postnord-varubrev","8":"pa_brands-abloy","9":"tm-no-options","11":"first","12":"instock","13":"taxable","14":"shipping-taxable","15":"purchasable","16":"product-type-simple"},"acf":[],"_links":{"self":[{"href":"https:\/\/secureus.se\/fi\/wp-json\/wp\/v2\/product\/99802","targetHints":{"allow":["GET"]}}],"collection":[{"href":"https:\/\/secureus.se\/fi\/wp-json\/wp\/v2\/product"}],"about":[{"href":"https:\/\/secureus.se\/fi\/wp-json\/wp\/v2\/types\/product"}],"wp:featuredmedia":[{"embeddable":true,"href":"https:\/\/secureus.se\/fi\/wp-json\/wp\/v2\/media\/137452"}],"wp:attachment":[{"href":"https:\/\/secureus.se\/fi\/wp-json\/wp\/v2\/media?parent=99802"}],"wp:term":[{"taxonomy":"product_brand","embeddable":true,"href":"https:\/\/secureus.se\/fi\/wp-json\/wp\/v2\/product_brand?post=99802"},{"taxonomy":"product_cat","embeddable":true,"href":"https:\/\/secureus.se\/fi\/wp-json\/wp\/v2\/product_cat?post=99802"},{"taxonomy":"product_tag","embeddable":true,"href":"https:\/\/secureus.se\/fi\/wp-json\/wp\/v2\/product_tag?post=99802"}],"curies":[{"name":"wp","href":"https:\/\/api.w.org\/{rel}","templated":true}]}}