{"id":99881,"date":"2024-10-17T11:47:37","date_gmt":"2024-10-17T09:47:37","guid":{"rendered":"https:\/\/secureus.se\/?post_type=product&#038;p=99881"},"modified":"2026-05-04T20:11:32","modified_gmt":"2026-05-04T18:11:32","slug":"sparranordning-84-vit","status":"publish","type":"product","link":"https:\/\/secureus.se\/fi\/sparranordning-84-vit\/","title":{"rendered":"Lukkolaite 84 \u2013 Fix 84 \u2013 Assa Abloy"},"content":{"rendered":"<div>ASSA ABLOY 84 on lukituslaite ikkunoihin ja ikkunaoviin, joissa halutaan rajoittaa avautumisasentoa.<\/div>\n<div><b><br \/>\nOminaisuudet: <\/b><\/div>\n<div>\n<ul>\n<li>Pys\u00e4ytt\u00e4\u00e4 jousen avoimeen asentoon, joka m\u00e4\u00e4r\u00e4ytyy pid\u00e4ttimen asennon mukaan.<\/li>\n<li>Voidaan vapauttaa painamalla lukituslevyn jousikuormitteinen lukituskieleke sis\u00e4\u00e4n ja samalla irrottamalla k\u00f6ysi.<\/li>\n<li>Sopii sek\u00e4 oikealle ett\u00e4 vasemmalle.<\/li>\n<li>HUOM! Ei lapsiyst\u00e4v\u00e4llinen<\/li>\n<li>Suositeltu ruuvi: TKFX 3,5 mm. (Mukana 4 kpl 3,5 \u00d7 25 mm)\n<div><\/div>\n<\/li>\n<\/ul>\n<\/div>\n<div><\/div>\n<div><\/div>","protected":false},"excerpt":{"rendered":"<ul>\n<li>Pys\u00e4ytt\u00e4\u00e4 jousen avoimeen asentoon, joka m\u00e4\u00e4r\u00e4ytyy pid\u00e4ttimen asennon mukaan.<\/li>\n<li>Voidaan vapauttaa painamalla lukituslevyn jousikuormitteinen lukituskieleke sis\u00e4\u00e4n ja samalla irrottamalla k\u00f6ysi.<\/li>\n<li>Sopii sek\u00e4 oikealle ett\u00e4 vasemmalle.<\/li>\n<li>Suositeltu ruuvi: TKFX 3,5 mm. (Mukana 4 kpl 3,5 \u00d7 25 mm)<\/li>\n<\/ul>","protected":false},"featured_media":158382,"template":"","meta":{"_acf_changed":false},"product_brand":[],"product_cat":[4177],"product_tag":[],"class_list":{"0":"post-99881","1":"product","2":"type-product","3":"status-publish","4":"has-post-thumbnail","6":"product_cat-tillbehor-spanjoletthandtag","7":"product_shipping_class-postnord-varubrev","8":"pa_brands-abloy","9":"tm-no-options","11":"first","12":"instock","13":"sale","14":"taxable","15":"shipping-taxable","16":"purchasable","17":"product-type-simple"},"acf":[],"_links":{"self":[{"href":"https:\/\/secureus.se\/fi\/wp-json\/wp\/v2\/product\/99881","targetHints":{"allow":["GET"]}}],"collection":[{"href":"https:\/\/secureus.se\/fi\/wp-json\/wp\/v2\/product"}],"about":[{"href":"https:\/\/secureus.se\/fi\/wp-json\/wp\/v2\/types\/product"}],"wp:featuredmedia":[{"embeddable":true,"href":"https:\/\/secureus.se\/fi\/wp-json\/wp\/v2\/media\/158382"}],"wp:attachment":[{"href":"https:\/\/secureus.se\/fi\/wp-json\/wp\/v2\/media?parent=99881"}],"wp:term":[{"taxonomy":"product_brand","embeddable":true,"href":"https:\/\/secureus.se\/fi\/wp-json\/wp\/v2\/product_brand?post=99881"},{"taxonomy":"product_cat","embeddable":true,"href":"https:\/\/secureus.se\/fi\/wp-json\/wp\/v2\/product_cat?post=99881"},{"taxonomy":"product_tag","embeddable":true,"href":"https:\/\/secureus.se\/fi\/wp-json\/wp\/v2\/product_tag?post=99881"}],"curies":[{"name":"wp","href":"https:\/\/api.w.org\/{rel}","templated":true}]}}