{"id":99885,"date":"2024-10-17T11:47:37","date_gmt":"2024-10-17T09:47:37","guid":{"rendered":"https:\/\/secureus.se\/?post_type=product&#038;p=99885"},"modified":"2026-04-09T10:17:22","modified_gmt":"2026-04-09T08:17:22","slug":"handtagssparr-kisi2-f-u26-for-7mm-sprint-f1-silver","status":"publish","type":"product","link":"https:\/\/secureus.se\/fi\/handtagssparr-kisi2-f-u26-for-7mm-sprint-f1-silver\/","title":{"rendered":"Kahvan lukko KISI2 F U26 7mm Sprint F1 Silverille"},"content":{"rendered":"<p>KISI2 F U26 on kahvalukko, joka on lapsiturvallinen ja hyv\u00e4ksytty kahvalukko. Tarkoitettu alumiinisille ikkunoiden kahveille, joissa on U26.<\/p>\n<p><b>Ominaisuudet:<\/b><\/p>\n<ul>\n<li>Hyv\u00e4ksytty standardin SS 3587 ja Nordtest-menetelm\u00e4n NT CONS 018 mukaisesti<\/li>\n<li>Lukitusasento: 180\u00b0 automaattisella lukituksella<\/li>\n<li>Tapin halkaisija: 7 mm<\/li>\n<li>Kahvan lukko: zamak, ohjaustapit<\/li>\n<li>Sprint: HOPPE solid sprintille<\/li>\n<li>Asennus: Piilotettu, ikkunakahvan ruusukkeeseen halkaisijaltaan 10 mm ohjaustapeilla,<\/li>\n<li>Asennetaan ikkunan kahvan ja ikkunan karmin v\u00e4liin<\/li>\n<li>Voidaan k\u00e4ytt\u00e4\u00e4 vain, jos molempia lukituspainikkeita painetaan samanaikaisesti<\/li>\n<\/ul>","protected":false},"excerpt":{"rendered":"<p>KISI2 F U26 on kahvalukko, joka on lapsiturvallinen ja hyv\u00e4ksytty kahvalukko. Tarkoitettu alumiinisille ikkunoiden kahveille, joissa on U26. Ominaisuudet: Hyv\u00e4ksytty standardin SS 3587 ja Nordtest-menetelm\u00e4n NT CONS mukaan<\/p>","protected":false},"featured_media":136863,"template":"","meta":{"_acf_changed":false},"product_brand":[],"product_cat":[4177],"product_tag":[],"class_list":{"0":"post-99885","1":"product","2":"type-product","3":"status-publish","4":"has-post-thumbnail","6":"product_cat-tillbehor-spanjoletthandtag","7":"product_shipping_class-postnord-varubrev","8":"pa_brands-hoppe","9":"tm-no-options","11":"first","12":"instock","13":"sale","14":"taxable","15":"shipping-taxable","16":"purchasable","17":"product-type-simple"},"acf":[],"_links":{"self":[{"href":"https:\/\/secureus.se\/fi\/wp-json\/wp\/v2\/product\/99885","targetHints":{"allow":["GET"]}}],"collection":[{"href":"https:\/\/secureus.se\/fi\/wp-json\/wp\/v2\/product"}],"about":[{"href":"https:\/\/secureus.se\/fi\/wp-json\/wp\/v2\/types\/product"}],"wp:featuredmedia":[{"embeddable":true,"href":"https:\/\/secureus.se\/fi\/wp-json\/wp\/v2\/media\/136863"}],"wp:attachment":[{"href":"https:\/\/secureus.se\/fi\/wp-json\/wp\/v2\/media?parent=99885"}],"wp:term":[{"taxonomy":"product_brand","embeddable":true,"href":"https:\/\/secureus.se\/fi\/wp-json\/wp\/v2\/product_brand?post=99885"},{"taxonomy":"product_cat","embeddable":true,"href":"https:\/\/secureus.se\/fi\/wp-json\/wp\/v2\/product_cat?post=99885"},{"taxonomy":"product_tag","embeddable":true,"href":"https:\/\/secureus.se\/fi\/wp-json\/wp\/v2\/product_tag?post=99885"}],"curies":[{"name":"wp","href":"https:\/\/api.w.org\/{rel}","templated":true}]}}