{"id":99899,"date":"2024-10-17T11:47:38","date_gmt":"2024-10-17T09:47:38","guid":{"rendered":"https:\/\/secureus.se\/?post_type=product&#038;p=99899"},"modified":"2026-04-01T14:18:24","modified_gmt":"2026-04-01T12:18:24","slug":"barnsakerhetssparr-184-vit","status":"publish","type":"product","link":"https:\/\/secureus.se\/fi\/barnsakerhetssparr-184-vit\/","title":{"rendered":"Lapsilukko Lukkolaite FIX 184 Valkoinen \u2013 Assa Abloy"},"content":{"rendered":"<div>ASSA ABLOY 184 on lapsilukko ikkunoihin ja ikkunaoviin, joissa halutaan rajoittaa avautumisasentoa.<\/div>\n<div><b><br \/>\nOminaisuudet:<\/b><\/div>\n<div>\n<ul>\n<li>T\u00e4ytt\u00e4\u00e4 standardin SS 3587 lastensuojeluvaatimukset.<\/li>\n<li>Linja muovik\u00e4\u00e4reist\u00e4 lankaa<\/li>\n<li>Suojakansi jauhemaalattua ter\u00e4st\u00e4, muut osat asetaalimuovia.<\/li>\n<li>Pys\u00e4ytt\u00e4\u00e4 jousen avoimeen asentoon, joka m\u00e4\u00e4r\u00e4ytyy pid\u00e4ttimen asennon mukaan.<\/li>\n<li>Voidaan vapauttaa painamalla lukituslevyn jousikuormitteinen lukituskieleke sis\u00e4\u00e4n ja samalla irrottamalla k\u00f6ysi.<\/li>\n<li>Suositeltu ruuvi: TKFX 3,5 mm.<\/li>\n<\/ul>\n<\/div>\n<div><\/div>","protected":false},"excerpt":{"rendered":"<p>ASSA ABLOY 184 on lapsilukko ikkunoihin ja ikkunaoviin, joissa halutaan rajoittaa avautumisasentoa. Ominaisuudet: T\u00e4ytt\u00e4\u00e4 standardin SS 3587 lastensuojeluvaatimukset. Linja muovik\u00e4\u00e4retty\u00e4 lankaa Suojakansi jauhemaalattua<\/p>","protected":false},"featured_media":136480,"template":"","meta":{"_acf_changed":false},"product_brand":[],"product_cat":[4177],"product_tag":[],"class_list":{"0":"post-99899","1":"product","2":"type-product","3":"status-publish","4":"has-post-thumbnail","6":"product_cat-tillbehor-spanjoletthandtag","7":"product_shipping_class-postnord-varubrev","8":"pa_brands-abloy","9":"tm-no-options","11":"first","12":"instock","13":"sale","14":"taxable","15":"shipping-taxable","16":"purchasable","17":"product-type-simple"},"acf":[],"_links":{"self":[{"href":"https:\/\/secureus.se\/fi\/wp-json\/wp\/v2\/product\/99899","targetHints":{"allow":["GET"]}}],"collection":[{"href":"https:\/\/secureus.se\/fi\/wp-json\/wp\/v2\/product"}],"about":[{"href":"https:\/\/secureus.se\/fi\/wp-json\/wp\/v2\/types\/product"}],"wp:featuredmedia":[{"embeddable":true,"href":"https:\/\/secureus.se\/fi\/wp-json\/wp\/v2\/media\/136480"}],"wp:attachment":[{"href":"https:\/\/secureus.se\/fi\/wp-json\/wp\/v2\/media?parent=99899"}],"wp:term":[{"taxonomy":"product_brand","embeddable":true,"href":"https:\/\/secureus.se\/fi\/wp-json\/wp\/v2\/product_brand?post=99899"},{"taxonomy":"product_cat","embeddable":true,"href":"https:\/\/secureus.se\/fi\/wp-json\/wp\/v2\/product_cat?post=99899"},{"taxonomy":"product_tag","embeddable":true,"href":"https:\/\/secureus.se\/fi\/wp-json\/wp\/v2\/product_tag?post=99899"}],"curies":[{"name":"wp","href":"https:\/\/api.w.org\/{rel}","templated":true}]}}