{"id":99933,"date":"2024-10-17T11:47:39","date_gmt":"2024-10-17T09:47:39","guid":{"rendered":"https:\/\/secureus.se\/?post_type=product&#038;p=99933"},"modified":"2026-04-08T15:29:03","modified_gmt":"2026-04-08T13:29:03","slug":"sakerhetsanordning-805-8x43-krom","status":"publish","type":"product","link":"https:\/\/secureus.se\/fi\/sakerhetsanordning-805-8x43-krom\/","title":{"rendered":"Turvalaite 805 8\u00d743 Chrome"},"content":{"rendered":"<div>ASA ABLOY 805 on turvaovi, jota k\u00e4ytet\u00e4\u00e4n kahvojen sijasta ikkunoissa, ikkunaovissa ja kaapin ovissa spanielilla, kun halutaan lasten turvallisuutta tai suojaa luvattomalta avaamiselta. Sopii portaikkoihin, k\u00e4yt\u00e4viin, sairaaloihin, lasten m\u00f6kkeihin tai vastaaviin. Tyyppihyv\u00e4ksytty lapsia suojaavaksi turvavarusteeksi. Kolmion muotoisen tapin ymp\u00e4rill\u00e4 on jousikuormitteinen lukituslevy. T\u00e4m\u00e4 on ty\u00f6nnett\u00e4v\u00e4 tarkkaan asentoon, jotta tappia voidaan k\u00e4\u00e4nt\u00e4\u00e4 ja vaikuttaa spanieliin.<\/p>\n<div><\/div>\n<div><b>Ominaisuudet:<\/b><\/p>\n<ul>\n<li>Tyyppihyv\u00e4ksytty lapsia suojaavaksi turvavarusteeksi.<\/li>\n<li>Vastaava kahva 811<\/li>\n<li>Sprint 8x 23\/33\/43\/53 mm karkaistua ter\u00e4st\u00e4. (Huom: vaikea leikata.)<\/li>\n<li>Saatavana my\u00f6s 7 mm tapilla<\/li>\n<li>Lukkokotelo kromattua zamak-metallia.<\/li>\n<li>Leveys: 25 mm<\/li>\n<li>Korkeus: 62 mm<\/li>\n<li>C\/C-kiinnitys: 43 mm<\/li>\n<\/ul>\n<\/div>\n<\/div>\n<div><\/div>","protected":false},"excerpt":{"rendered":"<p>ASA ABLOY 805 on turvaovi, jota k\u00e4ytet\u00e4\u00e4n kahvojen sijasta ikkunoissa, ikkunaovissa ja kaapin ovissa spanielilla, kun halutaan lasten turvallisuutta tai suojaa luvattomalta avaamiselta. Sopii portaikkoihin, k\u00e4yt\u00e4viin,<\/p>","protected":false},"featured_media":136808,"template":"","meta":{"_acf_changed":false},"product_brand":[],"product_cat":[4177],"product_tag":[],"class_list":{"0":"post-99933","1":"product","2":"type-product","3":"status-publish","4":"has-post-thumbnail","6":"product_cat-tillbehor-spanjoletthandtag","7":"product_shipping_class-postnord-varubrev","8":"pa_brands-abloy","9":"tm-no-options","11":"first","12":"instock","13":"taxable","14":"shipping-taxable","15":"purchasable","16":"product-type-simple"},"acf":[],"_links":{"self":[{"href":"https:\/\/secureus.se\/fi\/wp-json\/wp\/v2\/product\/99933","targetHints":{"allow":["GET"]}}],"collection":[{"href":"https:\/\/secureus.se\/fi\/wp-json\/wp\/v2\/product"}],"about":[{"href":"https:\/\/secureus.se\/fi\/wp-json\/wp\/v2\/types\/product"}],"wp:featuredmedia":[{"embeddable":true,"href":"https:\/\/secureus.se\/fi\/wp-json\/wp\/v2\/media\/136808"}],"wp:attachment":[{"href":"https:\/\/secureus.se\/fi\/wp-json\/wp\/v2\/media?parent=99933"}],"wp:term":[{"taxonomy":"product_brand","embeddable":true,"href":"https:\/\/secureus.se\/fi\/wp-json\/wp\/v2\/product_brand?post=99933"},{"taxonomy":"product_cat","embeddable":true,"href":"https:\/\/secureus.se\/fi\/wp-json\/wp\/v2\/product_cat?post=99933"},{"taxonomy":"product_tag","embeddable":true,"href":"https:\/\/secureus.se\/fi\/wp-json\/wp\/v2\/product_tag?post=99933"}],"curies":[{"name":"wp","href":"https:\/\/api.w.org\/{rel}","templated":true}]}}