{"id":99942,"date":"2024-10-17T11:47:39","date_gmt":"2024-10-17T09:47:39","guid":{"rendered":"https:\/\/secureus.se\/?post_type=product&#038;p=99942"},"modified":"2026-03-25T15:36:56","modified_gmt":"2026-03-25T14:36:56","slug":"trekantshandtag-811-krom","status":"publish","type":"product","link":"https:\/\/secureus.se\/fi\/trekantshandtag-811-krom\/","title":{"rendered":"Kolmion muotoinen kahva 811 Kromi"},"content":{"rendered":"<p>\nASSA ABLOY 811 on kahva turvalaitteen 805 k\u00e4ytt\u00f6\u00f6n.\u00a0<\/p>\n<div><\/div>\n<div><b>Ominaisuudet:<\/b><\/p>\n<ul>\n<li>Kun kahvaa k\u00e4\u00e4nnet\u00e4\u00e4n, jousi voidaan vet\u00e4\u00e4 itse\u00e4si kohti kahvalla.<\/li>\n<li>T\u00e4m\u00e4 voidaan poistaa vain suljetussa asennossa.<\/li>\n<\/ul>\n<\/div>","protected":false},"excerpt":{"rendered":"<p>ASSA ABLOY 811 on kahva turvalaitteen 805 k\u00e4ytt\u00f6\u00f6n. Ominaisuudet: Kahvaa k\u00e4\u00e4nnett\u00e4ess\u00e4 voidaan kahvasta vet\u00e4\u00e4 jousi itse\u00e4si kohti. T\u00e4m\u00e4 voidaan ottaa pois vain suljettuna<\/p>","protected":false},"featured_media":136777,"template":"","meta":{"_acf_changed":false},"product_brand":[],"product_cat":[4177],"product_tag":[],"class_list":{"0":"post-99942","1":"product","2":"type-product","3":"status-publish","4":"has-post-thumbnail","6":"product_cat-tillbehor-spanjoletthandtag","7":"product_shipping_class-postnord-varubrev","8":"pa_brands-abloy","9":"tm-no-options","11":"first","12":"instock","13":"taxable","14":"shipping-taxable","15":"purchasable","16":"product-type-simple"},"acf":[],"_links":{"self":[{"href":"https:\/\/secureus.se\/fi\/wp-json\/wp\/v2\/product\/99942","targetHints":{"allow":["GET"]}}],"collection":[{"href":"https:\/\/secureus.se\/fi\/wp-json\/wp\/v2\/product"}],"about":[{"href":"https:\/\/secureus.se\/fi\/wp-json\/wp\/v2\/types\/product"}],"wp:featuredmedia":[{"embeddable":true,"href":"https:\/\/secureus.se\/fi\/wp-json\/wp\/v2\/media\/136777"}],"wp:attachment":[{"href":"https:\/\/secureus.se\/fi\/wp-json\/wp\/v2\/media?parent=99942"}],"wp:term":[{"taxonomy":"product_brand","embeddable":true,"href":"https:\/\/secureus.se\/fi\/wp-json\/wp\/v2\/product_brand?post=99942"},{"taxonomy":"product_cat","embeddable":true,"href":"https:\/\/secureus.se\/fi\/wp-json\/wp\/v2\/product_cat?post=99942"},{"taxonomy":"product_tag","embeddable":true,"href":"https:\/\/secureus.se\/fi\/wp-json\/wp\/v2\/product_tag?post=99942"}],"curies":[{"name":"wp","href":"https:\/\/api.w.org\/{rel}","templated":true}]}}