{"id":11750,"date":"2022-06-10T10:08:44","date_gmt":"2022-06-10T08:08:44","guid":{"rendered":"https:\/\/secureus.se\/?page_id=11750"},"modified":"2026-03-13T14:03:39","modified_gmt":"2026-03-13T13:03:39","slug":"kundservice","status":"publish","type":"page","link":"https:\/\/secureus.se\/fr\/kundservice\/","title":{"rendered":"Service client"},"content":{"rendered":"<div class=\"wpb-content-wrapper\"><div class=\"vc_row wpb_row vc_row-fluid\"><\/div><div class=\"wpb_column vc_column_container vc_col-sm-12\"><div class=\"vc_column-inner\"><div class=\"wpb_wrapper\"><\/div><\/div><\/div>\n\t<div class=\"wpb_text_column wpb_content_element\" >\n\t\t<div class=\"wpb_wrapper\">\n\t\t\t\n\t\t<\/div>\n\t<\/div>\n<div class=\"vc_row wpb_row vc_row-fluid\"><\/div><div class=\"wpb_column vc_column_container vc_col-sm-12\"><div class=\"vc_column-inner\"><div class=\"wpb_wrapper\"><\/div><\/div><\/div>\n\t<div class=\"wpb_text_column wpb_content_element\" >\n\t\t<div class=\"wpb_wrapper\">\n\t\t\t\n\t\t<\/div>\n\t<\/div>\n<h1><strong>Contactez-nous<\/strong><\/h1>\n<p style=\"text-align: left;\">N&#039;h\u00e9sitez pas \u00e0 nous contacter en utilisant les informations ci-dessous.<\/p>\n<p style=\"text-align: left;\">Nous r\u00e9pondrons aux questions relatives aux achats ou aux commandes d\u00e8s que possible et au plus tard dans les 48 heures. En cas de r\u00e9clamation ou de retour, essayez de fournir le plus de d\u00e9tails possible. Remplissez le formulaire sur ce lien <strong><a href=\"https:\/\/secureus.se\/fr\/retur-reklamation\/\">www.secureus.se\/retur<\/a><\/strong><br \/>\nSaisissez le num\u00e9ro de commande et joignez des images si n\u00e9cessaire.<\/p>\n<p><strong>E-mail<\/strong>: secureus@secureus.se<br \/>\n<strong>Questions et factures par courrier \u00e9lectronique<\/strong>: facture@secureus.se<br \/>\n<strong>Num\u00e9ro d&#039;organisation<\/strong>: 559189-7383<br \/>\n<strong>T.V.A.<\/strong>: SE559189738301<br \/>\n<strong>\u00c9ori<\/strong>: SE5591897383<br \/>\n<strong>T\u00e9l<\/strong>: +46 31 70 70 201 <em data-start=\"389\" data-end=\"421\">(Nous parlons anglais et su\u00e9dois)<\/em><\/p>\n<p>\ud83d\udd53 <strong data-start=\"245\" data-end=\"260\">Horaires d&#039;ouverture du bureau de change :<\/strong><br data-start=\"260\" data-end=\"263\" \/>Du lundi au jeudi : 10h00\u201316h00<br data-start=\"288\" data-end=\"291\" \/>Vendredi : 10h00\u201315h00<br \/>\n<em data-start=\"389\" data-end=\"421\"><br \/>\n<\/em><strong>Compte bancaire \u2013 Swedbank<\/strong>: 8327-9,764 699 157-5<br \/>\n<span style=\"font-size: revert;\"><strong>Virement bancaire<\/strong>: 172-5126<\/span><\/p>\n<h2><strong>Paiement par facture et facture \u00e9lectronique pour les entreprises et les organisations<\/strong><\/h2>\n<p class=\"\" data-start=\"884\" data-end=\"963\">Nous proposons d\u00e9sormais le paiement par facture de deux mani\u00e8res :<\/p>\n<ol data-start=\"964\" data-end=\"1036\">\n<li class=\"\" data-start=\"964\" data-end=\"992\">\n<p class=\"\" data-start=\"967\" data-end=\"992\">Commandez par e-mail et<\/p>\n<\/li>\n<li class=\"\" data-start=\"993\" data-end=\"1036\">\n<p class=\"\" data-start=\"996\" data-end=\"1036\">Payez directement avec la facture au moment du paiement.<\/p>\n<\/li>\n<\/ol>\n<p class=\"\" data-start=\"1038\" data-end=\"1144\">Pour commander avec facture par e-mail, veuillez envoyer les informations suivantes \u00e0 <a href=\"mailto:secureus@secureus.se\">SECUREUS@SECUREUS.SE<\/a><\/p>\n<p>\u2022 Produit souhait\u00e9 et quantit\u00e9 de chaque produit (veuillez inclure le num\u00e9ro d&#039;article ou le lien)<br \/>\n\u2022 Adresse de facturation<br \/>\n\u2022 Adresse de livraison (veuillez noter que nous ne pouvons pas livrer de produits plus volumineux aux adresses des bo\u00eetes)<br \/>\n\u2022 Nom et num\u00e9ro de t\u00e9l\u00e9phone de la personne \u00e0 contacter<br \/>\n\u2022 Toutes r\u00e9f\u00e9rences de facture ou autres marquages souhait\u00e9s sur la facture<br \/>\n\u2022 Type de facture souhait\u00e9 : facture PDF envoy\u00e9e par courriel ou facture \u00e9lectronique.<\/p>\n<p>Apr\u00e8s avoir re\u00e7u votre commande et effectu\u00e9 une v\u00e9rification rapide de votre cr\u00e9dit, nous vous envoyons une confirmation de commande. Une fois la commande exp\u00e9di\u00e9e, nous vous communiquerons le num\u00e9ro de suivi.<\/p>\n<\/div>","protected":false},"excerpt":{"rendered":"<p>Contactez-nous Vous pouvez nous contacter en utilisant les informations ci-dessous. Nous r\u00e9pondrons dans les meilleurs d\u00e9lais et au plus tard sous 48 heures \u00e0 toute question concernant vos achats ou commandes. En cas de r\u00e9clamation ou de retour,<\/p>","protected":false},"author":1,"featured_media":0,"parent":0,"menu_order":0,"comment_status":"closed","ping_status":"closed","template":"","meta":{"_acf_changed":false,"footnotes":""},"class_list":["post-11750","page","type-page","status-publish","hentry"],"acf":[],"_links":{"self":[{"href":"https:\/\/secureus.se\/fr\/wp-json\/wp\/v2\/pages\/11750","targetHints":{"allow":["GET"]}}],"collection":[{"href":"https:\/\/secureus.se\/fr\/wp-json\/wp\/v2\/pages"}],"about":[{"href":"https:\/\/secureus.se\/fr\/wp-json\/wp\/v2\/types\/page"}],"author":[{"embeddable":true,"href":"https:\/\/secureus.se\/fr\/wp-json\/wp\/v2\/users\/1"}],"replies":[{"embeddable":true,"href":"https:\/\/secureus.se\/fr\/wp-json\/wp\/v2\/comments?post=11750"}],"version-history":[{"count":5,"href":"https:\/\/secureus.se\/fr\/wp-json\/wp\/v2\/pages\/11750\/revisions"}],"predecessor-version":[{"id":163184,"href":"https:\/\/secureus.se\/fr\/wp-json\/wp\/v2\/pages\/11750\/revisions\/163184"}],"wp:attachment":[{"href":"https:\/\/secureus.se\/fr\/wp-json\/wp\/v2\/media?parent=11750"}],"curies":[{"name":"wp","href":"https:\/\/api.w.org\/{rel}","templated":true}]}}