{"id":83144,"date":"2023-09-15T10:52:56","date_gmt":"2023-09-15T08:52:56","guid":{"rendered":"https:\/\/secureus.se\/?page_id=83144"},"modified":"2023-09-15T10:53:38","modified_gmt":"2023-09-15T08:53:38","slug":"personuppgifter","status":"publish","type":"page","link":"https:\/\/secureus.se\/fr\/personuppgifter\/","title":{"rendered":"Donn\u00e9es personnelles"},"content":{"rendered":"<h2><strong>En g\u00e9n\u00e9ral<\/strong><\/h2>\n<p>Dans le cadre de l&#039;inscription et de la commande, vous fournissez vos donn\u00e9es personnelles\u00a0; nom, adresse, e-mail et num\u00e9ro de t\u00e9l\u00e9phone. Cela signifie que vous acceptez que nous stockions et utilisions vos donn\u00e9es dans le cadre de nos op\u00e9rations pour remplir nos engagements envers vous. Lorsque vous cliquez sur commander dans notre boutique en ligne, ou lorsque vous vous inscrivez en tant que client sur secureus.se, ou que vous vous inscrivez \u00e0 notre newsletter, vous acceptez que secureus.se stocke les informations dont nous avons besoin pour pouvoir remplir nos engagements envers vous, tels que que votre commande ou l&#039;envoi de newsletters.<\/p>\n<p>Le responsable du traitement des donn\u00e9es personnelles est Secureus Sverige AB, num\u00e9ro d&#039;organisation 559189-7383, Solv\u00e4ndegatan 6, 441 58 Alings\u00e5s. Pour toute question concernant notre traitement des donn\u00e9es personnelles, vous pouvez nous contacter via : secureus@secureus.se<\/p>\n<p>Vos donn\u00e9es personnelles seront principalement trait\u00e9es au sein de l\u2019UE\/EEE. Certaines informations que le client choisit de fournir via les r\u00e9seaux sociaux, o\u00f9 secureus.se est pr\u00e9sent ainsi que via notre marketing num\u00e9rique, peuvent \u00eatre stock\u00e9es dans d&#039;autres pays via, par exemple, FaceBook, Instagram, Trustpilot et Google, sur la base des accords que vous avez conclus. en tant que consommateur, vous avez conclu avec ces parties.<\/p>\n<p>Les donn\u00e9es personnelles sont conserv\u00e9es aussi longtemps que cela est n\u00e9cessaire aux fins pour lesquelles vous avez fourni les donn\u00e9es. Vos donn\u00e9es personnelles peuvent \u00eatre conserv\u00e9es pendant une p\u00e9riode plus longue si cela est n\u00e9cessaire pour remplir une obligation l\u00e9gale en vertu de la loi applicable, ou pour que nous puissions \u00e9tablir, faire valoir ou d\u00e9fendre des r\u00e9clamations l\u00e9gales.<\/p>\n<p>Toute r\u00e9clamation concernant notre traitement des donn\u00e9es est adress\u00e9e \u00e0 Secureus comme ci-dessous et, si n\u00e9cessaire, \u00e9galement \u00e0 <a href=\"https:\/\/www.imy.se\/\" rel=\"noopener\">L&#039;Autorit\u00e9 su\u00e9doise de protection de la vie priv\u00e9e<\/a>.<\/p>\n<p>Secureus Su\u00e8de AB via secureus@secureus.se<\/p>\n<h2><strong>Vos droits selon le RGPD<\/strong><\/h2>\n<p>Conform\u00e9ment au RGPD, vous disposez du droit d&#039;enregistrement d&#039;extraits, de rectification, de suppression de donn\u00e9es, de limitation ainsi que du droit d&#039;opposition et de portabilit\u00e9 des donn\u00e9es. Ci-dessous, vous pouvez en savoir plus sur ce que cela signifie\u00a0:<\/p>\n<ul>\n<li>Droit d&#039;enregistrer des extraits\u00a0: Vous avez le droit de savoir quelles donn\u00e9es personnelles nous traitons \u00e0 votre sujet. \u00c0 votre demande, nous fournissons gratuitement des informations \u00e9crites sur notre traitement de vos donn\u00e9es personnelles.<\/li>\n<li>Correction d&#039;informations incorrectes : Vous avez le droit de demander que nous corrigions les informations incorrectes ou incompl\u00e8tes vous concernant. Vous qui disposez d&#039;un compte client pouvez \u00e9galement vous connecter \u00e0 votre compte et corriger toute information incorrecte qui s&#039;y trouve.<\/li>\n<li>Suppression de certaines donn\u00e9es : Sous certaines conditions, vous avez le droit de demander que nous supprimions vos donn\u00e9es personnelles, par exemple si les donn\u00e9es personnelles ne sont plus n\u00e9cessaires aux fins pour lesquelles nous avons collect\u00e9 les donn\u00e9es personnelles. Ou si vous vous opposez \u00e0 une mise en balance des int\u00e9r\u00eats l\u00e9gitimes que nous avons effectu\u00e9e et qu&#039;il n&#039;y a aucun soutien pour notre int\u00e9r\u00eat l\u00e9gitime. Ainsi que si les donn\u00e9es personnelles sont trait\u00e9es de mani\u00e8re ill\u00e9gale ou si les donn\u00e9es personnelles doivent \u00eatre supprim\u00e9es pour remplir une obligation l\u00e9gale. Malgr\u00e9 votre demande de suppression, nous devons dans certains cas conserver vos donn\u00e9es personnelles en raison d&#039;exigences l\u00e9gales telles que la l\u00e9gislation comptable et fiscale ou, par exemple, si nous devons conserver certaines donn\u00e9es afin d&#039;\u00e9tablir, de faire valoir ou de d\u00e9fendre des droits en justice.<\/li>\n<li>Droit \u00e0 la limitation du traitement de vos donn\u00e9es personnelles : Dans certains cas, vous avez le droit de demander une limitation du traitement de vos donn\u00e9es personnelles. Par exemple, si vous contestez l&#039;exactitude de vos donn\u00e9es personnelles, vous pouvez demander la limitation du traitement pendant une p\u00e9riode qui nous donne la possibilit\u00e9 de v\u00e9rifier si les donn\u00e9es personnelles sont correctes.<\/li>\n<li>Droit d&#039;opposition \u00e0 notre traitement de donn\u00e9es personnelles : Vous avez le droit, sous certaines conditions, de vous opposer \u00e0 notre traitement de vos donn\u00e9es personnelles. Vous avez le droit de vous opposer au traitement sur la base de notre int\u00e9r\u00eat l\u00e9gitime. Veuillez noter que nous pouvons continuer \u00e0 traiter vos donn\u00e9es, m\u00eame si vous vous \u00eates oppos\u00e9 au traitement, si nous avons des raisons l\u00e9gitimes et imp\u00e9rieuses pour le traitement qui l&#039;emportent sur votre int\u00e9r\u00eat en mati\u00e8re de confidentialit\u00e9.<\/li>\n<li>Droit \u00e0 la portabilit\u00e9 des donn\u00e9es : Vous avez le droit de demander une copie des donn\u00e9es personnelles que vous nous avez fournies dans un format structur\u00e9, couramment utilis\u00e9 et lisible par machine. Dans la mesure o\u00f9 cela est techniquement possible, ce qui est d\u00e9termin\u00e9 par Secureus Sverige AB, vous avez \u00e9galement le droit de demander que nous transf\u00e9rions ces donn\u00e9es personnelles \u00e0 un autre responsable du traitement des donn\u00e9es personnelles. Le droit \u00e0 la portabilit\u00e9 des donn\u00e9es s&#039;applique aux donn\u00e9es personnelles trait\u00e9es de mani\u00e8re automatis\u00e9e et repose sur un accord avec vous.<\/li>\n<\/ul>\n<h2><strong>Partage de donn\u00e9es personnelles<\/strong><\/h2>\n<p>Secureus Sverige AB peut partager vos donn\u00e9es personnelles avec des partenaires tels que des entreprises qui fournissent des services informatiques et des solutions de paiement. Ceux-ci traitent alors vos donn\u00e9es personnelles uniquement pour le compte de Secureus et selon les instructions de Secureus. Secureus prend ensuite des mesures pour garantir que vos donn\u00e9es personnelles sont trait\u00e9es de mani\u00e8re s\u00e9curis\u00e9e et avec un niveau de protection adapt\u00e9 \u00e0 la finalit\u00e9 lors de leur transfert ou de leur partage avec ces partenaires s\u00e9lectionn\u00e9s.<\/p>\n<p>Secureus peut \u00e9galement partager vos donn\u00e9es personnelles avec des soci\u00e9t\u00e9s qui traitent vos donn\u00e9es personnelles de mani\u00e8re ind\u00e9pendante sans que nous contr\u00f4lions la mani\u00e8re dont les donn\u00e9es personnelles sont trait\u00e9es, par exemple des soci\u00e9t\u00e9s qui s&#039;occupent du transport de marchandises et des solutions de paiement telles que Klarna. Secureus ne divulgue vos donn\u00e9es personnelles qu&#039;\u00e0 de telles entreprises afin de remplir nos engagements envers vous en tant que client, par exemple des soci\u00e9t\u00e9s de services informatiques et de comptabilit\u00e9 financi\u00e8re. Lorsque vos donn\u00e9es personnelles sont partag\u00e9es avec des entreprises qui sont des contr\u00f4leurs de donn\u00e9es personnels ind\u00e9pendants, vos donn\u00e9es personnelles sont trait\u00e9es conform\u00e9ment \u00e0 ce qui est indiqu\u00e9 dans les informations sur les donn\u00e9es personnelles de cette soci\u00e9t\u00e9.<\/p>\n<p>En outre, Secureus peut, dans des cas exceptionnels, partager vos donn\u00e9es personnelles avec les autorit\u00e9s si nous y sommes oblig\u00e9s par la loi ou en cas de soup\u00e7ons criminels.<\/p>\n<p>Les e-mails provenant de tiers ou concernant des biens ou des services qui ne sont pas directement li\u00e9s \u00e0 notre activit\u00e9 ne se produisent pas. Dans le cas des mailings d&#039;adh\u00e9sion, vous, en tant que client, pouvez facilement vous d\u00e9sinscrire via un lien dans l&#039;e-mail. Cela peut se produire sans que vous, en tant que client, ayez \u00e0 vous connecter ou autre.<\/p>\n<h2><strong>Les finalit\u00e9s pour lesquelles vos donn\u00e9es personnelles sont trait\u00e9es<\/strong><\/h2>\n<p>Secureus traite principalement vos donn\u00e9es personnelles afin de remplir nos engagements envers vous en tant que client, tels que l&#039;administration de votre compte utilisateur, le traitement de votre commande, les questions de service client et \u00e0 des fins de marketing ainsi que l&#039;envoi d&#039;informations. Des informations sur chaque finalit\u00e9 et la base juridique de notre traitement sont pr\u00e9sent\u00e9es ci-dessous.<\/p>\n<h3><strong>Pour vous g\u00e9rer en tant que client<\/strong><\/h3>\n<p>Lorsque vous commandez des marchandises sur secureus.se, nous vous demandons de saisir, par exemple, votre nom et vos coordonn\u00e9es afin de pouvoir traiter votre commande.<\/p>\n<p>Nous avons besoin d&#039;autres donn\u00e9es personnelles telles que les coordonn\u00e9es et les informations de paiement pour pouvoir g\u00e9rer et livrer votre commande et fournir un service. La base juridique est que le traitement est n\u00e9cessaire pour que Secureus puisse remplir le contrat avec vous en tant que client. Si vous ne fournissez pas les informations que nous demandons lors de la commande, vous, en tant que client, ne pourrez pas finaliser la commande.<\/p>\n<p>Secureus enregistre \u00e9galement l&#039;historique de vos commandes, qui contient des informations sur les produits que vous avez command\u00e9s, la quantit\u00e9, la date et le prix. Secureus enregistre cet historique afin de pouvoir vous fournir, en tant que client, le service appropri\u00e9 apr\u00e8s la commande, ainsi que pour traiter les \u00e9ventuelles r\u00e9clamations et exigences en vertu de la l\u00e9gislation en vigueur. La base juridique de ce traitement est notre int\u00e9r\u00eat l\u00e9gitime \u00e0 pouvoir vous fournir le service appropri\u00e9 en tant que client et \u00e0 pouvoir proc\u00e9der \u00e0 des \u00e9valuations, remplir nos obligations et sauvegarder nos droits en cas de r\u00e9clamation.<\/p>\n<p>Secureus traite \u00e9galement vos coordonn\u00e9es et votre historique de commandes afin de r\u00e9aliser des \u00e9tudes de march\u00e9 et de vous fournir des nouvelles et des informations en tant que client. La base juridique de ce traitement est l&#039;int\u00e9r\u00eat l\u00e9gitime de Secureus \u00e0 mener de telles enqu\u00eates afin de pouvoir \u00e9valuer et am\u00e9liorer notre commerce \u00e9lectronique et notre offre en tant que client.<\/p>\n<p>Vos donn\u00e9es peuvent \u00e9galement \u00eatre trait\u00e9es afin que nous puissions remplir nos obligations l\u00e9gales, par exemple conform\u00e9ment \u00e0 la loi comptable.<\/p>\n<p>Vos donn\u00e9es sont trait\u00e9es aussi longtemps que n\u00e9cessaire pour que nous puissions g\u00e9rer la commande et vous fournir un service en tant que client, ainsi que pour traiter les \u00e9ventuelles r\u00e9clamations et exigences concernant la l\u00e9gislation, mais pas plus d&#039;un an apr\u00e8s votre commande si nous n&#039;avons pas l&#039;obligation l\u00e9gale de les conserver plus longtemps.<\/p>\n<h3><strong>Pour ceux qui ont un compte client<\/strong><\/h3>\n<p>Lorsque vous cr\u00e9ez un compte client sur secureus.se, vous remplissez des informations telles que le nom, l&#039;adresse, l&#039;e-mail et le num\u00e9ro de portable. Vous pouvez \u00e0 tout moment vous connecter \u00e0 \u00ab Mon compte \u00bb et mettre \u00e0 jour vos donn\u00e9es personnelles. Secureus traite les donn\u00e9es pour cr\u00e9er et administrer votre compte. La base juridique de ce traitement est notre int\u00e9r\u00eat l\u00e9gitime \u00e0 fournir et \u00e0 g\u00e9rer votre compte client.<\/p>\n<p>Lorsque vous passez une commande connect\u00e9 au compte client, les finalit\u00e9s et fondements juridiques d\u00e9crits ci-dessus sous \u00ab Pour vous traiter en tant que client \u00bb s&#039;appliquent \u00e9galement. Cependant, vous pouvez commander des produits sur secureus.se sans cr\u00e9er de compte client.<\/p>\n<p>Si les comptes sont inactifs et qu&#039;il n&#039;y a aucun besoin professionnel l\u00e9gitime de les conserver (par exemple, pour permettre un acc\u00e8s futur aux services ou \u00e0 l&#039;historique), votre compte sera supprim\u00e9 si vous ne vous \u00eates pas connect\u00e9 au compte ou n&#039;avez pas pass\u00e9 de commande pendant 1 an ou notifi\u00e9. nous que vous souhaitez conserver le compte client.<\/p>\n<h3><strong>Pour ceux qui sont en contact avec le service client<\/strong><\/h3>\n<p>Lorsque vous contactez le service client, Secureus traite les donn\u00e9es personnelles que vous nous fournissez afin que nous puissions g\u00e9rer votre probl\u00e8me de service client. Nous conservons vos donn\u00e9es aussi longtemps que le dossier est en cours et les supprimons au plus tard un an apr\u00e8s la cl\u00f4ture du dossier. La base juridique de ce traitement est notre int\u00e9r\u00eat l\u00e9gitime et celui de votre int\u00e9r\u00eat l\u00e9gitime \u00e0 traiter votre dossier. Vos donn\u00e9es peuvent \u00e9galement \u00eatre trait\u00e9es autrement afin que nous puissions remplir nos obligations l\u00e9gales conform\u00e9ment \u00e0 des lois telles que la loi sur la s\u00e9curit\u00e9 des produits.<\/p>\n<h3><strong>Pour ceux qui visitent secureus.se<\/strong><\/h3>\n<p>Lorsque vous visitez secureus.se, nous collectons des informations sur votre adresse IP (voir \u00e9galement nos informations sur les cookies). D&#039;autres soci\u00e9t\u00e9s font \u00e9galement de m\u00eame lorsqu&#039;elles visitent secureus.se dans le cadre de l&#039;utilisation de cookies tiers. Comment cela se produit et comment vous pouvez limiter ou d\u00e9sactiver les cookies dans votre navigateur est d\u00e9crit dans la section ci-dessous Informations sur les cookies.<\/p>\n<p>Secureus utilise votre adresse IP pour emp\u00eacher les intrusions, les incidents et autres utilisations abusives de nos services sur secureus.se, pour conserver des statistiques sur les visiteurs et pour effectuer des mises \u00e0 jour et des am\u00e9liorations. La base juridique de ce traitement est notre int\u00e9r\u00eat l\u00e9gitime \u00e0 pr\u00e9venir les abus et \u00e0 avoir un commerce \u00e9lectronique qui fonctionne bien.<\/p>\n<h2><strong>Liens vers d&#039;autres sites Web<\/strong><\/h2>\n<p>Secureus.se peut contenir des liens vers d\u2019autres sites Web. Ces informations sur les donn\u00e9es personnelles s\u2019appliquent uniquement \u00e0 secureus.se. Secureus Sverige AB n&#039;est pas responsable du traitement des donn\u00e9es personnelles d&#039;autres sites Web et vous \u00eates donc encourag\u00e9 \u00e0 v\u00e9rifier les informations sur les donn\u00e9es personnelles qui s&#039;appliquent au site Web en question.<\/p>\n<h2><strong>Informations sur les cookies<\/strong><\/h2>\n<h3><strong>En g\u00e9n\u00e9ral<\/strong><\/h3>\n<p>Un cookie est un petit fichier texte qui est stock\u00e9 sur votre ordinateur, votre tablette, votre t\u00e9l\u00e9phone mobile ou un appareil similaire, et lors de visites ult\u00e9rieures extraites de celui-ci, lorsque vous visitez secureus.se. Les cookies sont utilis\u00e9s sur de nombreux sites Web pour permettre \u00e0 un visiteur d&#039;acc\u00e9der \u00e0 diverses fonctions. Les cookies permettent \u00e9galement au site Web de m\u00e9moriser des informations sur votre visite afin de vous offrir, en tant que visiteur, une meilleure exp\u00e9rience utilisateur.<br \/>\nConform\u00e9ment \u00e0 la loi sur les communications \u00e9lectroniques, entr\u00e9e en vigueur le 25 juillet 2003, toute personne visitant un site Internet utilisant des cookies doit recevoir des informations sur :<\/p>\n<ul>\n<li>Que le site Web contient des cookies.<\/li>\n<li>\u00c0 quoi servent ces cookies.<\/li>\n<li>Comment \u00e9viter les cookies.<\/li>\n<\/ul>\n<p>Si vous n&#039;acceptez pas les cookies dans votre navigateur, une grande partie des fonctionnalit\u00e9s des pages ne fonctionneront pas. En effet, le site Web pensera qu\u2019il s\u2019agit d\u2019un tout nouveau visiteur \u00e0 chaque chargement de page. Si vous ne souhaitez pas accepter les cookies, votre navigateur peut \u00eatre configur\u00e9 pour que vous refusiez automatiquement le stockage des cookies ou que vous soyez inform\u00e9 chaque fois qu&#039;un site Web demande le stockage d&#039;un cookie. Gr\u00e2ce au navigateur, les cookies pr\u00e9c\u00e9demment stock\u00e9s peuvent \u00e9galement \u00eatre supprim\u00e9s. Consultez les pages d&#039;aide de votre navigateur pour plus d&#039;informations.<\/p>\n<p>Secureus.se utilise des cookies n\u00e9cessaires au site Web, ainsi que des cookies de configuration et d&#039;analyse. Il existe \u00e9galement des cookies tiers, ce qui signifie que le cookie ne vient pas de nous mais de quelqu&#039;un d&#039;autre. Secureus.se utilise des cookies tiers pour analyser l&#039;utilisation du site Web afin de pouvoir constamment d\u00e9velopper notre activit\u00e9 et l&#039;exp\u00e9rience utilisateur pour vous en tant que client. Voir plus d\u2019informations sur les cookies tiers sp\u00e9cifiques ci-dessous.<\/p>\n<p><strong>Nos cookies :<\/strong><\/p>\n<ul>\n<li><strong>N\u00e9cessaire<\/strong><br \/>\nCes cookies sont n\u00e9cessaires au fonctionnement correct et s\u00e9curis\u00e9 du site Internet. Il n\u2019est donc pas possible de les s\u00e9lectionner. Les cookies n\u00e9cessaires activent les fonctions de base du site Web telles que la navigation entre les diff\u00e9rentes pages et l&#039;achat de fonctionnalit\u00e9s.<\/li>\n<li><strong>Param\u00e8tres<\/strong><br \/>\nCes cookies permettent au site Web de m\u00e9moriser des informations qui modifient le fonctionnement ou l&#039;affichage du site Web. Les cookies de configuration sont des cookies non n\u00e9cessaires qui, contrairement aux cookies n\u00e9cessaires, ne sont pas absolument n\u00e9cessaires au fonctionnement du site Web.<\/li>\n<li><strong>Analyse<\/strong><br \/>\nCes cookies aident secureus.se \u00e0 am\u00e9liorer le site Web en comprenant comment vous l&#039;utilisez en tant que visiteur. Cela se fait en collectant des informations anonymis\u00e9es sur, par exemple, le comportement d&#039;achat, les mod\u00e8les et les heures de clic. Les cookies d\u2019analyse sont des cookies non n\u00e9cessaires qui, contrairement aux cookies n\u00e9cessaires, ne sont pas n\u00e9cessaires au fonctionnement du site Web.<\/li>\n<li><strong>Utilisation de Google Analytics\/Tag Manager (cookie tiers)<\/strong><br \/>\nSecureus.se utilise Google Analytics et Google Tag Manager qui sont des produits accept\u00e9s de Google et qui utilisent des cookies pour comprendre de mani\u00e8re g\u00e9n\u00e9rale comment les visiteurs interagissent avec le site Web. Les informations contenues dans ces cookies, y compris votre adresse IP, seront fournies par Google, stock\u00e9es et utilis\u00e9es via Google Analytics sur des serveurs aux \u00c9tats-Unis. Si, en tant qu&#039;internaute, vous souhaitez sp\u00e9cifiquement \u00e9viter d&#039;\u00eatre suivi par Google, Google propose lui-m\u00eame le service suivant\u00a0: https:\/\/tools.google.com\/dlpage\/gaoptout<\/li>\n<\/ul>\n<h3><strong>D\u00e9sactivation des Cookies<\/strong><\/h3>\n<p>En tant que visiteur de secureus.se, vous avez la possibilit\u00e9 de faire activement des choix concernant votre traitement des cookies via une bo\u00eete d&#039;information qui vous est pr\u00e9sent\u00e9e en tant qu&#039;utilisateur lorsque vous visitez le site Web. Votre approbation est requise pour l&#039;utilisation de cookies, mais pas pour les cookies qui sont n\u00e9cessaires pour activer le service que vous, en tant qu&#039;utilisateur, avez demand\u00e9 (appel\u00e9s cookies n\u00e9cessaires). Vous choisissez donc vous-m\u00eame, avant d&#039;acc\u00e9der au site Internet, si vous souhaitez ou non accepter les cookies non n\u00e9cessaires.<\/p>\n<p>En cliquant sur l&#039;option &quot;Tout autoriser&quot;, vous acceptez l&#039;utilisation de tous les cookies. En cliquant sur l&#039;option \u00ab Autoriser la s\u00e9lection \u00bb, vous approuvez uniquement les cookies que vous avez vous-m\u00eame s\u00e9lectionn\u00e9s, c&#039;est-\u00e0-dire les cookies en plus des cookies n\u00e9cessaires. Vous pouvez \u00e9galement r\u00e9initialiser les param\u00e8tres via le navigateur puis effectuer de nouveaux choix via la bo\u00eete d&#039;information initiale.<\/p>\n<p>De plus, vous avez la possibilit\u00e9 de d\u00e9sactiver ou de limiter l&#039;utilisation des cookies via les param\u00e8tres de s\u00e9curit\u00e9 de votre navigateur. Utilisez la fonction d&#039;aide de votre navigateur pour savoir comment proc\u00e9der.<\/p>\n<p>Si vous choisissez l&#039;option \u00ab\u00a0Rejeter\u00a0\u00bb, d\u00e9sactivez ou limitez les cookies sur le site Web, cela peut signifier que vous ne pouvez pas utiliser tous les services et fonctions du site Web.<\/p>\n<h2>Modifications de ces informations<\/h2>\n<p>Secureus se r\u00e9serve le droit d&#039;apporter des modifications \u00e0 ces informations sur les donn\u00e9es personnelles. Les modifications sont \u00e9galement publi\u00e9es sur secureus.se.<\/p>\n<p>Derni\u00e8re mise \u00e0 jour de ces Informations : 2023-09-15<\/p>","protected":false},"excerpt":{"rendered":"<p>Allm\u00e4nt I samband med registrering och best\u00e4llning uppger du dina personuppgifter; namn, adress, e-post och telefonnummer. Det inneb\u00e4r att du godk\u00e4nner att vi lagrar och anv\u00e4nder dina uppgifter i v\u00e5r<\/p>","protected":false},"author":1,"featured_media":0,"parent":0,"menu_order":0,"comment_status":"closed","ping_status":"closed","template":"","meta":{"_acf_changed":false,"footnotes":""},"class_list":["post-83144","page","type-page","status-publish","hentry"],"acf":[],"_links":{"self":[{"href":"https:\/\/secureus.se\/fr\/wp-json\/wp\/v2\/pages\/83144","targetHints":{"allow":["GET"]}}],"collection":[{"href":"https:\/\/secureus.se\/fr\/wp-json\/wp\/v2\/pages"}],"about":[{"href":"https:\/\/secureus.se\/fr\/wp-json\/wp\/v2\/types\/page"}],"author":[{"embeddable":true,"href":"https:\/\/secureus.se\/fr\/wp-json\/wp\/v2\/users\/1"}],"replies":[{"embeddable":true,"href":"https:\/\/secureus.se\/fr\/wp-json\/wp\/v2\/comments?post=83144"}],"version-history":[{"count":0,"href":"https:\/\/secureus.se\/fr\/wp-json\/wp\/v2\/pages\/83144\/revisions"}],"wp:attachment":[{"href":"https:\/\/secureus.se\/fr\/wp-json\/wp\/v2\/media?parent=83144"}],"curies":[{"name":"wp","href":"https:\/\/api.w.org\/{rel}","templated":true}]}}