{"id":92883,"date":"2024-06-17T14:31:40","date_gmt":"2024-06-17T12:31:40","guid":{"rendered":"https:\/\/secureus.se\/document-library\/"},"modified":"2024-10-25T16:07:14","modified_gmt":"2024-10-25T14:07:14","slug":"document-library","status":"publish","type":"page","link":"https:\/\/secureus.se\/fr\/document-library\/","title":{"rendered":"Biblioth\u00e8que de documents"},"content":{"rendered":"<div class=\"wpb-content-wrapper\"><div class=\"vc_row wpb_row vc_row-fluid\"><div class=\"wpb_column vc_column_container vc_col-sm-12\"><div class=\"vc_column-inner\"><div class=\"wpb_wrapper\">\n\t<div class=\"wpb_text_column wpb_content_element vc_custom_1729865054895\" >\n\t\t<div class=\"wpb_wrapper\">\n\t\t\t<h4 style=\"text-align: left;\"><strong>V\u00e4lkommen till dokumentbiblioteket <\/strong>\ud83d\udcc1<\/h4>\n<p>Secureus kan inte garantera att dokumenten \u00e4r den senaste uppdaterade versionen. F\u00f6r att s\u00e4kerst\u00e4lla att du anv\u00e4nder r\u00e4tt information f\u00f6r installation eller underh\u00e5ll, rekommenderar vi att du alltid kontrollerar med aktuell tillverkare. Vid fr\u00e5gor om specifika produkter, \u00e4r du v\u00e4lkommen att kontakta oss f\u00f6r vidare assistans. Om n\u00e5got blad saknas s\u00e5 kontakta g\u00e4rna oss, h\u00e4r kan du finna tekniska manualer, supportdokument &amp; produktblad.<\/p>\n\n\t\t<\/div>\n\t<\/div>\n<\/div><\/div><\/div><\/div><div class=\"vc_row wpb_row vc_row-fluid\"><div class=\"wpb_column vc_column_container vc_col-sm-12\"><div class=\"vc_column-inner\"><div class=\"wpb_wrapper\"><div class=\"vc_separator wpb_content_element vc_separator_align_center vc_sep_width_100 vc_sep_pos_align_center vc_separator_no_text vc_sep_color_grey vc_custom_1729864919820 wpb_content_element  vc_custom_1729864919820 wpb_content_element\" ><span class=\"vc_sep_holder vc_sep_holder_l\"><span class=\"vc_sep_line\"><\/span><\/span><span class=\"vc_sep_holder vc_sep_holder_r\"><span class=\"vc_sep_line\"><\/span><\/span>\n<\/div><\/div><\/div><\/div><\/div><div class=\"vc_row wpb_row vc_row-fluid\"><div class=\"wpb_column vc_column_container vc_col-sm-12\"><div class=\"vc_column-inner\"><div class=\"wpb_wrapper\">\n\t<div class=\"wpb_text_column wpb_content_element\" >\n\t\t<div class=\"wpb_wrapper\">\n\t\t\t<table id=\"dlp_5e5e2335aba5dc35_1\" class=\"posts-data-table\" width=\"100%\" data-config=\"{&quot;pageLength&quot;:8,&quot;pagingType&quot;:&quot;simple_numbers&quot;,&quot;serverSide&quot;:true,&quot;autoWidth&quot;:true,&quot;clickFilter&quot;:&quot;&quot;,&quot;stickyHeader&quot;:false,&quot;scrollOffset&quot;:15,&quot;resetButton&quot;:false,&quot;numOrder&quot;:false,&quot;lengthMenu&quot;:[8,25,50,100],&quot;columnDefs&quot;:[{&quot;className&quot;:&quot;col-link&quot;,&quot;targets&quot;:0,&quot;type&quot;:&quot;html&quot;},{&quot;className&quot;:&quot;col-image&quot;,&quot;targets&quot;:1,&quot;type&quot;:&quot;html&quot;},{&quot;className&quot;:&quot;col-title&quot;,&quot;targets&quot;:2,&quot;type&quot;:&quot;html&quot;},{&quot;className&quot;:&quot;col-doc_categories&quot;,&quot;targets&quot;:3,&quot;type&quot;:&quot;html&quot;},{&quot;className&quot;:&quot;col-content&quot;,&quot;targets&quot;:4,&quot;type&quot;:&quot;html&quot;}],&quot;responsive&quot;:{&quot;details&quot;:{&quot;display&quot;:&quot;child_row&quot;}},&quot;language&quot;:{&quot;info&quot;:&quot;_TOTAL_ documents&quot;,&quot;infoEmpty&quot;:&quot;0 documents&quot;,&quot;emptyTable&quot;:&quot;Aucun documents correspondant.&quot;,&quot;zeroRecords&quot;:&quot;Aucun documents correspondant.&quot;,&quot;totalsSingle&quot;:&quot;document&quot;,&quot;totalsPlural&quot;:&quot;documents&quot;},&quot;dom&quot;:&quot;&lt;\\&quot;posts-table-wrapper electro\\&quot;&lt;\\&quot;posts-table-above posts-table-controls\\&quot;f&gt;t&lt;\\&quot;posts-table-below posts-table-controls\\&quot;lip&gt;&gt;&quot;,&quot;multiDownloadButton&quot;:true,&quot;multiDownloadPosition&quot;:&quot;above&quot;,&quot;multiDownloadText&quot;:&quot;Ladda ner valda dokument&quot;}\" data-filters=\"{&quot;doc_categories&quot;:{&quot;taxonomy&quot;:&quot;doc_categories&quot;,&quot;heading&quot;:&quot;Kategorier&quot;,&quot;terms&quot;:[{&quot;name&quot;:&quot;Acre&quot;,&quot;slug&quot;:&quot;acre&quot;},{&quot;name&quot;:&quot;Ajax Systems&quot;,&quot;slug&quot;:&quot;ajax-systems&quot;},{&quot;name&quot;:&quot;Alarmtech&quot;,&quot;slug&quot;:&quot;alarmtech&quot;},{&quot;name&quot;:&quot;Apollo&quot;,&quot;slug&quot;:&quot;apollo&quot;},{&quot;name&quot;:&quot;ASC&quot;,&quot;slug&quot;:&quot;asc&quot;},{&quot;name&quot;:&quot;Assa Abloy&quot;,&quot;slug&quot;:&quot;assa-abloy&quot;},{&quot;name&quot;:&quot;Ateco&quot;,&quot;slug&quot;:&quot;ateco&quot;},{&quot;name&quot;:&quot;Batteribackup&quot;,&quot;slug&quot;:&quot;batteribackup&quot;},{&quot;name&quot;:&quot;Batterier&quot;,&quot;slug&quot;:&quot;batterier&quot;},{&quot;name&quot;:&quot;Bosch&quot;,&quot;slug&quot;:&quot;bosch&quot;},{&quot;name&quot;:&quot;Brandlarm Sirener&quot;,&quot;slug&quot;:&quot;brandlarm-sirener&quot;},{&quot;name&quot;:&quot;Brandsl\\u00e4ckare &amp;amp; Brandfiltar&quot;,&quot;slug&quot;:&quot;brandslackare-brandfiltar&quot;},{&quot;name&quot;:&quot;Cardpresso Software kortskrivare&quot;,&quot;slug&quot;:&quot;cardpresso-software-kortskrivare&quot;},{&quot;name&quot;:&quot;Centralenhet&quot;,&quot;slug&quot;:&quot;centralenhet&quot;},{&quot;name&quot;:&quot;Crawford&quot;,&quot;slug&quot;:&quot;crawford&quot;},{&quot;name&quot;:&quot;Detektorer&quot;,&quot;slug&quot;:&quot;detektorer&quot;},{&quot;name&quot;:&quot;Detektorer Tillbeh\\u00f6r&quot;,&quot;slug&quot;:&quot;detektorer-tillbehor&quot;},{&quot;name&quot;:&quot;DSC Detektorer&quot;,&quot;slug&quot;:&quot;dsc-detektorer&quot;},{&quot;name&quot;:&quot;DSC Larms\\u00e4ndare&quot;,&quot;slug&quot;:&quot;dsc-larmsandare&quot;},{&quot;name&quot;:&quot;DSC Neo&quot;,&quot;slug&quot;:&quot;dsc-neo&quot;},{&quot;name&quot;:&quot;DSC NEO Centralkort&quot;,&quot;slug&quot;:&quot;dsc-neo-centralkort&quot;},{&quot;name&quot;:&quot;DSC NEO Man\\u00f6verpanel&quot;,&quot;slug&quot;:&quot;dsc-neo-manoverpanel&quot;},{&quot;name&quot;:&quot;DSC NEO Till\\u00e4gskort&quot;,&quot;slug&quot;:&quot;dsc-neo-tillagskort&quot;},{&quot;name&quot;:&quot;DSC PowerG&quot;,&quot;slug&quot;:&quot;dsc-powerg&quot;},{&quot;name&quot;:&quot;DSC PowerSeries&quot;,&quot;slug&quot;:&quot;dsc-powerseries&quot;},{&quot;name&quot;:&quot;Eaton&quot;,&quot;slug&quot;:&quot;eaton&quot;},{&quot;name&quot;:&quot;Elektriska l\\u00e5s&quot;,&quot;slug&quot;:&quot;elektriska-las&quot;},{&quot;name&quot;:&quot;Entrust Kortskrivare&quot;,&quot;slug&quot;:&quot;entrust-kortskrivare&quot;},{&quot;name&quot;:&quot;Evolis Kortskrivare&quot;,&quot;slug&quot;:&quot;evolis-kortskrivare&quot;},{&quot;name&quot;:&quot;Fargo Kortskrivare&quot;,&quot;slug&quot;:&quot;fargo-kortskrivare&quot;},{&quot;name&quot;:&quot;F\\u00f6nsterbrom&quot;,&quot;slug&quot;:&quot;fonsterbrom&quot;},{&quot;name&quot;:&quot;Fulleon&quot;,&quot;slug&quot;:&quot;fulleon&quot;},{&quot;name&quot;:&quot;Glaskrossdetektorer&quot;,&quot;slug&quot;:&quot;glaskrossdetektorer&quot;},{&quot;name&quot;:&quot;H\\u00e5rddisk HDD 3.5\\&quot;&quot;,&quot;slug&quot;:&quot;harddisk-hdd-3-5&quot;},{&quot;name&quot;:&quot;Javelin Kortskrivare&quot;,&quot;slug&quot;:&quot;javelin-kortskrivare&quot;},{&quot;name&quot;:&quot;JCKontakter&quot;,&quot;slug&quot;:&quot;jckontakter&quot;},{&quot;name&quot;:&quot;Kamera IP kamera&quot;,&quot;slug&quot;:&quot;kamera-ip-kamera&quot;},{&quot;name&quot;:&quot;Kameradetektorer&quot;,&quot;slug&quot;:&quot;kameradetektorer&quot;},{&quot;name&quot;:&quot;Kapslingar&quot;,&quot;slug&quot;:&quot;kapslingar&quot;},{&quot;name&quot;:&quot;Kodl\\u00e5s Vanderbilt&quot;,&quot;slug&quot;:&quot;kodlas-vanderbilt&quot;},{&quot;name&quot;:&quot;Kopplingsboxar&quot;,&quot;slug&quot;:&quot;kopplingsboxar&quot;},{&quot;name&quot;:&quot;Larmknapp&quot;,&quot;slug&quot;:&quot;larmknapp&quot;},{&quot;name&quot;:&quot;Larms\\u00e4ndare Ip moduler&quot;,&quot;slug&quot;:&quot;larmsandare-ip-moduler&quot;},{&quot;name&quot;:&quot;Magicard Kortskrivare&quot;,&quot;slug&quot;:&quot;magicard-kortskrivare&quot;},{&quot;name&quot;:&quot;Magnetkontakter&quot;,&quot;slug&quot;:&quot;magnetkontakter&quot;},{&quot;name&quot;:&quot;Man\\u00f6verpanel&quot;,&quot;slug&quot;:&quot;manoverpanel&quot;},{&quot;name&quot;:&quot;Multidetektor Vatten Chock Magnet&quot;,&quot;slug&quot;:&quot;multidetektor-vatten-chock-magnet&quot;},{&quot;name&quot;:&quot;N\\u00e4tverkskabel tillbeh\\u00f6r&quot;,&quot;slug&quot;:&quot;natverkskabel-tillbehor&quot;},{&quot;name&quot;:&quot;Nexa&quot;,&quot;slug&quot;:&quot;nexa&quot;},{&quot;name&quot;:&quot;N\\u00f6d\\u00f6ppnare Panik D\\u00f6rrar&quot;,&quot;slug&quot;:&quot;nodoppnare-panik-dorrar&quot;},{&quot;name&quot;:&quot;Nookbox larm&quot;,&quot;slug&quot;:&quot;nookbox-larm&quot;},{&quot;name&quot;:&quot;Okategoriserat&quot;,&quot;slug&quot;:&quot;uncategorized&quot;},{&quot;name&quot;:&quot;\\u00d6ppnaknappar&quot;,&quot;slug&quot;:&quot;oppnaknappar&quot;},{&quot;name&quot;:&quot;Optex Detektorer&quot;,&quot;slug&quot;:&quot;optex-detektorer&quot;},{&quot;name&quot;:&quot;Optex D\\u00f6rrautomatik&quot;,&quot;slug&quot;:&quot;optex-dorrautomatik&quot;},{&quot;name&quot;:&quot;\\u00d6verfallsknappar&quot;,&quot;slug&quot;:&quot;overfallsknappar&quot;},{&quot;name&quot;:&quot;Pulsar&quot;,&quot;slug&quot;:&quot;pulsar&quot;},{&quot;name&quot;:&quot;Radiomottagare Fj\\u00e4rrkontroller&quot;,&quot;slug&quot;:&quot;radiomottagare-fjarrkontroller&quot;},{&quot;name&quot;:&quot;Reapeter&quot;,&quot;slug&quot;:&quot;reapeter&quot;},{&quot;name&quot;:&quot;Rel\\u00e4er Tidrel\\u00e4er&quot;,&quot;slug&quot;:&quot;relaer-tidrelaer&quot;},{&quot;name&quot;:&quot;RFID L\\u00e4sare&quot;,&quot;slug&quot;:&quot;rfid-lasare&quot;,&quot;children&quot;:[{&quot;name&quot;:&quot;Elatec&quot;,&quot;slug&quot;:&quot;elatec&quot;}]},{&quot;name&quot;:&quot;RFID Taggar&quot;,&quot;slug&quot;:&quot;rfid-taggar&quot;,&quot;children&quot;:[{&quot;name&quot;:&quot;Pluto&quot;,&quot;slug&quot;:&quot;pluto&quot;},{&quot;name&quot;:&quot;PVC&quot;,&quot;slug&quot;:&quot;pvc&quot;},{&quot;name&quot;:&quot;RFID Tagg ABS Plus&quot;,&quot;slug&quot;:&quot;rfid-tagg-abs-plus&quot;},{&quot;name&quot;:&quot;RFID Tagg ABS Pro&quot;,&quot;slug&quot;:&quot;rfid-tagg-abs-pro&quot;},{&quot;name&quot;:&quot;RFID Tagg Droppen&quot;,&quot;slug&quot;:&quot;rfid-tagg-droppen&quot;},{&quot;name&quot;:&quot;RFID Tagg Glasfiber&quot;,&quot;slug&quot;:&quot;rfid-tagg-glasfiber&quot;},{&quot;name&quot;:&quot;Saturnus&quot;,&quot;slug&quot;:&quot;saturnus&quot;}]},{&quot;name&quot;:&quot;Risco&quot;,&quot;slug&quot;:&quot;risco&quot;},{&quot;name&quot;:&quot;Robur&quot;,&quot;slug&quot;:&quot;robur&quot;},{&quot;name&quot;:&quot;R\\u00f6k V\\u00e4rmedetektorer&quot;,&quot;slug&quot;:&quot;rok-varmedetektorer&quot;},{&quot;name&quot;:&quot;R\\u00f6kdetektor testgas&quot;,&quot;slug&quot;:&quot;rokdetektor-testgas&quot;},{&quot;name&quot;:&quot;RWC&quot;,&quot;slug&quot;:&quot;rwc&quot;},{&quot;name&quot;:&quot;S\\u00e4kringsmodul&quot;,&quot;slug&quot;:&quot;sakringsmodul&quot;},{&quot;name&quot;:&quot;Satel&quot;,&quot;slug&quot;:&quot;satel&quot;},{&quot;name&quot;:&quot;Sirener&quot;,&quot;slug&quot;:&quot;sirener&quot;},{&quot;name&quot;:&quot;Software Programvara&quot;,&quot;slug&quot;:&quot;software-programvara&quot;},{&quot;name&quot;:&quot;Str\\u00f6momvandlare DC\\\/DC&quot;,&quot;slug&quot;:&quot;stromomvandlare-dc-dc&quot;},{&quot;name&quot;:&quot;Summer Indikering&quot;,&quot;slug&quot;:&quot;summer-indikering&quot;},{&quot;name&quot;:&quot;Swanson OR - Datask\\u00e5p&quot;,&quot;slug&quot;:&quot;swanson-or-dataskap&quot;},{&quot;name&quot;:&quot;Swiftpro Kortskrivare&quot;,&quot;slug&quot;:&quot;swiftpro-kortskrivare&quot;},{&quot;name&quot;:&quot;System Sensor&quot;,&quot;slug&quot;:&quot;system-sensor&quot;},{&quot;name&quot;:&quot;Temperaturdetektor&quot;,&quot;slug&quot;:&quot;temperaturdetektor&quot;},{&quot;name&quot;:&quot;Testfire R\\u00f6kdetektortestare&quot;,&quot;slug&quot;:&quot;testfire-rokdetektortestare&quot;},{&quot;name&quot;:&quot;Titth\\u00e5l D\\u00f6rr\\u00f6gon&quot;,&quot;slug&quot;:&quot;titthal-dorrogon&quot;},{&quot;name&quot;:&quot;UTC&quot;,&quot;slug&quot;:&quot;utc&quot;},{&quot;name&quot;:&quot;Vanderbilt&quot;,&quot;slug&quot;:&quot;vanderbilt&quot;},{&quot;name&quot;:&quot;V\\u00e4rmedetektor&quot;,&quot;slug&quot;:&quot;varmedetektor&quot;},{&quot;name&quot;:&quot;Veezoom&quot;,&quot;slug&quot;:&quot;veezoom&quot;},{&quot;name&quot;:&quot;Videx&quot;,&quot;slug&quot;:&quot;videx&quot;},{&quot;name&quot;:&quot;Vimpex&quot;,&quot;slug&quot;:&quot;vimpex&quot;},{&quot;name&quot;:&quot;Visonic&quot;,&quot;slug&quot;:&quot;visonic&quot;},{&quot;name&quot;:&quot;Visonic Centralenhet&quot;,&quot;slug&quot;:&quot;visonic-centralenhet&quot;},{&quot;name&quot;:&quot;Visonic Detektorer&quot;,&quot;slug&quot;:&quot;visonic-detektorer&quot;},{&quot;name&quot;:&quot;Visonic Detektorer Kamera&quot;,&quot;slug&quot;:&quot;visonic-detektorer-kamera&quot;},{&quot;name&quot;:&quot;Visonic Glaskrossdetektorer&quot;,&quot;slug&quot;:&quot;visonic-glaskrossdetektorer&quot;},{&quot;name&quot;:&quot;Visonic Larms\\u00e4ndare IP&quot;,&quot;slug&quot;:&quot;visonic-larmsandare-ip&quot;},{&quot;name&quot;:&quot;Visonic Magnetkontakter&quot;,&quot;slug&quot;:&quot;visonic-magnetkontakter&quot;},{&quot;name&quot;:&quot;Visonic Man\\u00f6verpanel&quot;,&quot;slug&quot;:&quot;visonic-manoverpanel&quot;},{&quot;name&quot;:&quot;Visonic \\u00d6verfall Panikknapp Fj\\u00e4rrkontroll&quot;,&quot;slug&quot;:&quot;visonic-overfall-panikknapp-fjarrkontroll&quot;},{&quot;name&quot;:&quot;Visonic Repeater&quot;,&quot;slug&quot;:&quot;visonic-repeater&quot;},{&quot;name&quot;:&quot;Visonic R\\u00f6kdetektorer&quot;,&quot;slug&quot;:&quot;visonic-rokdetektorer&quot;},{&quot;name&quot;:&quot;Visonic Siren&quot;,&quot;slug&quot;:&quot;visonic-siren&quot;},{&quot;name&quot;:&quot;Visonic Temperatur Vatten larm&quot;,&quot;slug&quot;:&quot;visonic-temperatur-vatten-larm&quot;},{&quot;name&quot;:&quot;Visonic Vibrationsdetektorer&quot;,&quot;slug&quot;:&quot;visonic-vibrationsdetektorer&quot;},{&quot;name&quot;:&quot;Winland temperatur&quot;,&quot;slug&quot;:&quot;winland-temperatur&quot;},{&quot;name&quot;:&quot;Zebra Kortskrivare&quot;,&quot;slug&quot;:&quot;zebra-kortskrivare&quot;}],&quot;searchColumn&quot;:&quot;hf_doc_categories&quot;},&quot;doc_tags&quot;:{&quot;taxonomy&quot;:&quot;doc_tags&quot;,&quot;heading&quot;:&quot;Taggar&quot;,&quot;terms&quot;:[{&quot;name&quot;:&quot;J\\u00e4mf\\u00f6relse Dokument&quot;,&quot;slug&quot;:&quot;jamforelse-dokument&quot;},{&quot;name&quot;:&quot;R\\u00f6relse och Kamera&quot;,&quot;slug&quot;:&quot;rorelse-och-kamera&quot;}],&quot;searchColumn&quot;:&quot;hf_doc_tags&quot;}}\" data-order='[[2, \"asc\"]]'><thead><tr><th class=\"all\" data-name=\"link\" data-orderable=\"false\" data-searchable=\"false\" data-priority=\"10\" data-data=\"link\">L\u00e4nk<\/th><th data-name=\"image\" data-orderable=\"false\" data-searchable=\"false\" data-width=\"70px\" data-priority=\"2\" data-data=\"image\">Bild<\/th><th data-name=\"title\" data-orderable=\"true\" data-searchable=\"true\" data-priority=\"1\" data-data=\"title\">Titel<\/th><th data-name=\"doc_categories\" data-orderable=\"false\" data-searchable=\"true\" data-priority=\"6\" data-data=\"doc_categories\">Kategorier<\/th><th data-name=\"content\" data-orderable=\"false\" data-searchable=\"true\" data-priority=\"8\" data-data=\"content\">Inneh\u00e5ll<\/th><th data-name=\"hf_doc_categories\" data-tax=\"doc_categories\" data-searchable=\"true\" data-visible=\"false\" data-data=\"hf:doc_categories\">hf:doc_categories<\/th><th data-name=\"hf_doc_tags\" data-tax=\"doc_tags\" data-searchable=\"true\" data-visible=\"false\" data-data=\"hf:doc_tags\">hf:doc_tags<\/th><\/tr><\/thead><\/table>\t\t<div id=\"modal_dlp_5e5e2335aba5dc35_1\" class=\"dlp-preview-modal\" aria-hidden=\"true\">\n\t\t\t<div class=\"dlp-preview-modal-overlay\" tabindex=\"-1\" data-dlp-preview-close=\"#modal_dlp_5e5e2335aba5dc35_1\">\n\t\t\t\t<a class=\"dlp-preview-modal-close\" data-dlp-preview-close=\"#modal_dlp_5e5e2335aba5dc35_1\">\n\t\t\t\t\t<div class=\"dlp-icon close\"><svg xmlns=\"http:\/\/www.w3.org\/2000\/svg\" viewBox=\"0 0 24 24\" aria-label=\"Close\"><path fill=\"currentColor\" d=\"M19 6.41L17.59 5 12 10.59 6.41 5 5 6.41 10.59 12 5 17.59 6.41 19 12 13.41 17.59 19 19 17.59 13.41 12z\" \/><path d=\"M0 0h24v24H0z\" fill=\"none\" \/><\/svg><\/div>\t\t\t\t<\/a>\n\n\t\t\t\t<div class=\"dlp-preview-modal-container\" role=\"dialog\" aria-modal=\"true\" aria-labelledby=\"dlp-preview-modal-title\">\n\t\t\t\t\t<main class=\"dlp-preview-modal-content\"><\/main>\n\t\t\t\t\t<footer class=\"dlp-preview-modal-footer\"><\/footer>\n\t\t\t\t<\/div>\n\t\t\t<\/div>\n\t\t<\/div>\n\t\t\n\n\t\t<\/div>\n\t<\/div>\n<\/div><\/div><\/div><\/div>\n<\/div>","protected":false},"excerpt":{"rendered":"V\u00e4lkommen till dokumentbiblioteket \ud83d\udcc1 Secureus kan inte garantera att dokumenten \u00e4r den senaste uppdaterade versionen. F\u00f6r att s\u00e4kerst\u00e4lla att du anv\u00e4nder r\u00e4tt information f\u00f6r installation eller underh\u00e5ll, rekommenderar vi att","protected":false},"author":1,"featured_media":0,"parent":0,"menu_order":0,"comment_status":"closed","ping_status":"closed","template":"","meta":{"_acf_changed":false,"footnotes":""},"class_list":["post-92883","page","type-page","status-publish","hentry"],"acf":[],"_links":{"self":[{"href":"https:\/\/secureus.se\/fr\/wp-json\/wp\/v2\/pages\/92883","targetHints":{"allow":["GET"]}}],"collection":[{"href":"https:\/\/secureus.se\/fr\/wp-json\/wp\/v2\/pages"}],"about":[{"href":"https:\/\/secureus.se\/fr\/wp-json\/wp\/v2\/types\/page"}],"author":[{"embeddable":true,"href":"https:\/\/secureus.se\/fr\/wp-json\/wp\/v2\/users\/1"}],"replies":[{"embeddable":true,"href":"https:\/\/secureus.se\/fr\/wp-json\/wp\/v2\/comments?post=92883"}],"version-history":[{"count":0,"href":"https:\/\/secureus.se\/fr\/wp-json\/wp\/v2\/pages\/92883\/revisions"}],"wp:attachment":[{"href":"https:\/\/secureus.se\/fr\/wp-json\/wp\/v2\/media?parent=92883"}],"curies":[{"name":"wp","href":"https:\/\/api.w.org\/{rel}","templated":true}]}}