{"id":100037,"date":"2024-10-17T14:51:14","date_gmt":"2024-10-17T12:51:14","guid":{"rendered":"https:\/\/secureus.se\/armbagskontakt-jck209-abs-plast-jc-kontakter\/"},"modified":"2026-04-17T11:43:10","modified_gmt":"2026-04-17T09:43:10","slug":"armbagskontakt-jck209-abs-plast-jc-kontakter","status":"publish","type":"product","link":"https:\/\/secureus.se\/fr\/armbagskontakt-jck209-abs-plast-jc-kontakter\/","title":{"rendered":"Raccord coud\u00e9 \u2013 Plastique ABS \u2013 JCK209"},"content":{"rendered":"<h1 class=\"product_title entry-title elementor-heading-title elementor-size-default\">Raccord coud\u00e9 \u2013 Plastique ABS \u2013 JCK209<\/h1>\n<section>Le JCK209 est un connecteur coud\u00e9 durable avec une plaque de pression convexe et des rainures tactiles.<\/section>\n<section><\/section>\n<section>Les rainures permettent aux malvoyants de savoir plus facilement o\u00f9 appuyer pour activer l&#039;interrupteur au coude. Le mod\u00e8le est dot\u00e9 d&#039;un couvercle noir pour un contraste maximal avec le fond gris clair. Le JCK209 est livr\u00e9 avec 1 microswitch en IP67, mais peut \u00e9galement \u00eatre command\u00e9 avec plus.<\/p>\n<h3>Sp\u00e9cification technique<\/h3>\n<ul>\n<li>Fabriqu\u00e9 en Su\u00e8de.<\/li>\n<li>Mat\u00e9riau : plastique ABS recyclable.<\/li>\n<li>Dimensions l\/l\/h : 250x95x25 mm.<\/li>\n<li>Micro-interrupteur\u00a0:\u00a0Standard 1pc NON IP67. Peut \u00eatre command\u00e9 avec 2, ainsi qu&#039;avec NO\/NC.<\/li>\n<\/ul>\n<\/section>","protected":false},"excerpt":{"rendered":"<p>Dimensions du produit : 250 x 95 x 25 mm.<\/p>\n<p>Contact du coude avec plaque de pression convexe et rainures tactiles. Couvercle noir et cadre gris clair.<\/p>","protected":false},"featured_media":148630,"template":"","meta":{"_acf_changed":false},"product_brand":[],"product_cat":[1422,4705],"product_tag":[],"class_list":{"0":"post-100037","1":"product","2":"type-product","3":"status-publish","4":"has-post-thumbnail","6":"product_cat-armbagskontakter-dorrautomatik","7":"product_cat-abs-plast","8":"product_shipping_class-tunga-paket","9":"pa_brands-jc-kontakter","10":"tm-has-options","12":"first","13":"instock","14":"sale","15":"taxable","16":"shipping-taxable","17":"purchasable","18":"product-type-simple"},"acf":[],"_links":{"self":[{"href":"https:\/\/secureus.se\/fr\/wp-json\/wp\/v2\/product\/100037","targetHints":{"allow":["GET"]}}],"collection":[{"href":"https:\/\/secureus.se\/fr\/wp-json\/wp\/v2\/product"}],"about":[{"href":"https:\/\/secureus.se\/fr\/wp-json\/wp\/v2\/types\/product"}],"wp:featuredmedia":[{"embeddable":true,"href":"https:\/\/secureus.se\/fr\/wp-json\/wp\/v2\/media\/148630"}],"wp:attachment":[{"href":"https:\/\/secureus.se\/fr\/wp-json\/wp\/v2\/media?parent=100037"}],"wp:term":[{"taxonomy":"product_brand","embeddable":true,"href":"https:\/\/secureus.se\/fr\/wp-json\/wp\/v2\/product_brand?post=100037"},{"taxonomy":"product_cat","embeddable":true,"href":"https:\/\/secureus.se\/fr\/wp-json\/wp\/v2\/product_cat?post=100037"},{"taxonomy":"product_tag","embeddable":true,"href":"https:\/\/secureus.se\/fr\/wp-json\/wp\/v2\/product_tag?post=100037"}],"curies":[{"name":"wp","href":"https:\/\/api.w.org\/{rel}","templated":true}]}}