{"id":100322,"date":"2024-10-21T09:36:52","date_gmt":"2024-10-21T07:36:52","guid":{"rendered":"https:\/\/secureus.se\/?post_type=product&#038;p=100322"},"modified":"2026-04-15T16:11:00","modified_gmt":"2026-04-15T14:11:00","slug":"batteri-2-3-ah-agm-ackumulator","status":"publish","type":"product","link":"https:\/\/secureus.se\/fr\/batteri-2-3-ah-agm-ackumulator\/","title":{"rendered":"Batterie 12 V 2,3 Ah UPLUS 6-9 ans Version Pro"},"content":{"rendered":"<h1>Batterie 2,3 Ah UPLUS 6-9 ans - Id\u00e9ale pour une utilisation en int\u00e9rieur<\/h1>\n<p>Ce <strong>batterie 2,3 Ah<\/strong> est con\u00e7u pour les environnements int\u00e9rieurs de classe 1 avec une temp\u00e9rature ambiante comprise entre +5\u00b0C et +40\u00b0C. Pour optimiser la dur\u00e9e de vie de la batterie, une temp\u00e9rature de +15\u00b0C \u00e0 +25\u00b0C est recommand\u00e9e. Ce <strong>batterie 2,3 Ah<\/strong> ne n\u00e9cessite aucun entretien et utilise la technologie AGM, ce qui le rend fiable et facile \u00e0 manipuler.<\/p>\n<h3>Informations sur le produit :<\/h3>\n<ul>\n<li><strong>Type de batterie\u00a0:<\/strong> Batterie AGM 12 V sans entretien<\/li>\n<li><strong>Capacit\u00e9 \u00e0 20\u00b0C :<\/strong> 2,24 Ah<\/li>\n<li><strong>Tension de charge par cellule\u00a0:<\/strong> 13,65 VCC +\/- 0,2 V<\/li>\n<li><strong>Courant de charge maximum recommand\u00e9\u00a0:<\/strong> 0,69A<\/li>\n<li><strong>Autod\u00e9charge pendant le stockage\u00a0:<\/strong> 3 % de capacit\u00e9 par mois \u00e0 20\u00b0C<\/li>\n<li><strong>Esp\u00e9rance de vie:<\/strong> 9 ans \u00e0 20\u00b0C, 6 ans \u00e0 25\u00b0C et 3 ans \u00e0 30\u00b0C<\/li>\n<li><strong>Dimensions:<\/strong> 178x35x66mm<\/li>\n<li><strong>Poids:<\/strong> 1 kg<\/li>\n<\/ul>\n<p>Ce <strong>batterie 2,3 Ah<\/strong> est certifi\u00e9 CE et est conforme aux directives en vigueur telles que EMC 2014\/30EU et \u00e9mission EN61000-6. Avec une livraison rapide en seulement 2 jours et une garantie de 12 mois \u00e0 compter de la date de production, vous pouvez \u00eatre s\u00fbr de votre achat.<\/p>\n<p>La batterie est fournie avec des contacts \u00e0 broches plates de 4,8 mm.<\/p>","protected":false},"excerpt":{"rendered":"<p><strong>Batterie UPLUS 2.3 AGM 12V 6-9 ans de dur\u00e9e de vie<\/strong><\/p>\n<p>La batterie UPLUS USL12-2.3 AGM offre des performances \u00e9lev\u00e9es et une longue dur\u00e9e de vie pour les applications exigeantes. Avec une capacit\u00e9 de 2,3 Ah et la technologie AGM, cette batterie ne n\u00e9cessite aucun entretien et est fiable pour les applications industrielles.<\/p>","protected":false},"featured_media":135875,"template":"","meta":{"_acf_changed":false},"product_brand":[],"product_cat":[1596],"product_tag":[2179],"class_list":{"0":"post-100322","1":"product","2":"type-product","3":"status-publish","4":"has-post-thumbnail","6":"product_cat-ackumulatorer-12v-agm-batterier","7":"product_tag-batteri-1-6-ah-2","8":"product_shipping_class-tunga-paket","9":"pa_brands-uplus","10":"tm-no-options","12":"first","13":"instock","14":"sale","15":"featured","16":"taxable","17":"shipping-taxable","18":"purchasable","19":"product-type-simple"},"acf":[],"_links":{"self":[{"href":"https:\/\/secureus.se\/fr\/wp-json\/wp\/v2\/product\/100322","targetHints":{"allow":["GET"]}}],"collection":[{"href":"https:\/\/secureus.se\/fr\/wp-json\/wp\/v2\/product"}],"about":[{"href":"https:\/\/secureus.se\/fr\/wp-json\/wp\/v2\/types\/product"}],"wp:featuredmedia":[{"embeddable":true,"href":"https:\/\/secureus.se\/fr\/wp-json\/wp\/v2\/media\/135875"}],"wp:attachment":[{"href":"https:\/\/secureus.se\/fr\/wp-json\/wp\/v2\/media?parent=100322"}],"wp:term":[{"taxonomy":"product_brand","embeddable":true,"href":"https:\/\/secureus.se\/fr\/wp-json\/wp\/v2\/product_brand?post=100322"},{"taxonomy":"product_cat","embeddable":true,"href":"https:\/\/secureus.se\/fr\/wp-json\/wp\/v2\/product_cat?post=100322"},{"taxonomy":"product_tag","embeddable":true,"href":"https:\/\/secureus.se\/fr\/wp-json\/wp\/v2\/product_tag?post=100322"}],"curies":[{"name":"wp","href":"https:\/\/api.w.org\/{rel}","templated":true}]}}