{"id":101466,"date":"2024-10-21T12:39:32","date_gmt":"2024-10-21T10:39:32","guid":{"rendered":"https:\/\/secureus.se\/ajax-domecam-mini-8mp-2-8mm-lins-vit\/"},"modified":"2026-04-05T21:51:16","modified_gmt":"2026-04-05T19:51:16","slug":"ajax-domecam-mini-8mp-28mm-lins-vit","status":"publish","type":"product","link":"https:\/\/secureus.se\/fr\/ajax-domecam-mini-8mp-28mm-lins-vit\/","title":{"rendered":"Ajax DomeCam Mini 8MP \u2013 Objectif 2,8 mm Blanc"},"content":{"rendered":"<h3><strong>Ajax DomeCam Mini 8MP<\/strong> est une cam\u00e9ra de s\u00e9curit\u00e9 puissante et haute d\u00e9finition qui combine une technologie et une conception avanc\u00e9es pour fournir une surveillance fiable pour une utilisation int\u00e9rieure et ext\u00e9rieure.<\/h3>\n<p>\u00c9quip\u00e9e d&#039;une cam\u00e9ra UHD 8MP et d&#039;un objectif 2,8 mm, cette cam\u00e9ra est parfaite pour surveiller les entr\u00e9es, les cours et les zones ouvertes, vous assurant de ne jamais manquer un \u00e9v\u00e9nement important.<\/p>\n<p>L&#039;une des fonctionnalit\u00e9s les plus importantes de l&#039;Ajax DomeCam Mini est la reconnaissance d&#039;objets bas\u00e9e sur l&#039;IA.<\/p>\n<p>La cam\u00e9ra utilise l&#039;intelligence artificielle pour reconna\u00eetre les personnes, les v\u00e9hicules et les animaux domestiques, r\u00e9duisant ainsi le nombre de fausses alarmes.<\/p>\n<p>Cela le rend particuli\u00e8rement efficace dans les environnements o\u00f9 il peut y avoir beaucoup de mouvement, comme dans les cours, les jardins ou aux entr\u00e9es.<\/p>\n<p>En filtrant les mouvements non pertinents, la cam\u00e9ra peut envoyer un message lorsqu&#039;une menace r\u00e9elle pour la s\u00e9curit\u00e9 se produit, augmentant ainsi la s\u00e9curit\u00e9 et r\u00e9duisant les alarmes redondantes.<\/p>\n<p>L&#039;impressionnante r\u00e9solution de 8 MP (3\u00a0840 x 2\u00a0160) de la cam\u00e9ra et la prise en charge jusqu&#039;\u00e0 20 images par seconde fournissent des images cristallines et un aper\u00e7u d\u00e9taill\u00e9 de la zone surveill\u00e9e.<\/p>\n<p>Associ\u00e9e au grand angle de vision de 110\u00b0 et \u00e0 l&#039;objectif de 2,8 mm, la cam\u00e9ra offre une large couverture de votre zone et la rend id\u00e9ale pour capturer des d\u00e9tails m\u00eame dans de grands espaces ouverts.<\/p>\n<p>Qu&#039;il s&#039;agisse de surveiller une entr\u00e9e, un parking ou un grand jardin, vous pouvez vous attendre \u00e0 une image haute r\u00e9solution avec des d\u00e9tails qui vous permettent d&#039;identifier des personnes, des v\u00e9hicules ou d&#039;autres objets.<\/p>\n<p>Pour garantir que la cam\u00e9ra fonctionne de mani\u00e8re optimale dans toutes les conditions d&#039;\u00e9clairage, l&#039;Ajax DomeCam Mini a \u00e9t\u00e9 \u00e9quip\u00e9e des technologies True WDR et HDR, qui lui permettent de g\u00e9rer des conditions d&#039;\u00e9clairage difficiles telles qu&#039;un soleil \u00e9clatant ou des ombres profondes.<\/p>\n<p>Avec cette fonction, vous obtenez toujours une image \u00e9quilibr\u00e9e et claire, m\u00eame dans des conditions d&#039;\u00e9clairage extr\u00eames.<\/p>\n<p>Pour am\u00e9liorer encore la qualit\u00e9 de l&#039;image dans des conditions de faible luminosit\u00e9, la cam\u00e9ra dispose d&#039;un \u00e9clairage IR intelligent. L&#039;\u00e9clairage IR atteint jusqu&#039;\u00e0 15 m\u00e8tres et ajuste automatiquement la luminosit\u00e9 en fonction de l&#039;environnement, \u00e9vitant ainsi la surexposition et garantissant que les images sont toujours claires, m\u00eame dans l&#039;obscurit\u00e9.<\/p>\n<p>L&#039;Ajax DomeCam Mini prend \u00e9galement en charge l&#039;alimentation via Ethernet (PoE), ce qui rend l&#039;installation simple et fluide. En utilisant PoE, vous pouvez \u00e0 la fois alimenter et connecter la cam\u00e9ra \u00e0 votre r\u00e9seau avec un seul c\u00e2ble.<\/p>\n<p>Cela rend la cam\u00e9ra \u00e0 la fois \u00e9conomique et pratique \u00e0 installer dans les propri\u00e9t\u00e9s r\u00e9sidentielles et commerciales. Alternativement, la cam\u00e9ra peut \u00eatre connect\u00e9e \u00e0 une alimentation 12 V CC.<\/p>\n<p>La cam\u00e9ra est class\u00e9e IP65, ce qui la rend r\u00e9sistante aux intemp\u00e9ries et parfaite pour une utilisation int\u00e9rieure et ext\u00e9rieure. Qu&#039;elle soit expos\u00e9e \u00e0 la pluie, \u00e0 la neige ou au soleil, l&#039;Ajax DomeCam Mini fonctionne sans accroc et vous assure une surveillance fiable toute l&#039;ann\u00e9e.<\/p>\n<p>La construction m\u00e9tallique robuste le rend \u00e9galement r\u00e9sistant au vandalisme et le prot\u00e8ge des attaques physiques, ce qui le rend id\u00e9al pour une utilisation dans des environnements vuln\u00e9rables.<\/p>\n<p>Une autre caract\u00e9ristique importante de l&#039;Ajax DomeCam Mini est son microphone int\u00e9gr\u00e9. Cette fonction permet d&#039;enregistrer du mat\u00e9riel audio avec du mat\u00e9riel vid\u00e9o, ce qui ajoute une dimension suppl\u00e9mentaire \u00e0 la surveillance et contribue \u00e0 cr\u00e9er une image plus compl\u00e8te de ce qui se passe dans la zone.<\/p>\n<p>Pour le stockage, la cam\u00e9ra prend en charge les cartes microSD jusqu&#039;\u00e0 256 Go, offrant un espace de stockage local pour les s\u00e9quences vid\u00e9o.<\/p>\n<p>Alternativement, la cam\u00e9ra peut \u00eatre connect\u00e9e \u00e0 un NVR (Network Video Recorder) pour un stockage centralis\u00e9, et la prise en charge de disques durs jusqu&#039;\u00e0 16 To permet de stocker de grandes quantit\u00e9s de vid\u00e9o pour des syst\u00e8mes de surveillance plus importants.<\/p>\n<p>Pour garantir la s\u00e9curit\u00e9 et la confidentialit\u00e9 les plus \u00e9lev\u00e9es possibles, l&#039;Ajax DomeCam Mini est \u00e9quip\u00e9e du cryptage mTLS pour les flux vid\u00e9o et les donn\u00e9es. Cela prot\u00e8ge toutes les communications contre tout acc\u00e8s non autoris\u00e9 et garantit que toutes les informations sont s\u00e9curis\u00e9es.<\/p>\n<p>La cam\u00e9ra est \u00e9galement compatible avec l&#039;application Ajax Go, qui permet un acc\u00e8s et un contr\u00f4le \u00e0 distance faciles aux fonctions de la cam\u00e9ra.<\/p>\n<p>Avec l&#039;application, vous pouvez visualiser des flux vid\u00e9o en direct, prendre des captures d&#039;\u00e9cran, lire des s\u00e9quences pr\u00e9c\u00e9demment enregistr\u00e9es et ajuster les param\u00e8tres de la cam\u00e9ra, le tout depuis votre smartphone ou votre ordinateur.<\/p>\n<p>En conclusion, l&#039;Ajax DomeCam Mini 8MP offre une solution fiable, haute r\u00e9solution et r\u00e9sistante aux intemp\u00e9ries pour la surveillance int\u00e9rieure et ext\u00e9rieure.<\/p>\n<p>Avec des fonctionnalit\u00e9s telles que la reconnaissance d&#039;objets bas\u00e9e sur l&#039;IA, l&#039;\u00e9clairage IR intelligent, la prise en charge PoE et la vid\u00e9o de haute qualit\u00e9, il est parfait pour assurer la s\u00e9curit\u00e9 des propri\u00e9t\u00e9s priv\u00e9es et commerciales.<\/p>","protected":false},"excerpt":{"rendered":"<p>Ajax DomeCam Mini 8MP est une cam\u00e9ra de s\u00e9curit\u00e9 puissante et compacte qui offre une surveillance fiable \u00e0 l&#039;int\u00e9rieur comme \u00e0 l&#039;ext\u00e9rieur.<\/p>\n<p>\u00c9quip\u00e9e d&#039;une reconnaissance d&#039;objets bas\u00e9e sur l&#039;IA et d&#039;un grand angle de vision de 110\u00b0, la cam\u00e9ra offre des images 4K d&#039;une clart\u00e9 cristalline, m\u00eame dans des conditions de faible luminosit\u00e9.<\/p>\n<p>Il est r\u00e9sistant aux intemp\u00e9ries avec un indice IP65 et dispose d&#039;un \u00e9clairage IR intelligent pour une vigilance nocturne optimale.<\/p>\n<p>Parfait pour les maisons, les entreprises et les lieux publics.<\/p>","protected":false},"featured_media":151991,"template":"","meta":{"_acf_changed":false},"product_brand":[],"product_cat":[4011],"product_tag":[4863],"class_list":{"0":"post-101466","1":"product","2":"type-product","3":"status-publish","4":"has-post-thumbnail","6":"product_cat-ajax-kameror","7":"product_tag-pf","8":"pa_brands-ajax-systems","9":"pa_farg-vit","10":"tm-no-options","12":"first","13":"instock","14":"sale","15":"taxable","16":"shipping-taxable","17":"purchasable","18":"product-type-simple"},"acf":[],"_links":{"self":[{"href":"https:\/\/secureus.se\/fr\/wp-json\/wp\/v2\/product\/101466","targetHints":{"allow":["GET"]}}],"collection":[{"href":"https:\/\/secureus.se\/fr\/wp-json\/wp\/v2\/product"}],"about":[{"href":"https:\/\/secureus.se\/fr\/wp-json\/wp\/v2\/types\/product"}],"wp:featuredmedia":[{"embeddable":true,"href":"https:\/\/secureus.se\/fr\/wp-json\/wp\/v2\/media\/151991"}],"wp:attachment":[{"href":"https:\/\/secureus.se\/fr\/wp-json\/wp\/v2\/media?parent=101466"}],"wp:term":[{"taxonomy":"product_brand","embeddable":true,"href":"https:\/\/secureus.se\/fr\/wp-json\/wp\/v2\/product_brand?post=101466"},{"taxonomy":"product_cat","embeddable":true,"href":"https:\/\/secureus.se\/fr\/wp-json\/wp\/v2\/product_cat?post=101466"},{"taxonomy":"product_tag","embeddable":true,"href":"https:\/\/secureus.se\/fr\/wp-json\/wp\/v2\/product_tag?post=101466"}],"curies":[{"name":"wp","href":"https:\/\/api.w.org\/{rel}","templated":true}]}}