{"id":103549,"date":"2024-10-23T13:55:17","date_gmt":"2024-10-23T11:55:17","guid":{"rendered":"https:\/\/secureus.se\/larmdekal-premium-metallisk-look-sjalvhaftande-52x74mm\/"},"modified":"2026-04-10T23:12:35","modified_gmt":"2026-04-10T21:12:35","slug":"larmdekal-premium-metallisk-look-sjalvhaftande-52x74mm","status":"publish","type":"product","link":"https:\/\/secureus.se\/fr\/larmdekal-premium-metallisk-look-sjalvhaftande-52x74mm\/","title":{"rendered":"Autocollant d&#039;alarme Premium - Aspect M\u00e9tallique - Autocollant - 52x74mm (A8)"},"content":{"rendered":"<p>Avec notre autocollant d&#039;alarme haut de gamme au look m\u00e9tallique, vous pouvez prot\u00e9ger votre maison ou votre entreprise avec style et fonctionnalit\u00e9. Fabriqu\u00e9 \u00e0 partir d&#039;un mat\u00e9riau PET durable, cet autocollant autocollant offre une durabilit\u00e9 sup\u00e9rieure qui peut r\u00e9sister \u00e0 des temp\u00e9ratures et des conditions m\u00e9t\u00e9orologiques extr\u00eames. Le design clair et accrocheur agit comme un puissant moyen de dissuasion visuelle contre les tentatives d&#039;intrusion potentielles.<\/p>\n<p><strong>Caract\u00e9ristiques et avantages\u00a0:<\/strong><\/p>\n<ul>\n<li><strong>Mat\u00e9riau PET de haute qualit\u00e9<\/strong>: Con\u00e7u pour r\u00e9sister \u00e0 l\u2019usure, id\u00e9al pour une utilisation int\u00e9rieure et ext\u00e9rieure.<\/li>\n<li><strong>Aspect m\u00e9tallique haut de gamme<\/strong>: Fournit une apparence professionnelle et fiable qui renforce la s\u00e9curit\u00e9.<\/li>\n<li><strong>Support autocollant<\/strong>: Facile \u00e0 monter sur n&#039;importe quelle surface lisse telle que des portes, des fen\u00eatres ou des murs.<\/li>\n<li><strong>Un design clair et accrocheur<\/strong>: Les symboles d&#039;alarme antivol, de surveillance par cam\u00e9ra et d&#039;action de garde fournissent un signal clair aux personnes non autoris\u00e9es.<\/li>\n<\/ul>\n<p><strong>Domaines d&#039;utilisation :<\/strong><\/p>\n<ul>\n<li><strong>Maison<\/strong>: Prot\u00e9gez la famille et les biens en appliquant l&#039;autocollant \u00e0 toutes les entr\u00e9es.<\/li>\n<li><strong>Entreprise<\/strong>: Am\u00e9liorez la s\u00e9curit\u00e9 de votre lieu de travail en marquant les entr\u00e9es critiques.<\/li>\n<li><strong>Commerces et entreprises<\/strong>: Assurez la s\u00e9curit\u00e9 des clients et du personnel gr\u00e2ce \u00e0 un \u00e9tiquetage clair des mesures de s\u00e9curit\u00e9.<\/li>\n<\/ul>\n<p><strong>Sp\u00e9cification technique :<\/strong><\/p>\n<ul>\n<li><strong>Mat\u00e9riel<\/strong>: PET (Polyester)<\/li>\n<li><strong>Mesure<\/strong>: 52x74mm<\/li>\n<li><strong>Conception<\/strong>: Aspect m\u00e9tallis\u00e9, autocollant<\/li>\n<\/ul>","protected":false},"excerpt":{"rendered":"<p>Cet autocollant d&#039;alarme d&#039;aspect m\u00e9tallique est con\u00e7u pour offrir une visibilit\u00e9 et une s\u00e9curit\u00e9 maximales aux entr\u00e9es importantes telles que les portes et les fen\u00eatres. Avec un mat\u00e9riau PET de haute qualit\u00e9, r\u00e9fl\u00e9chi et clairement visible.<\/p>","protected":false},"featured_media":134491,"template":"","meta":{"_acf_changed":false},"product_brand":[],"product_cat":[2727,1323],"product_tag":[3053],"class_list":{"0":"post-103549","1":"product","2":"type-product","3":"status-publish","4":"has-post-thumbnail","6":"product_cat-larmdekaler-skyltar","7":"product_cat-larmdekaler","8":"product_tag-nyhet","9":"product_shipping_class-dekaler-skyltar","10":"tm-no-options","12":"first","13":"instock","14":"featured","15":"taxable","16":"shipping-taxable","17":"purchasable","18":"product-type-simple"},"acf":[],"_links":{"self":[{"href":"https:\/\/secureus.se\/fr\/wp-json\/wp\/v2\/product\/103549","targetHints":{"allow":["GET"]}}],"collection":[{"href":"https:\/\/secureus.se\/fr\/wp-json\/wp\/v2\/product"}],"about":[{"href":"https:\/\/secureus.se\/fr\/wp-json\/wp\/v2\/types\/product"}],"wp:featuredmedia":[{"embeddable":true,"href":"https:\/\/secureus.se\/fr\/wp-json\/wp\/v2\/media\/134491"}],"wp:attachment":[{"href":"https:\/\/secureus.se\/fr\/wp-json\/wp\/v2\/media?parent=103549"}],"wp:term":[{"taxonomy":"product_brand","embeddable":true,"href":"https:\/\/secureus.se\/fr\/wp-json\/wp\/v2\/product_brand?post=103549"},{"taxonomy":"product_cat","embeddable":true,"href":"https:\/\/secureus.se\/fr\/wp-json\/wp\/v2\/product_cat?post=103549"},{"taxonomy":"product_tag","embeddable":true,"href":"https:\/\/secureus.se\/fr\/wp-json\/wp\/v2\/product_tag?post=103549"}],"curies":[{"name":"wp","href":"https:\/\/api.w.org\/{rel}","templated":true}]}}