{"id":107522,"date":"2024-11-04T14:55:49","date_gmt":"2024-11-04T13:55:49","guid":{"rendered":"https:\/\/secureus.se\/?post_type=product&#038;p=107522"},"modified":"2026-02-16T10:13:26","modified_gmt":"2026-02-16T09:13:26","slug":"dorrklocka-med-kamera-wifi-tuya-smart-app-rorelsedetektion-tvavagskommunikation","status":"publish","type":"product","link":"https:\/\/secureus.se\/fr\/dorrklocka-med-kamera-wifi-tuya-smart-app-rorelsedetektion-tvavagskommunikation\/","title":{"rendered":"Sonnette avec cam\u00e9ra \u2013 Wi-Fi, application Tuya Smart, d\u00e9tection de mouvement et communication bidirectionnelle"},"content":{"rendered":"<p>Notre sonnette avec cam\u00e9ra est la solution parfaite pour ceux qui recherchent une surveillance moderne et intelligente pour leur maison. Il est \u00e9quip\u00e9 d&#039;une haute r\u00e9solution pour une qualit\u00e9 d&#039;image claire et nette, quelle que soit l&#039;heure de la journ\u00e9e. La connexion WiFi et la compatibilit\u00e9 avec l&#039;application Tuya Smart vous permettent de connecter la sonnette directement \u00e0 votre smartphone, afin que vous sachiez toujours qui est \u00e0 la porte.<\/p>\n<p><strong>Si quelqu&#039;un sonne \u00e0 la porte, cela fonctionne en pratique comme ceci :<\/strong><\/p>\n<ul>\n<li>La sonnette elle-m\u00eame retentira (pour que le client sache qu&#039;elle sonne).<\/li>\n<li>La sonnette int\u00e9rieure (si elle est connect\u00e9e) sonnera \u00e9galement.<\/li>\n<li>Votre t\u00e9l\u00e9phone recevra une notification et sonnera, en fonction de vos param\u00e8tres.<\/li>\n<\/ul>\n<h4><strong>Caract\u00e9ristiques et avantages\u00a0:<\/strong><\/h4>\n<ul>\n<li><strong>Bon appareil photo<\/strong>: Obtenez des images claires et voyez chaque d\u00e9tail avec une vid\u00e9o haute d\u00e9finition.<\/li>\n<li><strong>Connexion Wi-Fi<\/strong>: Installation simple et connexion sans fil directement \u00e0 votre r\u00e9seau WiFi, sans avoir besoin de c\u00e2bles.<\/li>\n<li><strong>Application intelligente Tuya<\/strong>: G\u00e9rez et surveillez la sonnette de n&#039;importe o\u00f9 via l&#039;application conviviale Tuya, qui prend en charge la vid\u00e9o en temps r\u00e9el, les notifications push et bien plus encore.<\/li>\n<li><strong>D\u00e9tection de mouvement<\/strong>: D\u00e9tecte les mouvements et envoie des notifications instantan\u00e9es \u00e0 votre smartphone afin que vous soyez toujours au courant si quelqu&#039;un s&#039;approche de votre porte.<\/li>\n<li><strong>Communication bidirectionnelle<\/strong>: Parlez directement aux visiteurs gr\u00e2ce au microphone et au haut-parleur int\u00e9gr\u00e9s, parfaits pour g\u00e9rer les livraisons ou les visites lorsque vous n&#039;\u00eates pas chez vous.<\/li>\n<li><strong>Vision sombre<\/strong>: Voyez ce qui se passe m\u00eame la nuit, gr\u00e2ce \u00e0 l&#039;\u00e9clairage infrarouge qui s&#039;active automatiquement dans l&#039;obscurit\u00e9.<\/li>\n<li><strong>Grand angle<\/strong>: 120\u00b0<\/li>\n<li><strong>Batterie au lithium<\/strong>:Bonne autonomie avec 2 batteries 18650, 4400mA (Rechargeable avec c\u00e2ble Micro-USB inclus)<\/li>\n<\/ul>\n<h4><strong>Le paquet contient :<\/strong><\/h4>\n<p><span data-teams=\"true\">1x Sonnette avec cam\u00e9ra<br \/>\n<\/span><span data-teams=\"true\">1x Support de montage<br \/>\n1x Sachet avec vis et chevilles<br \/>\n<\/span><span data-teams=\"true\">1x autocollant de position<br \/>\n1x Manuel et guide d&#039;installation<br \/>\n1x c\u00e2ble USB<br \/>\n<\/span><span data-teams=\"true\">1x Sir\u00e8ne\/cloche int\u00e9rieure (se connecte via USB et son utilisation est enti\u00e8rement facultative, vous pouvez r\u00e9gler le son et choisir parmi diff\u00e9rentes sonneries)<\/span><\/p>\n<h4><strong>Domaines d&#039;utilisation :<\/strong><\/h4>\n<ul>\n<li><strong>Maison et Villa<\/strong>: Parfait pour les propri\u00e9taires qui souhaitent garder un \u0153il sur leur entr\u00e9e, m\u00eame lorsqu&#039;ils sont absents.<\/li>\n<li><strong>Appartements<\/strong>: Un choix intelligent pour accro\u00eetre la s\u00e9curit\u00e9 et pouvoir discuter facilement avec les visiteurs.<\/li>\n<li><strong>Petites entreprises et magasins<\/strong>: Une solution simple et efficace pour surveiller l&#039;entr\u00e9e et accueillir les clients ou g\u00e9rer les livraisons.<\/li>\n<\/ul>\n<h4><strong>Sp\u00e9cification technique :<\/strong><\/h4>\n<ul>\n<li><strong>R\u00e9solution<\/strong>:Flux principal\u00a0: 1024\u00a0\u00d7\u00a0720\/15\u00a0ips, Flux secondaire\u00a0: 640\u00a0\u00d7\u00a0360\/15\u00a0ips<\/li>\n<li><strong>Alimentation<\/strong>: Aliment\u00e9 par batterie (peut \u00eatre charg\u00e9)<\/li>\n<li><strong>Connexion<\/strong>: Wi-Fi (2,4 GHz)<\/li>\n<li><strong>Application<\/strong>: Tuya intelligent (iOS et Android)<\/li>\n<li><strong>D\u00e9tection de mouvement<\/strong>: Oui<\/li>\n<li><strong>Communication bidirectionnelle<\/strong>: Oui<\/li>\n<li><strong>Vision sombre<\/strong>: Oui, \u00e9clairage infrarouge<\/li>\n<li><strong>R\u00e9sistance \u00e0 la temp\u00e9rature<\/strong>: -20\u00b0C \u00e0 +50\u00b0C<\/li>\n<li><strong>R\u00e9sistance \u00e0 l&#039;eau<\/strong>:IP65<\/li>\n<li><strong>Grand angle<\/strong>: 120\u00b0<\/li>\n<\/ul>\n<h4><strong>Avantages de la compatibilit\u00e9 Tuya :<\/strong><\/h4>\n<p>\u00catre compatible avec l&#039;application Tuya Smart signifie que vous pouvez int\u00e9grer cette sonnette \u00e0 plusieurs autres appareils domestiques intelligents pour un syst\u00e8me de s\u00e9curit\u00e9 plus coh\u00e9rent. Contr\u00f4lez tout, des cam\u00e9ras aux alarmes, directement depuis votre smartphone et obtenez un aper\u00e7u complet de votre maison, o\u00f9 que vous soyez.<\/p>","protected":false},"excerpt":{"rendered":"<p>Offrez \u00e0 votre entr\u00e9e une s\u00e9curit\u00e9 accrue avec cette sonnette avec cam\u00e9ra. Avec une qualit\u00e9 d&#039;image \u00e9lev\u00e9e, une connexion WiFi et une application intelligente compatible Tuya, vous b\u00e9n\u00e9ficiez d&#039;un acc\u00e8s facile \u00e0 la vid\u00e9o en temps r\u00e9el et \u00e0 la communication bidirectionnelle directement sur votre t\u00e9l\u00e9phone mobile. La d\u00e9tection de mouvement int\u00e9gr\u00e9e et la vision nocturne vous permettent de vous sentir en s\u00e9curit\u00e9, de jour comme de nuit. Enti\u00e8rement sans abonnement !<\/p>","protected":false},"featured_media":133946,"template":"","meta":{"_acf_changed":false},"product_brand":[],"product_cat":[3228,1324,4180,4766,3371],"product_tag":[],"class_list":{"0":"post-107522","1":"product","2":"type-product","3":"status-publish","4":"has-post-thumbnail","6":"product_cat-dorrklockor","7":"product_cat-outlet","8":"product_cat-ringklocka-med-kamera","9":"product_cat-smart-dorrklocka","10":"product_cat-titthal-och-dorrogon","11":"pa_brands-securex","12":"tm-no-options","14":"first","15":"outofstock","16":"sale","17":"taxable","18":"shipping-taxable","19":"purchasable","20":"product-type-simple"},"acf":[],"_links":{"self":[{"href":"https:\/\/secureus.se\/fr\/wp-json\/wp\/v2\/product\/107522","targetHints":{"allow":["GET"]}}],"collection":[{"href":"https:\/\/secureus.se\/fr\/wp-json\/wp\/v2\/product"}],"about":[{"href":"https:\/\/secureus.se\/fr\/wp-json\/wp\/v2\/types\/product"}],"wp:featuredmedia":[{"embeddable":true,"href":"https:\/\/secureus.se\/fr\/wp-json\/wp\/v2\/media\/133946"}],"wp:attachment":[{"href":"https:\/\/secureus.se\/fr\/wp-json\/wp\/v2\/media?parent=107522"}],"wp:term":[{"taxonomy":"product_brand","embeddable":true,"href":"https:\/\/secureus.se\/fr\/wp-json\/wp\/v2\/product_brand?post=107522"},{"taxonomy":"product_cat","embeddable":true,"href":"https:\/\/secureus.se\/fr\/wp-json\/wp\/v2\/product_cat?post=107522"},{"taxonomy":"product_tag","embeddable":true,"href":"https:\/\/secureus.se\/fr\/wp-json\/wp\/v2\/product_tag?post=107522"}],"curies":[{"name":"wp","href":"https:\/\/api.w.org\/{rel}","templated":true}]}}