{"id":107533,"date":"2024-11-04T14:55:49","date_gmt":"2024-11-04T13:55:49","guid":{"rendered":"https:\/\/secureus.se\/?post_type=product&#038;p=107533"},"modified":"2026-01-06T21:07:10","modified_gmt":"2026-01-06T20:07:10","slug":"dorrklocka-med-kamera-tuya-smart","status":"publish","type":"product","link":"https:\/\/secureus.se\/fr\/dorrklocka-med-kamera-tuya-smart\/","title":{"rendered":"Sonnette avec cam\u00e9ra - WiFi Dual bande - Sans fil et batterie longue dur\u00e9e"},"content":{"rendered":"<p>Obtenez un contr\u00f4le total sur l&#039;entr\u00e9e de votre maison avec cette sonnette avec cam\u00e9ra, con\u00e7ue pour la surveillance et la s\u00e9curit\u00e9 intelligentes. Avec <strong>prise en charge du Wi-Fi double bande<\/strong> (2,4 Ghz\/5 Ghz), vous obtenez une connexion stable et rapide, parfaite pour les maisons disposant de plusieurs appareils r\u00e9seau. Cela garantit une connexion fiable sans interruption, m\u00eame dans les environnements r\u00e9seau intensifs.<\/p>\n<p><strong>Principales caract\u00e9ristiques et avantages\u00a0:<\/strong><\/p>\n<ul>\n<li><strong>Wi-Fi double bande (2,4G\/5G)\u00a0:<\/strong> Flexibilit\u00e9 de connexion aux r\u00e9seaux 2,4 GHz et 5 GHz pour une connexion plus rapide et plus stable.<\/li>\n<li><strong>Grand angle de vision de 155\u00b0 :<\/strong> Cette sonnette couvre une plus grande zone autour de la porte, offrant une vue plus large et une plus grande s\u00e9curit\u00e9.<\/li>\n<li><strong>Longue dur\u00e9e de vie de la batterie\u00a0:<\/strong> Avec deux batteries 21700, vous b\u00e9n\u00e9ficiez jusqu&#039;\u00e0 8 mois d&#039;autonomie en veille, r\u00e9duisant ainsi le besoin de recharges fr\u00e9quentes.<\/li>\n<li><strong>R\u00e9sistance \u00e0 la temp\u00e9rature\u00a0:<\/strong> R\u00e9siste aux conditions difficiles avec une plage de temp\u00e9rature de -20\u00b0C \u00e0 +50\u00b0C, id\u00e9ale pour les climats nordiques.<\/li>\n<li><strong>Sonnette int\u00e9rieure sans fil incluse\u00a0:<\/strong> Pour une audibilit\u00e9 ais\u00e9e \u00e0 l&#039;int\u00e9rieur, ce qui signifie que vous ne manquerez aucun visiteur.<\/li>\n<\/ul>\n<p><strong>Utilisation et fonctionnalit\u00e9\u00a0:<\/strong><\/p>\n<p>Connectez la sonnette \u00e0 l&#039;application Tuya pour recevoir du streaming vid\u00e9o et des notifications directement sur votre smartphone. Vous pouvez r\u00e9pondre aux visiteurs et voir qui est \u00e0 la porte en temps r\u00e9el, m\u00eame lorsque vous n&#039;\u00eates pas chez vous. Avec des fonctionnalit\u00e9s de s\u00e9curit\u00e9 avanc\u00e9es et une technologie intelligente, c&#039;est la solution parfaite pour ceux qui souhaitent une surveillance facile et une entr\u00e9e s\u00e9curis\u00e9e.<\/p>\n<p><strong>Sp\u00e9cifications techniques\u00a0:<\/strong><\/p>\n<ul>\n<li><strong>R\u00e9solution:<\/strong> Pleine HD 1080p<\/li>\n<li><strong>Champ de vision\u00a0:<\/strong> Angle de vision de 160\u00b0<\/li>\n<li><strong>Piles\u00a0:<\/strong> 2 piles 21700 (longue autonomie en veille)<\/li>\n<li><strong>Temp\u00e9rature:<\/strong> -20\u00b0C \u00e0 +50\u00b0C<\/li>\n<li><strong>\u00c9tanch\u00e9it\u00e9 :<\/strong> IP65 pour une utilisation ext\u00e9rieure durable<\/li>\n<li><strong>Wi-Fi\u00a0:<\/strong> Bi-bande (2,4G\/5G)<\/li>\n<li><strong>Comprend\u00a0:<\/strong> Sonnette int\u00e9rieure sans fil<\/li>\n<li><strong>Compatibilit\u00e9:<\/strong> Application Tuya Smart pour le contr\u00f4le \u00e0 distance et les notifications<\/li>\n<\/ul>","protected":false},"excerpt":{"rendered":"<p>Avec cette sonnette intelligente avec cam\u00e9ra, vous b\u00e9n\u00e9ficiez d&#039;un grand angle de vision, d&#039;une longue dur\u00e9e de vie de la batterie et d&#039;une installation facile via WiFi. \u00c9quip\u00e9e d&#039;une double bande 2,4G\/5GHz pour une connectivit\u00e9 optimale, c&#039;est une sonnette parfaite pour une utilisation int\u00e9rieure et ext\u00e9rieure. Connect\u00e9 via l&#039;application Tuya, il offre un acc\u00e8s instantan\u00e9 \u00e0 la vid\u00e9osurveillance en temps r\u00e9el et aux notifications intelligentes.<\/p>","protected":false},"featured_media":133952,"template":"","meta":{"_acf_changed":false},"product_brand":[],"product_cat":[3228,4180,4766,3371],"product_tag":[],"class_list":{"0":"post-107533","1":"product","2":"type-product","3":"status-publish","4":"has-post-thumbnail","6":"product_cat-dorrklockor","7":"product_cat-ringklocka-med-kamera","8":"product_cat-smart-dorrklocka","9":"product_cat-titthal-och-dorrogon","10":"pa_brands-securex","11":"tm-no-options","13":"first","14":"outofstock","15":"sale","16":"taxable","17":"shipping-taxable","18":"purchasable","19":"product-type-simple"},"acf":[],"_links":{"self":[{"href":"https:\/\/secureus.se\/fr\/wp-json\/wp\/v2\/product\/107533","targetHints":{"allow":["GET"]}}],"collection":[{"href":"https:\/\/secureus.se\/fr\/wp-json\/wp\/v2\/product"}],"about":[{"href":"https:\/\/secureus.se\/fr\/wp-json\/wp\/v2\/types\/product"}],"wp:featuredmedia":[{"embeddable":true,"href":"https:\/\/secureus.se\/fr\/wp-json\/wp\/v2\/media\/133952"}],"wp:attachment":[{"href":"https:\/\/secureus.se\/fr\/wp-json\/wp\/v2\/media?parent=107533"}],"wp:term":[{"taxonomy":"product_brand","embeddable":true,"href":"https:\/\/secureus.se\/fr\/wp-json\/wp\/v2\/product_brand?post=107533"},{"taxonomy":"product_cat","embeddable":true,"href":"https:\/\/secureus.se\/fr\/wp-json\/wp\/v2\/product_cat?post=107533"},{"taxonomy":"product_tag","embeddable":true,"href":"https:\/\/secureus.se\/fr\/wp-json\/wp\/v2\/product_tag?post=107533"}],"curies":[{"name":"wp","href":"https:\/\/api.w.org\/{rel}","templated":true}]}}