{"id":107545,"date":"2024-11-04T14:55:48","date_gmt":"2024-11-04T13:55:48","guid":{"rendered":"https:\/\/secureus.se\/?post_type=product&#038;p=107545"},"modified":"2026-04-07T14:02:14","modified_gmt":"2026-04-07T12:02:14","slug":"dorrklocka-med-kamera-smart-video-intercom-system-1080p-hd-med-tuya-stod","status":"publish","type":"product","link":"https:\/\/secureus.se\/fr\/dorrklocka-med-kamera-smart-video-intercom-system-1080p-hd-med-tuya-stod\/","title":{"rendered":"Sonnette avec cam\u00e9ra - 1080P HD - Tuya Smart App"},"content":{"rendered":"<p>Cette sonnette avec cam\u00e9ra intelligente allie commodit\u00e9 et s\u00e9curit\u00e9, parfaite pour les maisons et les petites entreprises. Avec une cam\u00e9ra HD 2MP et un grand angle de vision de 166\u00b0, il capture des images et des vid\u00e9os claires en haute r\u00e9solution. La sonnette est compatible avec <strong>Tuya intelligent<\/strong>application, qui permet la surveillance et le contr\u00f4le \u00e0 distance depuis le t\u00e9l\u00e9phone mobile. Voici quelques-unes des principales caract\u00e9ristiques\u00a0:<\/p>\n<h4><strong>Caract\u00e9ristiques et avantages<\/strong><\/h4>\n<ul>\n<li><strong>Cam\u00e9ra Full HD 1080P<\/strong>: Capturez des images nettes et claires gr\u00e2ce \u00e0 la r\u00e9solution 2,0MP FHD1080P, facilitant l&#039;identification des visiteurs.<\/li>\n<li><strong>D\u00e9tection de mouvement avec capteur PIR<\/strong>: D\u00e9tecte les mouvements devant la sonnette et envoie des notifications directement sur votre smartphone via l&#039;application Tuya.<\/li>\n<li><strong>Communication bidirectionnelle<\/strong>: Microphone et haut-parleur int\u00e9gr\u00e9s vous permettent de communiquer avec les visiteurs en temps r\u00e9el.<\/li>\n<li><strong>Longue dur\u00e9e de vie de la batterie<\/strong>: \u00c9quip\u00e9 d&#039;une batterie rechargeable 18650 pour une longue dur\u00e9e de fonctionnement et prend en charge la charge via panneau solaire ou USB.<\/li>\n<li><strong>Conception robuste<\/strong>: Con\u00e7u pour une utilisation en ext\u00e9rieur, il r\u00e9siste aux intemp\u00e9ries et peut r\u00e9sister aussi bien \u00e0 la pluie qu&#039;au soleil.<\/li>\n<li><strong>Stockage<\/strong>: Prend en charge jusqu&#039;\u00e0 64 Go de carte m\u00e9moire (MicroSD, vendue s\u00e9par\u00e9ment) et propose \u00e9galement le stockage cloud en option.<\/li>\n<li><strong>Grand angle<\/strong>: 166\u00b0<\/li>\n<\/ul>\n<h4><strong>Domaines d&#039;utilisation<\/strong><\/h4>\n<ul>\n<li><strong>Maisons et appartements<\/strong>: Parfait pour surveiller les entr\u00e9es, les portes d&#039;entr\u00e9e et recevoir des notifications lorsque quelqu&#039;un s&#039;approche.<\/li>\n<li><strong>Petite entreprise<\/strong>: Gardez un \u0153il sur l&#039;entr\u00e9e de votre entreprise pour plus de s\u00e9curit\u00e9, m\u00eame lorsque vous n&#039;y \u00eates pas.<\/li>\n<\/ul>\n<h4><strong>Sp\u00e9cifications techniques<\/strong><\/h4>\n<ul>\n<li><strong>R\u00e9solution vid\u00e9o<\/strong>: 1080P (2MP)<\/li>\n<li><strong>Angle de vision<\/strong>: 166\u00b0<\/li>\n<li><strong>Source d&#039;alimentation<\/strong>: Batterie rechargeable 18650<\/li>\n<li><strong>Connexion<\/strong>: Wi-Fi (2,4 GHz)<\/li>\n<li><strong>Application<\/strong>: Tuya intelligent (iOS\/Android)<\/li>\n<li><strong>Capacit\u00e9 m\u00e9moire<\/strong>: Carte MicroSD jusqu&#039;\u00e0 64 Go<\/li>\n<li><strong>Poids<\/strong>: 0,76 kg<\/li>\n<li><strong>Taille du paquet<\/strong>: 35x25x15cm<\/li>\n<\/ul>","protected":false},"excerpt":{"rendered":"<p>Am\u00e9liorez la s\u00e9curit\u00e9 de votre maison avec cette sonnette \u00e0 cam\u00e9ra intelligente qui offre une vid\u00e9o HD 1080P, une d\u00e9tection de mouvement et un audio bidirectionnel. Gr\u00e2ce \u00e0 la prise en charge de l&#039;application Tuya, vous pouvez facilement g\u00e9rer l&#039;appareil directement depuis votre mobile, ce qui facilite le suivi des visiteurs m\u00eame lorsque vous n&#039;\u00eates pas chez vous.<\/p>","protected":false},"featured_media":133965,"template":"","meta":{"_acf_changed":false},"product_brand":[],"product_cat":[5124,3228,5126,1324,4180,4766,3371],"product_tag":[],"class_list":{"0":"post-107545","1":"product","2":"type-product","3":"status-publish","4":"has-post-thumbnail","6":"product_cat-batteridrivna-overvakningskameror","7":"product_cat-dorrklockor","8":"product_cat-natverkskameror","9":"product_cat-outlet","10":"product_cat-ringklocka-med-kamera","11":"product_cat-smart-dorrklocka","12":"product_cat-titthal-och-dorrogon","13":"pa_brands-securex","14":"tm-no-options","16":"first","17":"instock","18":"sale","19":"taxable","20":"shipping-taxable","21":"purchasable","22":"product-type-simple"},"acf":[],"_links":{"self":[{"href":"https:\/\/secureus.se\/fr\/wp-json\/wp\/v2\/product\/107545","targetHints":{"allow":["GET"]}}],"collection":[{"href":"https:\/\/secureus.se\/fr\/wp-json\/wp\/v2\/product"}],"about":[{"href":"https:\/\/secureus.se\/fr\/wp-json\/wp\/v2\/types\/product"}],"wp:featuredmedia":[{"embeddable":true,"href":"https:\/\/secureus.se\/fr\/wp-json\/wp\/v2\/media\/133965"}],"wp:attachment":[{"href":"https:\/\/secureus.se\/fr\/wp-json\/wp\/v2\/media?parent=107545"}],"wp:term":[{"taxonomy":"product_brand","embeddable":true,"href":"https:\/\/secureus.se\/fr\/wp-json\/wp\/v2\/product_brand?post=107545"},{"taxonomy":"product_cat","embeddable":true,"href":"https:\/\/secureus.se\/fr\/wp-json\/wp\/v2\/product_cat?post=107545"},{"taxonomy":"product_tag","embeddable":true,"href":"https:\/\/secureus.se\/fr\/wp-json\/wp\/v2\/product_tag?post=107545"}],"curies":[{"name":"wp","href":"https:\/\/api.w.org\/{rel}","templated":true}]}}