{"id":108268,"date":"2024-11-06T14:55:39","date_gmt":"2024-11-06T13:55:39","guid":{"rendered":"https:\/\/secureus.se\/?post_type=product&#038;p=108268"},"modified":"2026-04-23T21:43:38","modified_gmt":"2026-04-23T19:43:38","slug":"ljuslist-20cm-led-lampa-rorelsesensor-garderobsbelysning","status":"publish","type":"product","link":"https:\/\/secureus.se\/fr\/ljuslist-20cm-led-lampa-rorelsesensor-garderobsbelysning\/","title":{"rendered":"Lampe LED \u00e0 bande lumineuse de 20 cm avec d\u00e9tecteur de mouvement \u2013 \u00c9clairage parfait pour garde-robe et \u00e9clairage d&#039;armoire."},"content":{"rendered":"<p>La lampe LED \u00e0 bande lumineuse 20 cm avec d\u00e9tecteur de mouvement est con\u00e7ue pour fournir un \u00e9clairage discret et efficace dans les armoires, placards et autres espaces difficiles d&#039;acc\u00e8s. Avec sa longueur compacte de 20 cm et son design fin, il se fond dans la plupart des environnements et prend un minimum de place.<\/p>\n<p><strong>Caract\u00e9ristiques et avantages\u00a0:<\/strong><\/p>\n<ul>\n<li><strong>Capteur de mouvement<\/strong>: S&#039;allume automatiquement lorsqu&#039;un mouvement est d\u00e9tect\u00e9 et s&#039;\u00e9teint apr\u00e8s un certain temps, \u00e9conomisant ainsi de l&#039;\u00e9nergie.<\/li>\n<li><strong>Technologie LED<\/strong>: Longue dur\u00e9e de vie et faible consommation d\u2019\u00e9nergie.<\/li>\n<li><strong>Facile \u00e0 installer<\/strong>: Equip\u00e9 d&#039;un montage magn\u00e9tique, ce qui facilite la fixation de la bande lumineuse sans vis ni c\u00e2bles.<\/li>\n<li><strong>Chargement USB<\/strong>: Rechargeable via USB, vous n&#039;avez donc pas besoin de changer les piles. Respectueux de l&#039;environnement.<\/li>\n<li><strong>Parfait pour l&#039;\u00e9clairage de garde-robe et l&#039;\u00e9clairage d&#039;armoire<\/strong>: Id\u00e9al pour les petits espaces o\u00f9 l&#039;\u00e9clairage est n\u00e9cessaire mais o\u00f9 les lampes ordinaires ne sont pas pratiques.<\/li>\n<\/ul>\n<p><strong>Sp\u00e9cifications techniques\u00a0:<\/strong><\/p>\n<ul>\n<li><strong>Longueur<\/strong>: 20CM<\/li>\n<li><strong>Distance de d\u00e9tection<\/strong>: Jusqu&#039;\u00e0 3 m\u00e8tres<\/li>\n<li><strong>Angle du capteur de mouvement<\/strong>: 120 degr\u00e9s<\/li>\n<li><strong>Couleur claire<\/strong>: Choisissez entre un \u00e9clairage chaud ou froid<\/li>\n<li><strong>Capacit\u00e9 de la batterie<\/strong>: 600mAh, dure jusqu&#039;\u00e0 30 jours avec une charge (en mode capteur)<\/li>\n<li><strong>Mat\u00e9riel<\/strong>: Aluminium + PC<\/li>\n<li><strong>Port de chargement<\/strong>: USB Type-C<\/li>\n<li><strong>Le forfait comprend :<\/strong> 1 bande lumineuse, 2 plaques de fixation magn\u00e9tiques, c\u00e2ble de chargement USB-C, manuel<\/li>\n<\/ul>\n<p>Avec cette bande lumineuse, vous pouvez facilement am\u00e9liorer l&#039;\u00e9clairage de vos armoires et placards et les rendre plus pratiques et \u00e9conomes en \u00e9nergie. Que vous recherchiez un \u00e9clairage d&#039;armoire ou que vous souhaitiez une lumi\u00e8re LED \u00e0 d\u00e9tecteur de mouvement pour d&#039;autres espaces sombres, cette bande lumineuse est le choix parfait.<\/p>","protected":false},"excerpt":{"rendered":"<p>Une bande lumineuse flexible et \u00e9conome en \u00e9nergie de 20 cm avec lumi\u00e8res LED et capteur de mouvement int\u00e9gr\u00e9. Parfait pour les armoires, les placards et autres espaces o\u00f9 un \u00e9clairage suppl\u00e9mentaire est n\u00e9cessaire. Il s&#039;allume automatiquement lorsqu&#039;un mouvement est d\u00e9tect\u00e9, ce qui le rend id\u00e9al pour les espaces sombres. Facile \u00e0 installer avec montage magn\u00e9tique et chargement USB.<\/p>","protected":false},"featured_media":134798,"template":"","meta":{"_acf_changed":false},"product_brand":[],"product_cat":[4181],"product_tag":[],"class_list":{"0":"post-108268","1":"product","2":"type-product","3":"status-publish","4":"has-post-thumbnail","6":"product_cat-belysning","7":"product_shipping_class-postnord-varubrev","8":"pa_brands-secureus","9":"tm-no-options","11":"first","12":"instock","13":"sale","14":"taxable","15":"shipping-taxable","16":"purchasable","17":"product-type-simple"},"acf":[],"_links":{"self":[{"href":"https:\/\/secureus.se\/fr\/wp-json\/wp\/v2\/product\/108268","targetHints":{"allow":["GET"]}}],"collection":[{"href":"https:\/\/secureus.se\/fr\/wp-json\/wp\/v2\/product"}],"about":[{"href":"https:\/\/secureus.se\/fr\/wp-json\/wp\/v2\/types\/product"}],"wp:featuredmedia":[{"embeddable":true,"href":"https:\/\/secureus.se\/fr\/wp-json\/wp\/v2\/media\/134798"}],"wp:attachment":[{"href":"https:\/\/secureus.se\/fr\/wp-json\/wp\/v2\/media?parent=108268"}],"wp:term":[{"taxonomy":"product_brand","embeddable":true,"href":"https:\/\/secureus.se\/fr\/wp-json\/wp\/v2\/product_brand?post=108268"},{"taxonomy":"product_cat","embeddable":true,"href":"https:\/\/secureus.se\/fr\/wp-json\/wp\/v2\/product_cat?post=108268"},{"taxonomy":"product_tag","embeddable":true,"href":"https:\/\/secureus.se\/fr\/wp-json\/wp\/v2\/product_tag?post=108268"}],"curies":[{"name":"wp","href":"https:\/\/api.w.org\/{rel}","templated":true}]}}