{"id":108818,"date":"2022-11-21T17:14:14","date_gmt":"2022-11-21T16:14:14","guid":{"rendered":"https:\/\/secureus.se\/powermaster-pm-360r-control-visonic\/"},"modified":"2026-04-23T13:33:08","modified_gmt":"2026-04-23T11:33:08","slug":"visonic-powermaster-360r-centralenhet-tradlos","status":"publish","type":"product","link":"https:\/\/secureus.se\/fr\/visonic-powermaster-360r-centralenhet-tradlos\/","title":{"rendered":"Unit\u00e9 centrale Visonic PowerMaster 360R - 4G, Wi-Fi et Ethernet"},"content":{"rendered":"<h3 data-start=\"771\" data-end=\"836\"><strong data-start=\"771\" data-end=\"834\">Visonic PowerMaster 360R \u2013 La solution de s\u00e9curit\u00e9 compl\u00e8te<\/strong><\/h3>\n<p data-start=\"838\" data-end=\"1096\">Le Visonic PowerMaster 360R est une unit\u00e9 centrale avanc\u00e9e qui combine <strong data-start=\"907\" data-end=\"937\">s\u00e9curit\u00e9 et domotique<\/strong> dans un syst\u00e8me unique.<br data-start=\"956\" data-end=\"959\" \/>Avec prise en charge int\u00e9gr\u00e9e pour <strong data-start=\"980\" data-end=\"1006\">4G, Wi-Fi et Ethernet<\/strong> Gr\u00e2ce \u00e0 la technologie PowerG, vous b\u00e9n\u00e9ficiez d&#039;une solution fiable et flexible pour la maison comme pour l&#039;entreprise.<\/p>\n<p data-start=\"1098\" data-end=\"1500\"><strong data-start=\"1100\" data-end=\"1120\">Int\u00e9gration compl\u00e8te<\/strong> \u2013 Prise en charge de plus de 120 appareils, notamment des cam\u00e9ras, des capteurs et des t\u00e9l\u00e9commandes.<br data-start=\"1198\" data-end=\"1201\" \/><strong data-start=\"1203\" data-end=\"1223\">Facile \u00e0 utiliser<\/strong> \u2013 \u00c9cran tactile et t\u00e9l\u00e9commande via application mobile.<br data-start=\"1266\" data-end=\"1269\" \/><strong data-start=\"1271\" data-end=\"1291\">La s\u00e9curit\u00e9 au centre des pr\u00e9occupations<\/strong> \u2013 Technologie PowerG avec cryptage AES-128 pour une s\u00e9curit\u00e9 maximale.<br data-start=\"1352\" data-end=\"1355\" \/><strong data-start=\"1357\" data-end=\"1375\">Domotique<\/strong> \u2013 compatible avec les appareils Z-Wave et la connexion Wi-Fi.<br data-start=\"1429\" data-end=\"1432\" \/><strong data-start=\"1434\" data-end=\"1452\">S\u00e9curit\u00e9 op\u00e9rationnelle<\/strong> \u2013 Sir\u00e8ne int\u00e9gr\u00e9e et batterie de secours de 12 heures.<\/p>\n<p data-start=\"1502\" data-end=\"1619\">Parfait pour les maisons et les petites et moyennes entreprises, le PowerMaster 360R offre une protection robuste et un contr\u00f4le sans faille.<\/p>\n<h4 data-start=\"1621\" data-end=\"1824\"><strong data-start=\"1621\" data-end=\"1655\">Compatibilit\u00e9 et mise \u00e0 niveau\u00a0:<\/strong><\/h4>\n<p data-start=\"1621\" data-end=\"1824\">Vous poss\u00e9dez d\u00e9j\u00e0 un PowerMaster 10 ou envisagez une mise \u00e0 niveau\u00a0? Le PowerMaster 360R est compatible avec tous les appareils sans fil. <strong data-start=\"1764\" data-end=\"1792\">Produits Visonic PowerG<\/strong>Ce qui facilite la transition. Attention\u00a0: il s\u2019agit d\u2019un commutateur su\u00e9dois et europ\u00e9en. Les appareils provenant du Royaume-Uni, des \u00c9tats-Unis ou d\u2019autres pays hors d\u2019Europe ne sont pas compatibles avec la version europ\u00e9enne.<\/p>\n<p>&nbsp;<\/p>","protected":false},"excerpt":{"rendered":"<p>Le Visonic PowerMaster 360R est un panneau de commande sans fil complet int\u00e9grant la 4G, le Wi-Fi et l&#039;Ethernet. Il combine s\u00e9curit\u00e9 avanc\u00e9e et domotique et est compatible avec plus de 120 appareils.<\/p>","protected":false},"featured_media":141330,"template":"","meta":{"_acf_changed":false},"product_brand":[],"product_cat":[3374],"product_tag":[2330],"class_list":{"0":"post-108818","1":"product","2":"type-product","3":"status-publish","4":"has-post-thumbnail","6":"product_cat-visonic-centralenhet-panel","7":"product_tag-visonic-manoverpanel","8":"product_shipping_class-tunga-paket","9":"pa_brands-5visonic","10":"tm-no-options","12":"first","13":"instock","14":"sale","15":"taxable","16":"shipping-taxable","17":"purchasable","18":"product-type-simple"},"acf":[],"_links":{"self":[{"href":"https:\/\/secureus.se\/fr\/wp-json\/wp\/v2\/product\/108818","targetHints":{"allow":["GET"]}}],"collection":[{"href":"https:\/\/secureus.se\/fr\/wp-json\/wp\/v2\/product"}],"about":[{"href":"https:\/\/secureus.se\/fr\/wp-json\/wp\/v2\/types\/product"}],"wp:featuredmedia":[{"embeddable":true,"href":"https:\/\/secureus.se\/fr\/wp-json\/wp\/v2\/media\/141330"}],"wp:attachment":[{"href":"https:\/\/secureus.se\/fr\/wp-json\/wp\/v2\/media?parent=108818"}],"wp:term":[{"taxonomy":"product_brand","embeddable":true,"href":"https:\/\/secureus.se\/fr\/wp-json\/wp\/v2\/product_brand?post=108818"},{"taxonomy":"product_cat","embeddable":true,"href":"https:\/\/secureus.se\/fr\/wp-json\/wp\/v2\/product_cat?post=108818"},{"taxonomy":"product_tag","embeddable":true,"href":"https:\/\/secureus.se\/fr\/wp-json\/wp\/v2\/product_tag?post=108818"}],"curies":[{"name":"wp","href":"https:\/\/api.w.org\/{rel}","templated":true}]}}