{"id":109207,"date":"2024-11-08T16:24:59","date_gmt":"2024-11-08T15:24:59","guid":{"rendered":"https:\/\/secureus.se\/?post_type=product&#038;p=109207"},"modified":"2026-04-08T15:31:28","modified_gmt":"2026-04-08T13:31:28","slug":"lashus-dl112-z-hoger","status":"publish","type":"product","link":"https:\/\/secureus.se\/fr\/lashus-dl112-z-hoger\/","title":{"rendered":"Bo\u00eetier de serrure DL112 Z Droite"},"content":{"rendered":"<p>\nBo\u00eetier de serrure pour portes int\u00e9rieures l\u00e9g\u00e8res. La construction est robuste et durable, pour une longue dur\u00e9e de vie.\u00a0<\/p>\n<div><\/div>\n<div><b>Propri\u00e9t\u00e9s:<\/b>\u00a0<\/div>\n<div>\n<ul>\n<li>Profondeur du mandrin : 45 mm\u00a0<\/li>\n<li>Profondeur de serrure : 76 mm\u00a0<\/li>\n<li>Poteau de verrouillage : 20 mm x 150 mm\u00a0<\/li>\n<\/ul>\n<div><\/div>\n<p><b>Fonction:<\/b>\u00a0<\/div>\n<div>\n<ul>\n<li>Serrure \u00e0 r\u00e8gle avec cl\u00e9 et fonction push.\u00a0<\/li>\n<li>Cl\u00e9 ou articles de toilette verrouill\u00e9s et en r\u00e8gle.\u00a0 <\/li>\n<li>La pression de la porte provoque une chute de pression.\u00a0<\/li>\n<li>Chute de pression r\u00e9versible.<\/li>\n<\/ul>\n<\/div>","protected":false},"excerpt":{"rendered":"<p>Bo\u00eetier de serrure pour portes int\u00e9rieures claires. La construction est robuste et durable, pour une longue dur\u00e9e de vie. Propri\u00e9t\u00e9s : Profondeur du mandrin : 45 mm Profondeur de la serrure : 76 mm Poteau de serrure : 20 mm x 150 mm Fonction : Serrure de r\u00e9gulation avec cl\u00e9 et<\/p>","protected":false},"featured_media":134762,"template":"","meta":{"_acf_changed":false},"product_brand":[],"product_cat":[2969],"product_tag":[4190,4102,4189],"class_list":{"0":"post-109207","1":"product","2":"type-product","3":"status-publish","4":"has-post-thumbnail","6":"product_cat-innerdorrlas","7":"product_tag-dorndjup-45mm","8":"product_tag-hoger","9":"product_tag-slutbleck-ingar-inte","10":"pa_brands-dormakaba","11":"tm-no-options","13":"first","14":"instock","15":"taxable","16":"shipping-taxable","17":"purchasable","18":"product-type-simple"},"acf":[],"_links":{"self":[{"href":"https:\/\/secureus.se\/fr\/wp-json\/wp\/v2\/product\/109207","targetHints":{"allow":["GET"]}}],"collection":[{"href":"https:\/\/secureus.se\/fr\/wp-json\/wp\/v2\/product"}],"about":[{"href":"https:\/\/secureus.se\/fr\/wp-json\/wp\/v2\/types\/product"}],"wp:featuredmedia":[{"embeddable":true,"href":"https:\/\/secureus.se\/fr\/wp-json\/wp\/v2\/media\/134762"}],"wp:attachment":[{"href":"https:\/\/secureus.se\/fr\/wp-json\/wp\/v2\/media?parent=109207"}],"wp:term":[{"taxonomy":"product_brand","embeddable":true,"href":"https:\/\/secureus.se\/fr\/wp-json\/wp\/v2\/product_brand?post=109207"},{"taxonomy":"product_cat","embeddable":true,"href":"https:\/\/secureus.se\/fr\/wp-json\/wp\/v2\/product_cat?post=109207"},{"taxonomy":"product_tag","embeddable":true,"href":"https:\/\/secureus.se\/fr\/wp-json\/wp\/v2\/product_tag?post=109207"}],"curies":[{"name":"wp","href":"https:\/\/api.w.org\/{rel}","templated":true}]}}