{"id":109210,"date":"2024-11-08T16:24:59","date_gmt":"2024-11-08T15:24:59","guid":{"rendered":"https:\/\/secureus.se\/lashus-414-z\/"},"modified":"2026-04-08T15:31:25","modified_gmt":"2026-04-08T13:31:25","slug":"lashus-414-z","status":"publish","type":"product","link":"https:\/\/secureus.se\/fr\/lashus-414-z\/","title":{"rendered":"Bo\u00eetier de serrure 414 Z"},"content":{"rendered":"<p>\nABLOY 414 est utilis\u00e9 pour les portes int\u00e9rieures ainsi que pour les portes de salles de bains et de toilettes dans les habitations priv\u00e9es et les bureaux. Utilis\u00e9 aussi bien dans la construction neuve que sur le march\u00e9 du remplacement.<br \/>\n<br \/>\n<b><br \/><\/b><\/p>\n<div><b>Propri\u00e9t\u00e9s:<\/b><\/p>\n<ul>\n<li>Profondeur du mandrin : 45 mm<\/li>\n<li>Dimensions du poteau de verrouillage : 20\u00d7150 mm<\/li>\n<li>Dimensions de d\u00e9coupe selon la norme su\u00e9doise SS 81 73 82<\/li>\n<li>Peut \u00eatre verrouill\u00e9 avec une cl\u00e9 ou un bouton de toilette et une cl\u00e9 anti-panique\/tournevis<\/li>\n<li>S&#039;adapte aux portes \u00e0 droite et \u00e0 gauche<\/li>\n<li>R\u00e9versible droite\/gauche en tirant et en tournant le piston \u00e0 180\u00b0<\/li>\n<li>Peut \u00eatre fourni avec des porte-cl\u00e9s ou des articles de toilette<\/li>\n<\/ul>\n<p><b>Le paquet contient<\/b><\/p>\n<ul>\n<li>1 pi\u00e8ce. maison \u00e9clusi\u00e8re.<\/li>\n<li>1 pi\u00e8ce. plaque d&#039;extr\u00e9mit\u00e9.<\/li>\n<li>1 pi\u00e8ce. cl\u00e9.<\/li>\n<li>4 pi\u00e8ces. vis.<\/li>\n<\/ul>\n<\/div>","protected":false},"excerpt":{"rendered":"<p>ABLOY 414 est utilis\u00e9 pour les portes int\u00e9rieures ainsi que pour les portes de salles de bains et de toilettes, tant dans les habitations priv\u00e9es que dans les bureaux. Utilis\u00e9 aussi bien dans la construction neuve que sur le march\u00e9 du remplacement. Propri\u00e9t\u00e9s : Profondeur du mandrin : 45 mm Dimensions du poteau de verrouillage : 20\u00d7150 mm Dimensions de l&#039;encastrement selon<\/p>","protected":false},"featured_media":134695,"template":"","meta":{"_acf_changed":false},"product_brand":[],"product_cat":[2969],"product_tag":[4190,4102,4191,4192,4099],"class_list":{"0":"post-109210","1":"product","2":"type-product","3":"status-publish","4":"has-post-thumbnail","6":"product_cat-innerdorrlas","7":"product_tag-dorndjup-45mm","8":"product_tag-hoger","9":"product_tag-lasstolpe-20x150mm","10":"product_tag-slutbleck-ingar","11":"product_tag-vanster","12":"pa_brands-abloy","13":"tm-no-options","15":"first","16":"instock","17":"sale","18":"taxable","19":"shipping-taxable","20":"purchasable","21":"product-type-simple"},"acf":[],"_links":{"self":[{"href":"https:\/\/secureus.se\/fr\/wp-json\/wp\/v2\/product\/109210","targetHints":{"allow":["GET"]}}],"collection":[{"href":"https:\/\/secureus.se\/fr\/wp-json\/wp\/v2\/product"}],"about":[{"href":"https:\/\/secureus.se\/fr\/wp-json\/wp\/v2\/types\/product"}],"wp:featuredmedia":[{"embeddable":true,"href":"https:\/\/secureus.se\/fr\/wp-json\/wp\/v2\/media\/134695"}],"wp:attachment":[{"href":"https:\/\/secureus.se\/fr\/wp-json\/wp\/v2\/media?parent=109210"}],"wp:term":[{"taxonomy":"product_brand","embeddable":true,"href":"https:\/\/secureus.se\/fr\/wp-json\/wp\/v2\/product_brand?post=109210"},{"taxonomy":"product_cat","embeddable":true,"href":"https:\/\/secureus.se\/fr\/wp-json\/wp\/v2\/product_cat?post=109210"},{"taxonomy":"product_tag","embeddable":true,"href":"https:\/\/secureus.se\/fr\/wp-json\/wp\/v2\/product_tag?post=109210"}],"curies":[{"name":"wp","href":"https:\/\/api.w.org\/{rel}","templated":true}]}}