{"id":109212,"date":"2024-11-08T16:24:59","date_gmt":"2024-11-08T15:24:59","guid":{"rendered":"https:\/\/secureus.se\/lashus-2016-galv\/"},"modified":"2026-04-08T15:31:18","modified_gmt":"2026-04-08T13:31:18","slug":"lashus-2016-galv","status":"publish","type":"product","link":"https:\/\/secureus.se\/fr\/lashus-2016-galv\/","title":{"rendered":"Maison \u00e9clusi\u00e8re 2016 Galv"},"content":{"rendered":"<p>\nABLOY 2016 est une serrure \u00e0 cylindre pour portes int\u00e9rieures du secteur des bureaux et du r\u00e9sidentiel, de la nouvelle construction et du march\u00e9 du remplacement.<\/p>\n<div><\/div>\n<div><b>Propri\u00e9t\u00e9s:<\/b><\/p>\n<ul>\n<li>Profondeur du mandrin : 45 mm<\/li>\n<li>Dimensions du poteau de verrouillage : 20\u00d7150 mm<\/li>\n<li>La r\u00e8gle droite a une saillie de 14 mm.<\/li>\n<li>Caisson r\u00e9versible pour portes battantes \u00e0 droite et \u00e0 gauche<\/li>\n<li>Dimensions de d\u00e9coupe selon la norme su\u00e9doise SS 81 73 82.<\/li>\n<li>Adapt\u00e9 pour cylindre scandinave.<\/li>\n<li>2016 fonctionne avec une cl\u00e9 de l&#039;ext\u00e9rieur et une cl\u00e9 ou un bouton de l&#039;int\u00e9rieur.<\/li>\n<\/ul>\n<\/div>\n<div><b>Fonction:<\/b><br \/>Fonctionne avec une cl\u00e9 de l&#039;ext\u00e9rieur et une cl\u00e9 ou un bouton de l&#039;int\u00e9rieur.<\/div>\n<div><\/div>\n<div><\/div>","protected":false},"excerpt":{"rendered":"<p>ABLOY 2016 est une serrure \u00e0 cylindre pour portes int\u00e9rieures du secteur des bureaux et du r\u00e9sidentiel, de la nouvelle construction et du march\u00e9 du remplacement. Caract\u00e9ristiques : Profondeur du mandrin : 45 mm Dimensions du poteau de verrouillage : 20\u00d7150 mm La r\u00e8gle droite a une saillie de 14<\/p>","protected":false},"featured_media":134907,"template":"","meta":{"_acf_changed":false},"product_brand":[],"product_cat":[2969],"product_tag":[4190,4102,4191,4189,4099],"class_list":{"0":"post-109212","1":"product","2":"type-product","3":"status-publish","4":"has-post-thumbnail","6":"product_cat-innerdorrlas","7":"product_tag-dorndjup-45mm","8":"product_tag-hoger","9":"product_tag-lasstolpe-20x150mm","10":"product_tag-slutbleck-ingar-inte","11":"product_tag-vanster","12":"pa_brands-abloy","13":"tm-no-options","15":"first","16":"instock","17":"sale","18":"taxable","19":"shipping-taxable","20":"purchasable","21":"product-type-simple"},"acf":[],"_links":{"self":[{"href":"https:\/\/secureus.se\/fr\/wp-json\/wp\/v2\/product\/109212","targetHints":{"allow":["GET"]}}],"collection":[{"href":"https:\/\/secureus.se\/fr\/wp-json\/wp\/v2\/product"}],"about":[{"href":"https:\/\/secureus.se\/fr\/wp-json\/wp\/v2\/types\/product"}],"wp:featuredmedia":[{"embeddable":true,"href":"https:\/\/secureus.se\/fr\/wp-json\/wp\/v2\/media\/134907"}],"wp:attachment":[{"href":"https:\/\/secureus.se\/fr\/wp-json\/wp\/v2\/media?parent=109212"}],"wp:term":[{"taxonomy":"product_brand","embeddable":true,"href":"https:\/\/secureus.se\/fr\/wp-json\/wp\/v2\/product_brand?post=109212"},{"taxonomy":"product_cat","embeddable":true,"href":"https:\/\/secureus.se\/fr\/wp-json\/wp\/v2\/product_cat?post=109212"},{"taxonomy":"product_tag","embeddable":true,"href":"https:\/\/secureus.se\/fr\/wp-json\/wp\/v2\/product_tag?post=109212"}],"curies":[{"name":"wp","href":"https:\/\/api.w.org\/{rel}","templated":true}]}}