{"id":109214,"date":"2024-11-08T16:24:59","date_gmt":"2024-11-08T15:24:59","guid":{"rendered":"https:\/\/secureus.se\/lashus-2014-med-nyckel-gra\/"},"modified":"2026-04-08T15:27:20","modified_gmt":"2026-04-08T13:27:20","slug":"lashus-2014-med-nyckel-gra","status":"publish","type":"product","link":"https:\/\/secureus.se\/fr\/lashus-2014-med-nyckel-gra\/","title":{"rendered":"Maison \u00e9clusi\u00e8re 2014 avec Key Grey"},"content":{"rendered":"<div>ABLOY 2014 est une serrure parfaitement adapt\u00e9e aux portes int\u00e9rieures ainsi qu&#039;aux portes de salles de bains et de toilettes, aussi bien chez les particuliers que dans les bureaux. 2014 est la serrure de porte int\u00e9rieure la plus courante et est utilis\u00e9e aussi bien dans les nouvelles constructions que pour le march\u00e9 du remplacement. Livr\u00e9 avec une cl\u00e9.<\/div>\n<div><\/div>\n<div><b>Propri\u00e9t\u00e9s:<\/b><\/div>\n<div>\n<ul>\n<li>Profondeur du mandrin : 45 mm<\/li>\n<li>Dimensions du poteau de verrouillage : 20\u00d7150 mm<\/li>\n<li>Peut \u00eatre verrouill\u00e9 avec une cl\u00e9 ou un bouton de toilette et une cl\u00e9 anti-panique\/tournevis.<\/li>\n<li>S&#039;adapte aux portes \u00e0 charni\u00e8res \u00e0 droite et \u00e0 gauche.<\/li>\n<li>R\u00e9versible droite\/gauche en tirant et en tournant le piston \u00e0 180\u00b0<\/li>\n<li>S&#039;adapte \u00e0 la plupart des portes int\u00e9rieures r\u00e9centes<\/li>\n<li>Dimensions de d\u00e9coupe selon la norme su\u00e9doise SS 81 73 82<\/li>\n<\/ul>\n<\/div>\n<div><\/div>","protected":false},"excerpt":{"rendered":"<p>ABLOY 2014 est une serrure parfaitement adapt\u00e9e aux portes int\u00e9rieures ainsi qu&#039;aux portes de salles de bains et de toilettes, aussi bien chez les particuliers que dans les bureaux. 2014 est la serrure de porte int\u00e9rieure la plus courante et est utilis\u00e9e \u00e0 la fois dans les nouvelles constructions et<\/p>","protected":false},"featured_media":134888,"template":"","meta":{"_acf_changed":false},"product_brand":[],"product_cat":[2969],"product_tag":[4190,4102,4191,4189,4099],"class_list":{"0":"post-109214","1":"product","2":"type-product","3":"status-publish","4":"has-post-thumbnail","6":"product_cat-innerdorrlas","7":"product_tag-dorndjup-45mm","8":"product_tag-hoger","9":"product_tag-lasstolpe-20x150mm","10":"product_tag-slutbleck-ingar-inte","11":"product_tag-vanster","12":"pa_brands-abloy","13":"tm-no-options","15":"first","16":"instock","17":"sale","18":"taxable","19":"shipping-taxable","20":"purchasable","21":"product-type-simple"},"acf":[],"_links":{"self":[{"href":"https:\/\/secureus.se\/fr\/wp-json\/wp\/v2\/product\/109214","targetHints":{"allow":["GET"]}}],"collection":[{"href":"https:\/\/secureus.se\/fr\/wp-json\/wp\/v2\/product"}],"about":[{"href":"https:\/\/secureus.se\/fr\/wp-json\/wp\/v2\/types\/product"}],"wp:featuredmedia":[{"embeddable":true,"href":"https:\/\/secureus.se\/fr\/wp-json\/wp\/v2\/media\/134888"}],"wp:attachment":[{"href":"https:\/\/secureus.se\/fr\/wp-json\/wp\/v2\/media?parent=109214"}],"wp:term":[{"taxonomy":"product_brand","embeddable":true,"href":"https:\/\/secureus.se\/fr\/wp-json\/wp\/v2\/product_brand?post=109214"},{"taxonomy":"product_cat","embeddable":true,"href":"https:\/\/secureus.se\/fr\/wp-json\/wp\/v2\/product_cat?post=109214"},{"taxonomy":"product_tag","embeddable":true,"href":"https:\/\/secureus.se\/fr\/wp-json\/wp\/v2\/product_tag?post=109214"}],"curies":[{"name":"wp","href":"https:\/\/api.w.org\/{rel}","templated":true}]}}