{"id":109218,"date":"2024-11-08T16:24:59","date_gmt":"2024-11-08T15:24:59","guid":{"rendered":"https:\/\/secureus.se\/lashus-4249-med-slutbleck-1-nyckel-gul-epoxy\/"},"modified":"2026-04-08T15:31:14","modified_gmt":"2026-04-08T13:31:14","slug":"lashus-4249-med-slutbleck-1-nyckel-gul-epoxy","status":"publish","type":"product","link":"https:\/\/secureus.se\/fr\/lashus-4249-med-slutbleck-1-nyckel-gul-epoxy\/","title":{"rendered":"Bo\u00eetier de serrure 4249 avec plaque d&#039;extr\u00e9mit\u00e9 1 cl\u00e9 \u00e9poxy jaune"},"content":{"rendered":"<p>\nL\u00e5shus 4249 est une serrure \u00e0 r\u00e8gle \u00e0 crochet pour portes coulissantes l\u00e9g\u00e8res et portes accord\u00e9on dans le secteur des bureaux et r\u00e9sidentiel dans les nouvelles constructions et le march\u00e9 du remplacement. Livr\u00e9 avec une cl\u00e9 et une plaque d&#039;extr\u00e9mit\u00e9 4662.<\/p>\n<div><\/div>\n<div><b>Propri\u00e9t\u00e9s:<\/b><\/p>\n<ul>\n<li>Profondeur du mandrin : 45 mm<\/li>\n<li>Dimensions du poteau de verrouillage : 20\u00d7150 mm<\/li>\n<li>Dimensions de d\u00e9coupe selon la norme su\u00e9doise SS 81 73 82<\/li>\n<li>Peut \u00eatre verrouill\u00e9 avec une cl\u00e9 ou un bouton de toilette et une cl\u00e9 anti-panique\/tournevis<\/li>\n<li>S&#039;adapte aux portes \u00e0 droite et \u00e0 gauche<\/li>\n<li>Convient entre autres aux accessoires de WC LH0341<\/li>\n<\/ul>\n<\/div>\n<div><b>Fonction:<\/b><\/p>\n<ul>\n<li>ABLOY 4249 fonctionne avec une cl\u00e9 de l&#039;int\u00e9rieur et de l&#039;ext\u00e9rieur, alternativement avec un bouton de l&#039;int\u00e9rieur et une cl\u00e9 anti-panique ou un tournevis de l&#039;ext\u00e9rieur.<\/li>\n<\/ul>\n<\/div>","protected":false},"excerpt":{"rendered":"<p>L\u00e5shus 4249 est une serrure \u00e0 r\u00e8gle \u00e0 crochet pour portes coulissantes l\u00e9g\u00e8res et portes accord\u00e9on dans le secteur des bureaux et r\u00e9sidentiel dans les nouvelles constructions et le march\u00e9 du remplacement. Livr\u00e9 avec une cl\u00e9 et une plaque d&#039;extr\u00e9mit\u00e9 4662. Caract\u00e9ristiques : Profondeur du mandrin : 45 mm Le poteau de verrouillage<\/p>","protected":false},"featured_media":134898,"template":"","meta":{"_acf_changed":false},"product_brand":[],"product_cat":[2969],"product_tag":[4190,4102,4191,4192,4099],"class_list":{"0":"post-109218","1":"product","2":"type-product","3":"status-publish","4":"has-post-thumbnail","6":"product_cat-innerdorrlas","7":"product_tag-dorndjup-45mm","8":"product_tag-hoger","9":"product_tag-lasstolpe-20x150mm","10":"product_tag-slutbleck-ingar","11":"product_tag-vanster","12":"pa_brands-abloy","13":"tm-no-options","15":"first","16":"instock","17":"taxable","18":"shipping-taxable","19":"purchasable","20":"product-type-simple"},"acf":[],"_links":{"self":[{"href":"https:\/\/secureus.se\/fr\/wp-json\/wp\/v2\/product\/109218","targetHints":{"allow":["GET"]}}],"collection":[{"href":"https:\/\/secureus.se\/fr\/wp-json\/wp\/v2\/product"}],"about":[{"href":"https:\/\/secureus.se\/fr\/wp-json\/wp\/v2\/types\/product"}],"wp:featuredmedia":[{"embeddable":true,"href":"https:\/\/secureus.se\/fr\/wp-json\/wp\/v2\/media\/134898"}],"wp:attachment":[{"href":"https:\/\/secureus.se\/fr\/wp-json\/wp\/v2\/media?parent=109218"}],"wp:term":[{"taxonomy":"product_brand","embeddable":true,"href":"https:\/\/secureus.se\/fr\/wp-json\/wp\/v2\/product_brand?post=109218"},{"taxonomy":"product_cat","embeddable":true,"href":"https:\/\/secureus.se\/fr\/wp-json\/wp\/v2\/product_cat?post=109218"},{"taxonomy":"product_tag","embeddable":true,"href":"https:\/\/secureus.se\/fr\/wp-json\/wp\/v2\/product_tag?post=109218"}],"curies":[{"name":"wp","href":"https:\/\/api.w.org\/{rel}","templated":true}]}}