{"id":109224,"date":"2024-11-08T16:24:59","date_gmt":"2024-11-08T15:24:59","guid":{"rendered":"https:\/\/secureus.se\/magnetlas-touch-gra-ral-7036\/"},"modified":"2026-03-25T15:33:54","modified_gmt":"2026-03-25T14:33:54","slug":"magnetlas-touch-gra-ral-7036","status":"publish","type":"product","link":"https:\/\/secureus.se\/fr\/magnetlas-touch-gra-ral-7036\/","title":{"rendered":"Serrure magn\u00e9tique Touch Gris RAL 7036"},"content":{"rendered":"<p>Serrure magn\u00e9tique sans contact brevet\u00e9e. La force de pr\u00e9hension peut \u00eatre ajust\u00e9e en fonction de l&#039;\u00e9cart entre la porte et le cadre \u00e0 l&#039;aide d&#039;une cl\u00e9 Allen de 2,5 mm. Avec L\u00e5shus Touch, il suffit de pousser ou de tirer pour ouvrir ou fermer la porte. Le poteau d\u00e9coratif et la plaque d&#039;extr\u00e9mit\u00e9 magn\u00e9tique assortis se trouvent sous l&#039;onglet Accessoires.<\/p>\n<p><b>Propri\u00e9t\u00e9s:<\/b><\/p>\n<ul>\n<li>Dimensions du poteau : 18\u00d7196 mm<\/li>\n<li>Profondeur de verrouillage 30 mm<\/li>\n<\/ul>","protected":false},"excerpt":{"rendered":"<p>Serrure magn\u00e9tique sans contact brevet\u00e9e. La force de pr\u00e9hension peut \u00eatre ajust\u00e9e en fonction de l&#039;\u00e9cart entre la porte et le cadre \u00e0 l&#039;aide d&#039;une cl\u00e9 Allen de 2,5 mm. Avec L\u00e5shus Touch, il vous suffit de pousser ou de tirer pour<\/p>","protected":false},"featured_media":135212,"template":"","meta":{"_acf_changed":false},"product_brand":[],"product_cat":[2969],"product_tag":[4102,4188,4189,4099],"class_list":{"0":"post-109224","1":"product","2":"type-product","3":"status-publish","4":"has-post-thumbnail","6":"product_cat-innerdorrlas","7":"product_tag-hoger","8":"product_tag-lasstolpe-18x196-mm","9":"product_tag-slutbleck-ingar-inte","10":"product_tag-vanster","11":"pa_brands-agb","12":"tm-no-options","14":"first","15":"outofstock","16":"sale","17":"taxable","18":"shipping-taxable","19":"purchasable","20":"product-type-simple"},"acf":[],"_links":{"self":[{"href":"https:\/\/secureus.se\/fr\/wp-json\/wp\/v2\/product\/109224","targetHints":{"allow":["GET"]}}],"collection":[{"href":"https:\/\/secureus.se\/fr\/wp-json\/wp\/v2\/product"}],"about":[{"href":"https:\/\/secureus.se\/fr\/wp-json\/wp\/v2\/types\/product"}],"wp:featuredmedia":[{"embeddable":true,"href":"https:\/\/secureus.se\/fr\/wp-json\/wp\/v2\/media\/135212"}],"wp:attachment":[{"href":"https:\/\/secureus.se\/fr\/wp-json\/wp\/v2\/media?parent=109224"}],"wp:term":[{"taxonomy":"product_brand","embeddable":true,"href":"https:\/\/secureus.se\/fr\/wp-json\/wp\/v2\/product_brand?post=109224"},{"taxonomy":"product_cat","embeddable":true,"href":"https:\/\/secureus.se\/fr\/wp-json\/wp\/v2\/product_cat?post=109224"},{"taxonomy":"product_tag","embeddable":true,"href":"https:\/\/secureus.se\/fr\/wp-json\/wp\/v2\/product_tag?post=109224"}],"curies":[{"name":"wp","href":"https:\/\/api.w.org\/{rel}","templated":true}]}}